
  
{"id":48644,"date":"2021-01-05T13:13:14","date_gmt":"2021-01-05T11:13:14","guid":{"rendered":"https:\/\/old.seacretehotels.com\/?page_id=48644\/"},"modified":"2021-01-27T16:43:55","modified_gmt":"2021-01-27T14:43:55","slug":"busines","status":"publish","type":"page","link":"https:\/\/old.seacretehotels.com\/de\/kianibeachresort\/busines\/","title":{"rendered":"Kiani Tagungen"},"content":{"rendered":"<h1>Kiani Beach Tagungen<\/h1>\n<p>Das Kiani Beach Resort bietet ein vollst\u00e4ndig und mit modernster Technologie ausgestattetes Konferenzzentrum f\u00fcr erfolgreiche Gesch\u00e4ftstreffen, Konferenzen oder Veranstaltungen. Egal, ob Sie an einer wichtigen Tagung teilnehmen, Teil einer gro\u00dfen Konferenz sind oder im Urlaub mit Ihrer Familie und Freunden eine pers\u00f6nliche Angelegenheit feiern m\u00f6chten, unser aufmerksames Personal wird Ihren W\u00fcnschen gerne entgegenkommen. Unsere Einrichtungen garantieren eine effiziente Geschwindigkeit mittels Glasfaser-Internet, damit jede Veranstaltung reibungslos verlaufen kann.<\/p>\n","protected":false},"excerpt":{"rendered":"<p>Kiani Beach Tagungen Das Kiani Beach Resort bietet ein vollst\u00e4ndig und mit modernster Technologie ausgestattetes Konferenzzentrum f\u00fcr erfolgreiche Gesch\u00e4ftstreffen, Konferenzen <\/p>\n","protected":false},"author":1,"featured_media":48646,"parent":48656,"menu_order":0,"comment_status":"closed","ping_status":"closed","template":"templates\/template--single.php","meta":[],"acf":[],"_links":{"self":[{"href":"https:\/\/old.seacretehotels.com\/de\/wp-json\/wp\/v2\/pages\/48644"}],"collection":[{"href":"https:\/\/old.seacretehotels.com\/de\/wp-json\/wp\/v2\/pages"}],"about":[{"href":"https:\/\/old.seacretehotels.com\/de\/wp-json\/wp\/v2\/types\/page"}],"author":[{"embeddable":true,"href":"https:\/\/old.seacretehotels.com\/de\/wp-json\/wp\/v2\/users\/1"}],"replies":[{"embeddable":true,"href":"https:\/\/old.seacretehotels.com\/de\/wp-json\/wp\/v2\/comments?post=48644"}],"version-history":[{"count":4,"href":"https:\/\/old.seacretehotels.com\/de\/wp-json\/wp\/v2\/pages\/48644\/revisions"}],"predecessor-version":[{"id":50727,"href":"https:\/\/old.seacretehotels.com\/de\/wp-json\/wp\/v2\/pages\/48644\/revisions\/50727"}],"up":[{"embeddable":true,"href":"https:\/\/old.seacretehotels.com\/de\/wp-json\/wp\/v2\/pages\/48656"}],"wp:featuredmedia":[{"embeddable":true,"href":"https:\/\/old.seacretehotels.com\/de\/wp-json\/wp\/v2\/media\/48646"}],"wp:attachment":[{"href":"https:\/\/old.seacretehotels.com\/de\/wp-json\/wp\/v2\/media?parent=48644"}],"curies":[{"name":"wp","href":"https:\/\/api.w.org\/{rel}","templated":true}]}}