
  
{"id":48641,"date":"2021-01-05T13:10:20","date_gmt":"2021-01-05T11:10:20","guid":{"rendered":"https:\/\/old.seacretehotels.com\/?page_id=48641\/"},"modified":"2022-11-02T10:31:16","modified_gmt":"2022-11-02T08:31:16","slug":"amenities","status":"publish","type":"page","link":"https:\/\/old.seacretehotels.com\/de\/kianibeachresort\/amenities\/","title":{"rendered":"Kiani Zimmerausstattung &#038; Annehmlichkeiten"},"content":{"rendered":"<h1>Kiani Beach Zimmerausstattung &amp; Annehmlichkeiten<\/h1>\n<p>Alle Zimmer des Kiani Beach Resorts sind wundersch\u00f6n gestaltet, um einen erholsamen Urlaub mit kretischer Herzlichkeit und luxuri\u00f6sen Details zu gew\u00e4hrleisten und garantieren einen Urlaub, der alle Erwartungen \u00fcbertrifft. Alle Zimmer sind ger\u00e4umig und stilvoll und verf\u00fcgen \u00fcber eine gro\u00dfe Auswahl an modernen Annehmlichkeiten und Komfort, darunter eine K\u00fcchenzeile mit K\u00fchlschrank, ein Badezimmer mit Badewanne oder Dusche, eine selbstregulierende Klimaanlage, einen Satellitenfernseher und eine kostenlose Wi-Fi-Internetverbindung. Um Ihren Aufenthalt noch angenehmer zu gestalten, \u00f6ffnen sich alle liebevoll eingerichteten Zimmer auf einen m\u00f6blierten Balkon oder eine Terrasse mit herrlichem Blick auf das Meer, die G\u00e4rten oder die Berge.<\/p>\n<h2><strong>Zimmerausstattung<\/strong><\/h2>\n<ul>\n<li>K\u00fcche oder K\u00fcchenzeile mit Wasserkocher<\/li>\n<li>K\u00fchlschrank<\/li>\n<li>L\u00fcftungsstrom ein\/aus<\/li>\n<li>Satellitenfernsehen<\/li>\n<li>Sicherheitsschlie\u00dffach<\/li>\n<li>Haartrockner<\/li>\n<li>Direkte Telefonleitung<\/li>\n<li>Kabel-Internetanschluss und WLAN<\/li>\n<li>Balkon oder Terrasse<\/li>\n<li>Badewanne oder Dusche<\/li>\n<\/ul>\n","protected":false},"excerpt":{"rendered":"<p>Kiani Beach Zimmerausstattung &amp; Annehmlichkeiten Alle Zimmer des Kiani Beach Resorts sind wundersch\u00f6n gestaltet, um einen erholsamen Urlaub mit kretischer <\/p>\n","protected":false},"author":1,"featured_media":47937,"parent":48656,"menu_order":0,"comment_status":"closed","ping_status":"closed","template":"templates\/template--single.php","meta":[],"acf":[],"_links":{"self":[{"href":"https:\/\/old.seacretehotels.com\/de\/wp-json\/wp\/v2\/pages\/48641"}],"collection":[{"href":"https:\/\/old.seacretehotels.com\/de\/wp-json\/wp\/v2\/pages"}],"about":[{"href":"https:\/\/old.seacretehotels.com\/de\/wp-json\/wp\/v2\/types\/page"}],"author":[{"embeddable":true,"href":"https:\/\/old.seacretehotels.com\/de\/wp-json\/wp\/v2\/users\/1"}],"replies":[{"embeddable":true,"href":"https:\/\/old.seacretehotels.com\/de\/wp-json\/wp\/v2\/comments?post=48641"}],"version-history":[{"count":6,"href":"https:\/\/old.seacretehotels.com\/de\/wp-json\/wp\/v2\/pages\/48641\/revisions"}],"predecessor-version":[{"id":81170,"href":"https:\/\/old.seacretehotels.com\/de\/wp-json\/wp\/v2\/pages\/48641\/revisions\/81170"}],"up":[{"embeddable":true,"href":"https:\/\/old.seacretehotels.com\/de\/wp-json\/wp\/v2\/pages\/48656"}],"wp:featuredmedia":[{"embeddable":true,"href":"https:\/\/old.seacretehotels.com\/de\/wp-json\/wp\/v2\/media\/47937"}],"wp:attachment":[{"href":"https:\/\/old.seacretehotels.com\/de\/wp-json\/wp\/v2\/media?parent=48641"}],"curies":[{"name":"wp","href":"https:\/\/api.w.org\/{rel}","templated":true}]}}