
  
{"id":48637,"date":"2021-01-05T13:07:20","date_gmt":"2021-01-05T11:07:20","guid":{"rendered":"https:\/\/old.seacretehotels.com\/?page_id=48637\/"},"modified":"2021-01-27T18:15:18","modified_gmt":"2021-01-27T16:15:18","slug":"recreation","status":"publish","type":"page","link":"https:\/\/old.seacretehotels.com\/de\/kianibeachresort\/recreation\/","title":{"rendered":"Kiani Freizeit"},"content":{"rendered":"<h1>Kiani Freizeit<\/h1>\n<p>Erleben Sie im Kiani Beach Resort einen Urlaub voller Spa\u00df, Vergn\u00fcgen und Erholung. Unser Hotel organisiert eine Reihe von spannenden Abendprogrammen, Shows und Live-Events f\u00fcr jeden Geschmack und Wunsch. Tanzen Sie zu den Kl\u00e4ngen von Latin, Funk, Soul, Jazz und traditioneller kretischer Musik, lernen Sie Bauchtanz, singen Sie Karaoke, testen Sie Ihr Wissen beim Quiz-Abend und lassen Sie sich von unseren Zauberk\u00fcnstlern verzaubern. Genie\u00dfen Sie das Meer in unserem Open-Air-Amphitheater oder auf der hoteleigenen Restaurantterrasse und f\u00fcllen Sie Ihre Tage mit Freude.<\/p>\n<h2>Shows &amp; Veranstaltungen<\/h2>\n<ul>\n<li>DJ-Abende<\/li>\n<li>Orientalische Show<\/li>\n<li>Magier Show<\/li>\n<li>Karaoke-Nacht<\/li>\n<li>Griechischer Nacht<\/li>\n<li>Live Musik<\/li>\n<li>Quiz-Nacht<\/li>\n<li>Saxofon-Nacht<\/li>\n<\/ul>\n","protected":false},"excerpt":{"rendered":"<p>Kiani Freizeit Erleben Sie im Kiani Beach Resort einen Urlaub voller Spa\u00df, Vergn\u00fcgen und Erholung. Unser Hotel organisiert eine Reihe <\/p>\n","protected":false},"author":1,"featured_media":48639,"parent":48656,"menu_order":0,"comment_status":"closed","ping_status":"closed","template":"templates\/template--single.php","meta":[],"acf":[],"_links":{"self":[{"href":"https:\/\/old.seacretehotels.com\/de\/wp-json\/wp\/v2\/pages\/48637"}],"collection":[{"href":"https:\/\/old.seacretehotels.com\/de\/wp-json\/wp\/v2\/pages"}],"about":[{"href":"https:\/\/old.seacretehotels.com\/de\/wp-json\/wp\/v2\/types\/page"}],"author":[{"embeddable":true,"href":"https:\/\/old.seacretehotels.com\/de\/wp-json\/wp\/v2\/users\/1"}],"replies":[{"embeddable":true,"href":"https:\/\/old.seacretehotels.com\/de\/wp-json\/wp\/v2\/comments?post=48637"}],"version-history":[{"count":4,"href":"https:\/\/old.seacretehotels.com\/de\/wp-json\/wp\/v2\/pages\/48637\/revisions"}],"predecessor-version":[{"id":50757,"href":"https:\/\/old.seacretehotels.com\/de\/wp-json\/wp\/v2\/pages\/48637\/revisions\/50757"}],"up":[{"embeddable":true,"href":"https:\/\/old.seacretehotels.com\/de\/wp-json\/wp\/v2\/pages\/48656"}],"wp:featuredmedia":[{"embeddable":true,"href":"https:\/\/old.seacretehotels.com\/de\/wp-json\/wp\/v2\/media\/48639"}],"wp:attachment":[{"href":"https:\/\/old.seacretehotels.com\/de\/wp-json\/wp\/v2\/media?parent=48637"}],"curies":[{"name":"wp","href":"https:\/\/api.w.org\/{rel}","templated":true}]}}