
  
{"id":48632,"date":"2021-01-05T13:04:45","date_gmt":"2021-01-05T11:04:45","guid":{"rendered":"https:\/\/old.seacretehotels.com\/?page_id=48632\/"},"modified":"2022-11-02T10:23:59","modified_gmt":"2022-11-02T08:23:59","slug":"gym","status":"publish","type":"page","link":"https:\/\/old.seacretehotels.com\/de\/kianibeachresort\/gym\/","title":{"rendered":"Kiani Fitnessstudio &#038; Dampfbad"},"content":{"rendered":"<h1>Fitnessstudio &amp; Dampfbad<\/h1>\n<p>Unser Hotel bietet seinen G\u00e4sten die M\u00f6glichkeit, ihre sportliche Routine beizubehalten oder sich im Urlaub in einem Dampfbad zu entspannen. Genie\u00dfen Sie ein belebendes Training in unserem gut ausgestatteten Fitnessraum oder entspannen Sie Ihre Sinne mit einem Dampfbad in unserem Hamam-Raum.<\/p>\n<h2><strong>Fitnessstudio<\/strong><\/h2>\n<p>Freier Zugang<\/p>\n<h2><strong>Hamam<\/strong><\/h2>\n<p>Dies ist ein Dampfbad, das Wunder bewirkt, um die Haut weicher zu machen, den Geist zu entspannen und die Poren f\u00fcr ein tiefes Reinigungserlebnis zu \u00f6ffnen<\/p>\n","protected":false},"excerpt":{"rendered":"<p>Fitnessstudio &amp; Dampfbad Unser Hotel bietet seinen G\u00e4sten die M\u00f6glichkeit, ihre sportliche Routine beizubehalten oder sich im Urlaub in einem <\/p>\n","protected":false},"author":1,"featured_media":48634,"parent":48656,"menu_order":0,"comment_status":"closed","ping_status":"closed","template":"templates\/template--single.php","meta":[],"acf":[],"_links":{"self":[{"href":"https:\/\/old.seacretehotels.com\/de\/wp-json\/wp\/v2\/pages\/48632"}],"collection":[{"href":"https:\/\/old.seacretehotels.com\/de\/wp-json\/wp\/v2\/pages"}],"about":[{"href":"https:\/\/old.seacretehotels.com\/de\/wp-json\/wp\/v2\/types\/page"}],"author":[{"embeddable":true,"href":"https:\/\/old.seacretehotels.com\/de\/wp-json\/wp\/v2\/users\/1"}],"replies":[{"embeddable":true,"href":"https:\/\/old.seacretehotels.com\/de\/wp-json\/wp\/v2\/comments?post=48632"}],"version-history":[{"count":5,"href":"https:\/\/old.seacretehotels.com\/de\/wp-json\/wp\/v2\/pages\/48632\/revisions"}],"predecessor-version":[{"id":81164,"href":"https:\/\/old.seacretehotels.com\/de\/wp-json\/wp\/v2\/pages\/48632\/revisions\/81164"}],"up":[{"embeddable":true,"href":"https:\/\/old.seacretehotels.com\/de\/wp-json\/wp\/v2\/pages\/48656"}],"wp:featuredmedia":[{"embeddable":true,"href":"https:\/\/old.seacretehotels.com\/de\/wp-json\/wp\/v2\/media\/48634"}],"wp:attachment":[{"href":"https:\/\/old.seacretehotels.com\/de\/wp-json\/wp\/v2\/media?parent=48632"}],"curies":[{"name":"wp","href":"https:\/\/api.w.org\/{rel}","templated":true}]}}