
  
{"id":48627,"date":"2021-01-05T13:00:39","date_gmt":"2021-01-05T11:00:39","guid":{"rendered":"https:\/\/old.seacretehotels.com\/?page_id=48627\/"},"modified":"2022-05-07T19:59:15","modified_gmt":"2022-05-07T16:59:15","slug":"sports","status":"publish","type":"page","link":"https:\/\/old.seacretehotels.com\/de\/kianibeachresort\/sports\/","title":{"rendered":"Kiani Sport"},"content":{"rendered":"<h1>Kiani Sport<\/h1>\n<p>Sind Sie bereit, in Ihren Sommerferien noch eins draufzusetzen und Ihr Adrenalin in die H\u00f6he zu treiben? Wenn ja, machen Sie sich bereit, an einigen der aufregendsten Sport- und Fitnessaktivit\u00e4ten teilzunehmen, die im Kiani Beach Resort angeboten werden. Lassen Sie sich unabh\u00e4ngig von Alter oder Leistungsniveau von unseren Fitnessexperten in einen Sommer voller Spa\u00df und Spannung mit den aufregendsten Tennis-, Fitnesstrainings-, Yoga-, Pilates-, Zumba-, Aqua-Aerobic- und Morgendehnungseinheiten einf\u00fchren. Unsere hochqualifizierten Trainer organisieren eine Reihe von Mannschaftssport-, Unterhaltungs- und Fitnessprogrammen, darunter speziell f\u00fcr die ganze Familie konzipierte Sportturniere wie Fu\u00dfball, Tennis, Volleyball, Wasserball, Bogenschie\u00dfen, Dart und Wanderungen.<\/p>\n","protected":false},"excerpt":{"rendered":"<p>Kiani Sport Sind Sie bereit, in Ihren Sommerferien noch eins draufzusetzen und Ihr Adrenalin in die H\u00f6he zu treiben? Wenn <\/p>\n","protected":false},"author":1,"featured_media":48629,"parent":48656,"menu_order":0,"comment_status":"closed","ping_status":"closed","template":"templates\/template--single.php","meta":[],"acf":[],"_links":{"self":[{"href":"https:\/\/old.seacretehotels.com\/de\/wp-json\/wp\/v2\/pages\/48627"}],"collection":[{"href":"https:\/\/old.seacretehotels.com\/de\/wp-json\/wp\/v2\/pages"}],"about":[{"href":"https:\/\/old.seacretehotels.com\/de\/wp-json\/wp\/v2\/types\/page"}],"author":[{"embeddable":true,"href":"https:\/\/old.seacretehotels.com\/de\/wp-json\/wp\/v2\/users\/1"}],"replies":[{"embeddable":true,"href":"https:\/\/old.seacretehotels.com\/de\/wp-json\/wp\/v2\/comments?post=48627"}],"version-history":[{"count":5,"href":"https:\/\/old.seacretehotels.com\/de\/wp-json\/wp\/v2\/pages\/48627\/revisions"}],"predecessor-version":[{"id":68955,"href":"https:\/\/old.seacretehotels.com\/de\/wp-json\/wp\/v2\/pages\/48627\/revisions\/68955"}],"up":[{"embeddable":true,"href":"https:\/\/old.seacretehotels.com\/de\/wp-json\/wp\/v2\/pages\/48656"}],"wp:featuredmedia":[{"embeddable":true,"href":"https:\/\/old.seacretehotels.com\/de\/wp-json\/wp\/v2\/media\/48629"}],"wp:attachment":[{"href":"https:\/\/old.seacretehotels.com\/de\/wp-json\/wp\/v2\/media?parent=48627"}],"curies":[{"name":"wp","href":"https:\/\/api.w.org\/{rel}","templated":true}]}}