
  
{"id":48605,"date":"2021-01-05T12:54:30","date_gmt":"2021-01-05T10:54:30","guid":{"rendered":"https:\/\/old.seacretehotels.com\/?page_id=48605\/"},"modified":"2023-06-21T11:13:08","modified_gmt":"2023-06-21T08:13:08","slug":"beach-pools","status":"publish","type":"page","link":"https:\/\/old.seacretehotels.com\/de\/kianibeachresort\/beach-pools\/","title":{"rendered":"Kiani Strand &#038; Pools"},"content":{"rendered":"<h1>Kiani Strand &amp; Pools<\/h1>\n<ul>\n<li>2 Au\u00dfenbecken<\/li>\n<li>1 beheiztes Innenbad<\/li>\n<li>2 Kinderbecken<\/li>\n<\/ul>\n<p>Im Kiani Beach Resort haben Sie die M\u00f6glichkeit, entweder im kristallklaren Wasser des Pools zu schwimmen oder das smaragdgr\u00fcne Wasser unseres mit der Blauen Flagge ausgezeichneten Strandes zu genie\u00dfen. Tauchen Sie ein in unseren 288 qm gro\u00dfes und 1,60 m tiefes S\u00fc\u00dfwasser-Au\u00dfenpool oder baden Sie im endlosen Azurblau des kretischen Meeres, w\u00e4hrend Ihre Kinder in voller Sicherheit die Sonne im speziell entworfenen 40 qm gro\u00dfen und 0,40 m tiefen Kinderpool genie\u00dfen.<\/p>\n<p>Unser zweites Au\u00dfenpool hat 50-Meter-Schwimmbahnen und unser Innenpool ist beheizt.<\/p>\n<p><strong>Beheiztes Hallenbad<\/p>\n<p>Besonderer Hinweis: <\/strong>Wir m\u00f6chten Sie dar\u00fcber informieren, dass unser Innenpool aus Nachhaltigkeitsgr\u00fcnden in den Monaten <strong>Juni, Juli und August nicht beheizt wird, um unn\u00f6tigen Stromverbrauch zu vermeiden.<br \/>\n<\/strong><br \/>\nUnser beheiztes Hallenbad wird mit einer Mindestwassertemperatur von 25 Grad Celsius oder mehr t\u00e4glich beheizt und \u00fcberwacht. An der Wand unseres beheizten Hallenbadbereichs finden Sie au\u00dferdem ein elektronisches Thermometer, das die aktuelle Wassertemperatur sowie die Raumtemperatur anzeigt.<\/p>\n<p>Nach dem Schwimmen k\u00f6nnen Sie sich auf den Liegest\u00fchlen am Pool sonnen oder im Schatten eines Sonnenschirms mit einem fruchtigen Cocktail von der Bar entspannen. Der Strand von Kiani ist perfekt f\u00fcr einen Familientag in der Sonne, da er seichtes Wasser und lange Abschnitte mit Sand und Kieseln anbietet.<\/p>\n","protected":false},"excerpt":{"rendered":"<p>Kiani Strand &amp; Pools 2 Au\u00dfenbecken 1 beheiztes Innenbad 2 Kinderbecken Im Kiani Beach Resort haben Sie die M\u00f6glichkeit, entweder <\/p>\n","protected":false},"author":1,"featured_media":47870,"parent":48656,"menu_order":0,"comment_status":"closed","ping_status":"closed","template":"templates\/template--single.php","meta":[],"acf":[],"_links":{"self":[{"href":"https:\/\/old.seacretehotels.com\/de\/wp-json\/wp\/v2\/pages\/48605"}],"collection":[{"href":"https:\/\/old.seacretehotels.com\/de\/wp-json\/wp\/v2\/pages"}],"about":[{"href":"https:\/\/old.seacretehotels.com\/de\/wp-json\/wp\/v2\/types\/page"}],"author":[{"embeddable":true,"href":"https:\/\/old.seacretehotels.com\/de\/wp-json\/wp\/v2\/users\/1"}],"replies":[{"embeddable":true,"href":"https:\/\/old.seacretehotels.com\/de\/wp-json\/wp\/v2\/comments?post=48605"}],"version-history":[{"count":8,"href":"https:\/\/old.seacretehotels.com\/de\/wp-json\/wp\/v2\/pages\/48605\/revisions"}],"predecessor-version":[{"id":103156,"href":"https:\/\/old.seacretehotels.com\/de\/wp-json\/wp\/v2\/pages\/48605\/revisions\/103156"}],"up":[{"embeddable":true,"href":"https:\/\/old.seacretehotels.com\/de\/wp-json\/wp\/v2\/pages\/48656"}],"wp:featuredmedia":[{"embeddable":true,"href":"https:\/\/old.seacretehotels.com\/de\/wp-json\/wp\/v2\/media\/47870"}],"wp:attachment":[{"href":"https:\/\/old.seacretehotels.com\/de\/wp-json\/wp\/v2\/media?parent=48605"}],"curies":[{"name":"wp","href":"https:\/\/api.w.org\/{rel}","templated":true}]}}