
  
{"id":48599,"date":"2021-01-05T12:31:16","date_gmt":"2021-01-05T10:31:16","guid":{"rendered":"https:\/\/old.seacretehotels.com\/?page_id=48599\/"},"modified":"2021-01-07T16:47:12","modified_gmt":"2021-01-07T14:47:12","slug":"facilities","status":"publish","type":"page","link":"https:\/\/old.seacretehotels.com\/de\/kianibeachresort\/facilities\/","title":{"rendered":"Kiani Anlagen"},"content":{"rendered":"<h1>Hochwertige Hotelanlagen in Chania<\/h1>\n<p>Das Kiani Beach Resort bietet eine Vielzahl von Freizeit- und Unterhaltungsm\u00f6glichkeiten f\u00fcr jeden Geschmack an. Von den kristallklaren Pools \u00fcber die erstklassigen Sport- und Fitnessangebote, die anregenden Work-outs und Wanderausfl\u00fcge bis hin zu den unterhaltsamen Abendprogrammen mit Tanz, Karaoke, Shows, Unterricht und Live-Events ist jede Stunde mit Genuss gef\u00fcllt.<\/p>\n<h2>Kinderfreundliche Einrichtungen auf Kreta<\/h2>\n<p>Unser familienfreundliches Resort garantiert einen unvergesslichen Urlaub f\u00fcr Kinder und Erwachsene. Das speziell gestaltete Kinderbecken sowie der Kinderklub und die Mini-Disco, die unseren j\u00fcngeren G\u00e4sten angeboten werden, werden Kinder dazu bringen, mehr zu verlangen. Genie\u00dfen Sie den erholsamsten Urlaub am Strand, w\u00e4hrend Ihre Kinder sicher unter der Aufsicht unseres Fachpersonals spielen oder verbringen Sie eine sch\u00f6ne Zeit zusammen, w\u00e4hrend Sie an einer Reihe von Familienabenteuern teilnehmen.<\/p>\n<h2>Repr\u00e4sentative Gesch\u00e4fts- und Veranstaltungsr\u00e4ume in Chania<\/h2>\n<p>Erfolg ist ein Wort, das nicht f\u00fcr eine Pause unterbrochen werden kann, aber es ist immer Zeit f\u00fcr eine Pause in den Ferien, um Ihren gesch\u00e4ftlichen Erfolg zu sichern. Kiani Beach Resort kann eine gro\u00dfe Auswahl an Tagungen, Konferenzen oder privaten Veranstaltungen organisieren und einen reibungslosen Ablauf Ihrer Veranstaltungen gew\u00e4hrleisten. Feiern Sie einen besonderen Anlass oder organisieren Sie im Urlaub eine wichtige Konferenz und lassen Sie uns alle Details regeln.<\/p>\n<h3>HOTELANLAGEN UND T\u00c4TIGKEITEN<\/h3>\n<ul>\n<li>2 Au\u00dfenpools (von denen einer eine 50-Meter-Bahn zum Schwimmen hat)<\/li>\n<li>2 Kinderbecken<\/li>\n<li>Beheiztes Hallenbad<\/li>\n<li>Kostenlose Sonnenliegen &amp; Sonnenschirme am Pool und am Strand<\/li>\n<li>2 Buffet-Restaurants<\/li>\n<li>Strandbar \u201eDionysos\u201c<\/li>\n<li>Pool-Bar<\/li>\n<li>2 Kinderspielbereiche mit Holzspielplatz im Freien (Piratenschiff)<\/li>\n<li>2 Fitnessr\u00e4ume, Dampfbad, Massage-Therapien<\/li>\n<li>T\u00e4gliches Animationsprogramm (Aqua-Aerobic, Mini-Disco, Kinderspiele, Abendveranstaltungen)<\/li>\n<li>Kindereinrichtungen<\/li>\n<li>Wellnesszentrum<\/li>\n<li>Sport: Tennis, Beachvolleyball, Petanque (Boule-Spiel), Fu\u00dfball<\/li>\n<li>Konferenzzentrum mit Sekretariatsunterst\u00fctzung auf Anfrage<\/li>\n<li>Notarzt<\/li>\n<li>Fernsehraum<\/li>\n<li>Kinderausstattung wie Kinderwagen, Hochst\u00fchle im Restaurant, Babyphones, Babywannen, Babybetten im Zimmer, Sterilisatoren<\/li>\n<li>Flughafentransfer mit Taxi oder Minibus mit Aufpreis<\/li>\n<li>Garten<\/li>\n<li>Kostenloses WLAN<\/li>\n<li>Minimarket<\/li>\n<li>N\u00e4he zum Busbahnhof<\/li>\n<li>Express Check-out-Service<\/li>\n<li>Kostenlose private Parkpl\u00e4tze<\/li>\n<li>Pool f\u00fcr Kinder<\/li>\n<li>Das Fr\u00fchst\u00fcck wird zwischen 08:00 und 10:30 Uhr serviert<\/li>\n<li>Fr\u00fches Fr\u00fchst\u00fcck auf Anfrage<\/li>\n<li>Computer f\u00fcr die Nutzung der G\u00e4ste<\/li>\n<li>Internet-Ecke<\/li>\n<li>Auswahl an Kissen aus organischen oder hypoallergischen Materialien, auf Anfrage<\/li>\n<li>Fr\u00fchst\u00fccksservice im Zimmer mit Aufpreis<\/li>\n<li>Privater Transfer zu und von den Flugh\u00e4fen und H\u00e4fen von Kreta<\/li>\n<li>24-Stunden-Zimmerservice mit Aufpreis<\/li>\n<li>Nachmittags-Zimmerreinigung<\/li>\n<li>Handtuchwechsel-Dienstleistung auf Anfrage<\/li>\n<li>Business Center<\/li>\n<li>Babybettchen auf Anfrage<\/li>\n<li>Weckdienst auf Anfrage<\/li>\n<li>Tennisplatz<\/li>\n<li>Zentraler Safe an der Rezeption gegen Aufpreis<\/li>\n<li>24-Stunden-Rezeption<\/li>\n<li>Gep\u00e4cktransport zum und vom Hotelparkplatz (Valet Parking)<\/li>\n<li>Gep\u00e4ckraum<\/li>\n<li>Vorbereitung von Lunch- oder Fr\u00fchst\u00fcckspaketen auf Anfrage<\/li>\n<li>W\u00e4scherei-Service gegen Aufpreis<\/li>\n<\/ul>\n","protected":false},"excerpt":{"rendered":"<p>Hochwertige Hotelanlagen in Chania Das Kiani Beach Resort bietet eine Vielzahl von Freizeit- und Unterhaltungsm\u00f6glichkeiten f\u00fcr jeden Geschmack an. Von <\/p>\n","protected":false},"author":1,"featured_media":48523,"parent":48656,"menu_order":0,"comment_status":"closed","ping_status":"closed","template":"templates\/template--single.php","meta":[],"acf":[],"_links":{"self":[{"href":"https:\/\/old.seacretehotels.com\/de\/wp-json\/wp\/v2\/pages\/48599"}],"collection":[{"href":"https:\/\/old.seacretehotels.com\/de\/wp-json\/wp\/v2\/pages"}],"about":[{"href":"https:\/\/old.seacretehotels.com\/de\/wp-json\/wp\/v2\/types\/page"}],"author":[{"embeddable":true,"href":"https:\/\/old.seacretehotels.com\/de\/wp-json\/wp\/v2\/users\/1"}],"replies":[{"embeddable":true,"href":"https:\/\/old.seacretehotels.com\/de\/wp-json\/wp\/v2\/comments?post=48599"}],"version-history":[{"count":3,"href":"https:\/\/old.seacretehotels.com\/de\/wp-json\/wp\/v2\/pages\/48599\/revisions"}],"predecessor-version":[{"id":48655,"href":"https:\/\/old.seacretehotels.com\/de\/wp-json\/wp\/v2\/pages\/48599\/revisions\/48655"}],"up":[{"embeddable":true,"href":"https:\/\/old.seacretehotels.com\/de\/wp-json\/wp\/v2\/pages\/48656"}],"wp:featuredmedia":[{"embeddable":true,"href":"https:\/\/old.seacretehotels.com\/de\/wp-json\/wp\/v2\/media\/48523"}],"wp:attachment":[{"href":"https:\/\/old.seacretehotels.com\/de\/wp-json\/wp\/v2\/media?parent=48599"}],"curies":[{"name":"wp","href":"https:\/\/api.w.org\/{rel}","templated":true}]}}