
  
{"id":48595,"date":"2021-01-05T12:22:33","date_gmt":"2021-01-05T10:22:33","guid":{"rendered":"https:\/\/old.seacretehotels.com\/?page_id=48595\/"},"modified":"2021-02-10T17:06:13","modified_gmt":"2021-02-10T15:06:13","slug":"pool-bar","status":"publish","type":"page","link":"https:\/\/old.seacretehotels.com\/de\/kianibeachresort\/pool-bar\/","title":{"rendered":"Pool Bar"},"content":{"rendered":"<h1>Pool Bar &#8211; Kiani Resort Chania<\/h1>\n<p>Direkt am Pool des neuen Fl\u00fcgels des Kiani Beach gelegen, bietet unsere neue Poolbar den perfekten Ort, um am Pool in der Sonne zu entspannen. Mit einer Auswahl an Getr\u00e4nken, Kaffees, frischen S\u00e4ften und alkoholischen Getr\u00e4nken bietet unsere neue Poolbar etwas f\u00fcr alle! Leichte Snacks und Erfrischungen werden dort t\u00e4glich serviert.<\/p>\n<p><strong>\u00d6ffnungszeiten:<\/strong><\/p>\n<p>von 11:00 bis 23:00 Uhr<\/p>\n<h2>All-Inclusive<\/h2>\n<p>Unbegrenzte Mengen an lokalen alkoholischen und nicht-alkoholischen Getr\u00e4nken sowie Filterkaffee, Kr\u00e4utertees<\/p>\n<p>und Wasser aus dem Getr\u00e4nkespender stehen zur Verf\u00fcgung.<\/p>\n","protected":false},"excerpt":{"rendered":"<p>Pool Bar &#8211; Kiani Resort Chania Direkt am Pool des neuen Fl\u00fcgels des Kiani Beach gelegen, bietet unsere neue Poolbar <\/p>\n","protected":false},"author":1,"featured_media":47861,"parent":48656,"menu_order":0,"comment_status":"closed","ping_status":"closed","template":"templates\/template--single.php","meta":[],"acf":[],"_links":{"self":[{"href":"https:\/\/old.seacretehotels.com\/de\/wp-json\/wp\/v2\/pages\/48595"}],"collection":[{"href":"https:\/\/old.seacretehotels.com\/de\/wp-json\/wp\/v2\/pages"}],"about":[{"href":"https:\/\/old.seacretehotels.com\/de\/wp-json\/wp\/v2\/types\/page"}],"author":[{"embeddable":true,"href":"https:\/\/old.seacretehotels.com\/de\/wp-json\/wp\/v2\/users\/1"}],"replies":[{"embeddable":true,"href":"https:\/\/old.seacretehotels.com\/de\/wp-json\/wp\/v2\/comments?post=48595"}],"version-history":[{"count":4,"href":"https:\/\/old.seacretehotels.com\/de\/wp-json\/wp\/v2\/pages\/48595\/revisions"}],"predecessor-version":[{"id":50776,"href":"https:\/\/old.seacretehotels.com\/de\/wp-json\/wp\/v2\/pages\/48595\/revisions\/50776"}],"up":[{"embeddable":true,"href":"https:\/\/old.seacretehotels.com\/de\/wp-json\/wp\/v2\/pages\/48656"}],"wp:featuredmedia":[{"embeddable":true,"href":"https:\/\/old.seacretehotels.com\/de\/wp-json\/wp\/v2\/media\/47861"}],"wp:attachment":[{"href":"https:\/\/old.seacretehotels.com\/de\/wp-json\/wp\/v2\/media?parent=48595"}],"curies":[{"name":"wp","href":"https:\/\/api.w.org\/{rel}","templated":true}]}}