
  
{"id":48591,"date":"2021-01-05T12:20:48","date_gmt":"2021-01-05T10:20:48","guid":{"rendered":"https:\/\/old.seacretehotels.com\/?page_id=48591\/"},"modified":"2021-01-07T16:49:58","modified_gmt":"2021-01-07T14:49:58","slug":"beach-bar-dionysos","status":"publish","type":"page","link":"https:\/\/old.seacretehotels.com\/de\/kianibeachresort\/beach-bar-dionysos\/","title":{"rendered":"Kiani Strandbar Dionysos"},"content":{"rendered":"<h1>Strandbar Dionysos<\/h1>\n<p>Entspannen Sie sich am Strand mit einem erfrischenden Cocktail, einem Softdrink oder einem alkoholischen Getr\u00e4nk, genie\u00dfen Sie Ihren Eiskaffee mit Blick auf das faszinierende Meer und lassen Sie sich von der leichten Meeresbrise erfrischen. Die gem\u00fctliche Strandbar des Hotels, Dionysos, bietet den ganzen Tag \u00fcber eine gro\u00dfe Auswahl an leichten Snacks und Erfrischungen f\u00fcr unsere durstigen Badeg\u00e4ste.<\/p>\n<p><strong>\u00d6ffnungszeiten:<\/strong><\/p>\n<p>von 11:00 bis 23:00 Uhr<\/p>\n<h2>All-Inclusive<\/h2>\n<p>Unbegrenzte Mengen an lokalen alkoholischen und nicht-alkoholischen Getr\u00e4nken sowie Filterkaffee, Kr\u00e4utertees<\/p>\n<p>und Wasser aus dem Getr\u00e4nkespender stehen zur Verf\u00fcgung.<\/p>\n","protected":false},"excerpt":{"rendered":"<p>Strandbar Dionysos Entspannen Sie sich am Strand mit einem erfrischenden Cocktail, einem Softdrink oder einem alkoholischen Getr\u00e4nk, genie\u00dfen Sie Ihren <\/p>\n","protected":false},"author":1,"featured_media":48593,"parent":48656,"menu_order":0,"comment_status":"closed","ping_status":"closed","template":"templates\/template--single.php","meta":[],"acf":[],"_links":{"self":[{"href":"https:\/\/old.seacretehotels.com\/de\/wp-json\/wp\/v2\/pages\/48591"}],"collection":[{"href":"https:\/\/old.seacretehotels.com\/de\/wp-json\/wp\/v2\/pages"}],"about":[{"href":"https:\/\/old.seacretehotels.com\/de\/wp-json\/wp\/v2\/types\/page"}],"author":[{"embeddable":true,"href":"https:\/\/old.seacretehotels.com\/de\/wp-json\/wp\/v2\/users\/1"}],"replies":[{"embeddable":true,"href":"https:\/\/old.seacretehotels.com\/de\/wp-json\/wp\/v2\/comments?post=48591"}],"version-history":[{"count":2,"href":"https:\/\/old.seacretehotels.com\/de\/wp-json\/wp\/v2\/pages\/48591\/revisions"}],"predecessor-version":[{"id":48594,"href":"https:\/\/old.seacretehotels.com\/de\/wp-json\/wp\/v2\/pages\/48591\/revisions\/48594"}],"up":[{"embeddable":true,"href":"https:\/\/old.seacretehotels.com\/de\/wp-json\/wp\/v2\/pages\/48656"}],"wp:featuredmedia":[{"embeddable":true,"href":"https:\/\/old.seacretehotels.com\/de\/wp-json\/wp\/v2\/media\/48593"}],"wp:attachment":[{"href":"https:\/\/old.seacretehotels.com\/de\/wp-json\/wp\/v2\/media?parent=48591"}],"curies":[{"name":"wp","href":"https:\/\/api.w.org\/{rel}","templated":true}]}}