
  
{"id":48587,"date":"2021-01-05T12:18:23","date_gmt":"2021-01-05T10:18:23","guid":{"rendered":"https:\/\/old.seacretehotels.com\/?page_id=48587\/"},"modified":"2021-01-20T19:42:53","modified_gmt":"2021-01-20T17:42:53","slug":"symposium-restaurant","status":"publish","type":"page","link":"https:\/\/old.seacretehotels.com\/de\/kianibeachresort\/symposium-restaurant\/","title":{"rendered":"Kiani Restaurant Symposium"},"content":{"rendered":"<h1>Das Restaurant Symposium in Chania<\/h1>\n<h2>Mediterranes Buffet-Restaurant<\/h2>\n<p>Mit Blick auf das herrliche kretische Meer erm\u00f6glicht das Buffet-Restaurant Symposium unseren G\u00e4sten, das Beste zu genie\u00dfen, was das kretische Land anbieten kann, w\u00e4hrend man sich auf der sch\u00f6nen Terrasse des Hotels entspannt. Die erfahrenen K\u00f6che des Hotels bereiten k\u00f6stliche Rezepte mit den feinsten, lokal hergestellten Zutaten zu und stellen sicher, dass alle Mahlzeiten einen hohen N\u00e4hrwert haben. Das reichhaltige Buffet enth\u00e4lt eine traumhafte Auswahl an Salaten, Speisen und Desserts sowohl f\u00fcr Kinder als auch f\u00fcr Erwachsene.<\/p>\n<h3>Die k\u00f6stliche kretische K\u00fcche<\/h3>\n<p>Seien Sie bereit, einige der feinsten mediterranen Spezialit\u00e4ten zu verkosten, darunter frischen Fisch, Pasta, Fleisch, Gefl\u00fcgel, lokale K\u00e4sesorten, frische Salate und Gem\u00fcse, alles zubereitet mit kretischem Oliven\u00f6l und feinsten regionalen Zutaten, einschlie\u00dflich frischer Orangensaft aus biologisch angebauten Orangen, der zum Fr\u00fchst\u00fcck serviert wird. Das Restaurant Symposium bietet auch spezielle Kindergerichte sowie ern\u00e4hrungsphysiologisch ausgewogene Gerichte f\u00fcr Vegetarier an. Neben den k\u00f6stlichen Mahlzeiten, die in unserem Restaurant angeboten werden, gibt es auch immer eine reiche Auswahl an Desserts, Geb\u00e4ck, Kuchen und frischem Obst, um Ihren Urlaub zu vers\u00fc\u00dfen!<\/p>\n<ul>\n<li>Fr\u00fchst\u00fcck: von 08:00 bis 10:00 Uhr &#8211; amerikanisches Buffet<\/li>\n<li>Mittagessen: von 13:00 bis 14:30 Uhr &#8211; vollst\u00e4ndiges Buffet<\/li>\n<li>Abendessen: von 19:00 bis 21:00 Uhr &#8211; vollst\u00e4ndiges Buffet<\/li>\n<\/ul>\n<p>Dress Code: W\u00e4hrend des Abendessens werden f\u00fcr M\u00e4nner im Hauptrestaurant lange Hosen vorgeschrieben.<\/p>\n<h3>All-Inclusive<\/h3>\n<p>W\u00e4hrend der Mahlzeiten gibt es unbegrenzte Mengen an lokalen Getr\u00e4nken wie z.B.: frisches Wasser (Wasserspender stehen an den Hauptstandorten des Restaurants und der Strandbar zur Verf\u00fcgung), alkoholfreie Getr\u00e4nke (aus dem Getr\u00e4nkespender), Bier, Hauswein (Rot &amp; Wei\u00df), Ouzo, Raki, Saft-Konzentrate sowie frischer Orangensaft aus biologisch angebauten Orangen w\u00e4hrend des Fr\u00fchst\u00fccks.<\/p>\n","protected":false},"excerpt":{"rendered":"<p>Das Restaurant Symposium in Chania Mediterranes Buffet-Restaurant Mit Blick auf das herrliche kretische Meer erm\u00f6glicht das Buffet-Restaurant Symposium unseren G\u00e4sten, <\/p>\n","protected":false},"author":1,"featured_media":47845,"parent":48656,"menu_order":0,"comment_status":"closed","ping_status":"closed","template":"templates\/template--single.php","meta":[],"acf":[],"_links":{"self":[{"href":"https:\/\/old.seacretehotels.com\/de\/wp-json\/wp\/v2\/pages\/48587"}],"collection":[{"href":"https:\/\/old.seacretehotels.com\/de\/wp-json\/wp\/v2\/pages"}],"about":[{"href":"https:\/\/old.seacretehotels.com\/de\/wp-json\/wp\/v2\/types\/page"}],"author":[{"embeddable":true,"href":"https:\/\/old.seacretehotels.com\/de\/wp-json\/wp\/v2\/users\/1"}],"replies":[{"embeddable":true,"href":"https:\/\/old.seacretehotels.com\/de\/wp-json\/wp\/v2\/comments?post=48587"}],"version-history":[{"count":2,"href":"https:\/\/old.seacretehotels.com\/de\/wp-json\/wp\/v2\/pages\/48587\/revisions"}],"predecessor-version":[{"id":48589,"href":"https:\/\/old.seacretehotels.com\/de\/wp-json\/wp\/v2\/pages\/48587\/revisions\/48589"}],"up":[{"embeddable":true,"href":"https:\/\/old.seacretehotels.com\/de\/wp-json\/wp\/v2\/pages\/48656"}],"wp:featuredmedia":[{"embeddable":true,"href":"https:\/\/old.seacretehotels.com\/de\/wp-json\/wp\/v2\/media\/47845"}],"wp:attachment":[{"href":"https:\/\/old.seacretehotels.com\/de\/wp-json\/wp\/v2\/media?parent=48587"}],"curies":[{"name":"wp","href":"https:\/\/api.w.org\/{rel}","templated":true}]}}