
  
{"id":48574,"date":"2021-01-05T12:13:19","date_gmt":"2021-01-05T10:13:19","guid":{"rendered":"https:\/\/old.seacretehotels.com\/?page_id=48574\/"},"modified":"2022-02-24T13:32:38","modified_gmt":"2022-02-24T11:32:38","slug":"dining-bars","status":"publish","type":"page","link":"https:\/\/old.seacretehotels.com\/de\/kianibeachresort\/dining-bars\/","title":{"rendered":"Kiani Essen &#038; Bars"},"content":{"rendered":"<h1>Essen &amp; Bars<\/h1>\n<p>Bereiten Sie Ihre Geschmacksknospen auf die k\u00f6stliche mediterrane Ern\u00e4hrung und die kretische K\u00fcche vor. Genie\u00dfen Sie k\u00f6stlichen Rezepte, die mit frischen regionalen Zutaten zubereitet werden und lassen Sie unsere K\u00f6che Ihre Sinne mit den faszinierendsten Aromen und D\u00fcften verf\u00fchren. Das Kiani Beach Resort hei\u00dft seine G\u00e4ste willkommen, damit sie das k\u00f6stliche Fr\u00fchst\u00fcck mit frischem Orangensaft aus biologisch angebauten Orangen, k\u00f6stliche Mahlzeiten im Terrassenbuffet-Restaurant Symposium genie\u00dfen oder leichte Snacks und erfrischende Cocktails im belebenden Ambiente unserer Strandbar Dionysos verkosten k\u00f6nnen, w\u00e4hrend sie dabei auf das endlose kretische Meer blicken. Eine Vielfalt von warmen und kalten Snacks, Sandwiches, Geb\u00e4ck, zusammen mit lokal angebautem Obst und Salat werden w\u00e4hrend der folgenden Zeiten verf\u00fcgbar sein: Vormittags (von 11:00 bis 12:00 Uhr), nachmittags (von 16:00 bis 18:00 Uhr), Eis gibt es w\u00e4hrend der Mittags- und Abendessenszeit (am Buffet) und zwischen 11:00 &#8211; 12:00 Uhr und 16:00 -18:00 Uhr (an der Strandbar Dionysos). Sandwiches f\u00fcr Ihre Ausfl\u00fcge sind auf Anfrage an der Rezeption erh\u00e4ltlich. Diese m\u00fcssen einen Tag im Voraus bis 19:00 Uhr bestellt werden.<\/p>\n","protected":false},"excerpt":{"rendered":"<p>Essen &amp; Bars Bereiten Sie Ihre Geschmacksknospen auf die k\u00f6stliche mediterrane Ern\u00e4hrung und die kretische K\u00fcche vor. Genie\u00dfen Sie k\u00f6stlichen <\/p>\n","protected":false},"author":1,"featured_media":48576,"parent":48656,"menu_order":0,"comment_status":"closed","ping_status":"closed","template":"templates\/template--single.php","meta":[],"acf":[],"_links":{"self":[{"href":"https:\/\/old.seacretehotels.com\/de\/wp-json\/wp\/v2\/pages\/48574"}],"collection":[{"href":"https:\/\/old.seacretehotels.com\/de\/wp-json\/wp\/v2\/pages"}],"about":[{"href":"https:\/\/old.seacretehotels.com\/de\/wp-json\/wp\/v2\/types\/page"}],"author":[{"embeddable":true,"href":"https:\/\/old.seacretehotels.com\/de\/wp-json\/wp\/v2\/users\/1"}],"replies":[{"embeddable":true,"href":"https:\/\/old.seacretehotels.com\/de\/wp-json\/wp\/v2\/comments?post=48574"}],"version-history":[{"count":5,"href":"https:\/\/old.seacretehotels.com\/de\/wp-json\/wp\/v2\/pages\/48574\/revisions"}],"predecessor-version":[{"id":61562,"href":"https:\/\/old.seacretehotels.com\/de\/wp-json\/wp\/v2\/pages\/48574\/revisions\/61562"}],"up":[{"embeddable":true,"href":"https:\/\/old.seacretehotels.com\/de\/wp-json\/wp\/v2\/pages\/48656"}],"wp:featuredmedia":[{"embeddable":true,"href":"https:\/\/old.seacretehotels.com\/de\/wp-json\/wp\/v2\/media\/48576"}],"wp:attachment":[{"href":"https:\/\/old.seacretehotels.com\/de\/wp-json\/wp\/v2\/media?parent=48574"}],"curies":[{"name":"wp","href":"https:\/\/api.w.org\/{rel}","templated":true}]}}