
  
{"id":48538,"date":"2021-01-05T11:33:52","date_gmt":"2021-01-05T09:33:52","guid":{"rendered":"https:\/\/old.seacretehotels.com\/?page_id=48538\/"},"modified":"2022-07-21T15:48:07","modified_gmt":"2022-07-21T12:48:07","slug":"accommodation","status":"publish","type":"page","link":"https:\/\/old.seacretehotels.com\/de\/kianibeachresort\/accommodation\/","title":{"rendered":"Kiani Unterkunfts\u00fcbersicht"},"content":{"rendered":"<h5>5-Sterne-Unterkunft in Chania Kreta<\/p>\n<p>Check-in-Zeit: 15:00 | Check-out-Zeit: 11:00 Uhr<\/h5>\n<p>Das Kiani Beach Resort bietet Ihnen eine erstaunliche Auswahl an Luxusunterk\u00fcnften in Chania, Kreta f\u00fcr einen unvergesslichen Urlaub am Strand. Diese bezaubernde 5-Sterne-Unterkunft auf Kreta verf\u00fcgt \u00fcber 115 hervorragend ausgestattete Zimmer, die einen Aufenthalt jenseits jeder Vorstellungskraft gew\u00e4hrleisten. Von den Standard-Doppelzimmern und Familienzimmern mit Meerblick bis hin zu den aufwendig ausgestatteten Suiten, Maisonetten und Ferienwohnungen wird diese gehobene Unterkunft in Chania, auf der Insel Kreta definitiv Ihre Erwartungen \u00fcbertreffen.<\/p>\n<h2>Luxusunterkunft am Strand von Chania<\/h2>\n<p>Direkt am kretischen Meer gelegen, teilen alle elegant gestalteten Zimmer des Kiani Beach Resorts in Chania den Stil und die Atmosph\u00e4re einer modernen, h\u00e4uslichen Umgebung, in der sich unsere G\u00e4ste vom Luxus verw\u00f6hnen lassen k\u00f6nnen. Die leuchtenden Farben, das Glas und die Holzoberfl\u00e4chen verleihen einen Hauch von Raffinesse und Klasse und laden den Besucher ein, sich den Freuden des Insellebens auf einer der unglaublichsten Inseln Griechenlands zu widmen.<\/p>\n<h3>All-Inclusive-Familienunterkunft auf Kreta<\/h3>\n<p>Diese faszinierende Ferienwohnungsanlage am Strand von Chania, in der N\u00e4he von Kalyves kombiniert den Komfort einer Ferienwohnung mit den luxuri\u00f6sen Annehmlichkeiten eines 5-Sterne-Hotels. Es bietet eine gro\u00dfe Auswahl an Zimmern, Suiten, Maisonetten und Apartments mit Meerblick, die alle vollkommen ausgestattet sind, um den G\u00e4sten den besten Aufenthalt in Chania, Kreta anzubieten. Alle Zimmer sind klimatisiert und verf\u00fcgen \u00fcber eine Sitzecke mit einem Schlafsofa, eine voll ausgestattete K\u00fcchenzeile und einen Balkon oder eine Terrasse mit Blick auf das kretische Meer oder den Garten. Diese <a href=\"https:\/\/old.seacretehotels.com\/de\/kianibeachresort\/allinclusive-hotel\/\">All-Inclusive-Unterk\u00fcnfte<\/a> sind die perfekte Wahl f\u00fcr Familien, die f\u00fcr ihren Sommerurlaub ein Luxushotel am Strand in Chania, auf der Insel Kreta suchen.<\/p>\n","protected":false},"excerpt":{"rendered":"<p>5-Sterne-Unterkunft in Chania Kreta Check-in-Zeit: 15:00 | Check-out-Zeit: 11:00 Uhr Das Kiani Beach Resort bietet Ihnen eine erstaunliche Auswahl an <\/p>\n","protected":false},"author":1,"featured_media":48540,"parent":48656,"menu_order":0,"comment_status":"closed","ping_status":"closed","template":"templates\/template--rooms.php","meta":[],"acf":[],"_links":{"self":[{"href":"https:\/\/old.seacretehotels.com\/de\/wp-json\/wp\/v2\/pages\/48538"}],"collection":[{"href":"https:\/\/old.seacretehotels.com\/de\/wp-json\/wp\/v2\/pages"}],"about":[{"href":"https:\/\/old.seacretehotels.com\/de\/wp-json\/wp\/v2\/types\/page"}],"author":[{"embeddable":true,"href":"https:\/\/old.seacretehotels.com\/de\/wp-json\/wp\/v2\/users\/1"}],"replies":[{"embeddable":true,"href":"https:\/\/old.seacretehotels.com\/de\/wp-json\/wp\/v2\/comments?post=48538"}],"version-history":[{"count":4,"href":"https:\/\/old.seacretehotels.com\/de\/wp-json\/wp\/v2\/pages\/48538\/revisions"}],"predecessor-version":[{"id":75429,"href":"https:\/\/old.seacretehotels.com\/de\/wp-json\/wp\/v2\/pages\/48538\/revisions\/75429"}],"up":[{"embeddable":true,"href":"https:\/\/old.seacretehotels.com\/de\/wp-json\/wp\/v2\/pages\/48656"}],"wp:featuredmedia":[{"embeddable":true,"href":"https:\/\/old.seacretehotels.com\/de\/wp-json\/wp\/v2\/media\/48540"}],"wp:attachment":[{"href":"https:\/\/old.seacretehotels.com\/de\/wp-json\/wp\/v2\/media?parent=48538"}],"curies":[{"name":"wp","href":"https:\/\/api.w.org\/{rel}","templated":true}]}}