
  
{"id":48534,"date":"2021-01-05T11:30:35","date_gmt":"2021-01-05T09:30:35","guid":{"rendered":"https:\/\/old.seacretehotels.com\/?page_id=48534\/"},"modified":"2021-01-07T16:49:34","modified_gmt":"2021-01-07T14:49:34","slug":"location-map","status":"publish","type":"page","link":"https:\/\/old.seacretehotels.com\/de\/kianibeachresort\/location-map\/","title":{"rendered":"Kiani Standort &#038; Karte"},"content":{"rendered":"<p><strong>Standort &amp; Karte<\/strong><br \/>\nDas Kiani Beach Resort befindet sich in einer abgelegenen Gegend in der N\u00e4he des K\u00fcstendorfes Kalyves, in der Region Apokoronas, 20 km von Chania entfernt und in der N\u00e4he des Flughafens. Direkt am Strand und mit den Bergen im Hintergrund sorgt diese sch\u00f6ne Anlage mit Meerblick f\u00fcr einen entspannten Strandurlaub auf Kreta. In unmittelbarer N\u00e4he des Hotels befindet sich auch das Dorf und der Strand von Kalyves am Kap Drapanos sowie die Stadt Almyrida mit mehreren Gesch\u00e4ften, Tavernen, Restaurants und Wassersportm\u00f6glichkeiten.<\/p>\n<p><strong>N\u00fctzliche Links<\/strong><\/p>\n<ul>\n<li>Unglaubliches Kreta <a href=\"http:\/\/www.incrediblecrete.gr\" target=\"_blank\" rel=\"nofollow noopener noreferrer\">www.incrediblecrete.gr<\/a><\/li>\n<li>Kretische Str\u00e4nde <a href=\"http:\/\/www.cretanbeaches.com\/en\/\" target=\"_blank\" rel=\"nofollow noopener noreferrer\">www.cretanbeaches.com<\/a><\/li>\n<li>Stadtverwaltung von Chania <a href=\"http:\/\/www.chania.gr\" target=\"_blank\" rel=\"nofollow noopener noreferrer\">www.chania.gr<\/a><\/li>\n<li>Die antike Stadt von <a href=\"https:\/\/en.wikipedia.org\/wiki\/Aptera,_Greece\" target=\"_blank\" rel=\"nofollow noopener noreferrer\">Aptera<\/a><\/li>\n<li>Aegean Airlines <a href=\"http:\/\/www.aegeanair.com\" target=\"_blank\" rel=\"nofollow noopener noreferrer\">www.aegeanair.com<\/a><\/li>\n<li>EasyJet <a href=\"http:\/\/www.easyjet.com\" target=\"_blank\" rel=\"nofollow noopener noreferrer\">www.easyjet.com<\/a><\/li>\n<li>Ryanair <a href=\"http:\/\/www.ryanair.com\" target=\"_blank\" rel=\"nofollow noopener noreferrer\">www.ryanair.com<\/a><\/li>\n<li>British Airways <a href=\"http:\/\/www.britishairways.com\/\" target=\"_blank\" rel=\"nofollow noopener noreferrer\">www.britishairways.com<\/a><\/li>\n<li>Norwegian Air\u00a0<a href=\"https:\/\/www.norwegian.com\/\" target=\"_blank\" rel=\"noopener noreferrer\">www.norwegian.com<\/a><\/li>\n<\/ul>\n","protected":false},"excerpt":{"rendered":"<p>Standort &amp; Karte Das Kiani Beach Resort befindet sich in einer abgelegenen Gegend in der N\u00e4he des K\u00fcstendorfes Kalyves, in <\/p>\n","protected":false},"author":1,"featured_media":48536,"parent":48656,"menu_order":0,"comment_status":"closed","ping_status":"closed","template":"templates\/template--location.php","meta":[],"acf":[],"_links":{"self":[{"href":"https:\/\/old.seacretehotels.com\/de\/wp-json\/wp\/v2\/pages\/48534"}],"collection":[{"href":"https:\/\/old.seacretehotels.com\/de\/wp-json\/wp\/v2\/pages"}],"about":[{"href":"https:\/\/old.seacretehotels.com\/de\/wp-json\/wp\/v2\/types\/page"}],"author":[{"embeddable":true,"href":"https:\/\/old.seacretehotels.com\/de\/wp-json\/wp\/v2\/users\/1"}],"replies":[{"embeddable":true,"href":"https:\/\/old.seacretehotels.com\/de\/wp-json\/wp\/v2\/comments?post=48534"}],"version-history":[{"count":2,"href":"https:\/\/old.seacretehotels.com\/de\/wp-json\/wp\/v2\/pages\/48534\/revisions"}],"predecessor-version":[{"id":48537,"href":"https:\/\/old.seacretehotels.com\/de\/wp-json\/wp\/v2\/pages\/48534\/revisions\/48537"}],"up":[{"embeddable":true,"href":"https:\/\/old.seacretehotels.com\/de\/wp-json\/wp\/v2\/pages\/48656"}],"wp:featuredmedia":[{"embeddable":true,"href":"https:\/\/old.seacretehotels.com\/de\/wp-json\/wp\/v2\/media\/48536"}],"wp:attachment":[{"href":"https:\/\/old.seacretehotels.com\/de\/wp-json\/wp\/v2\/media?parent=48534"}],"curies":[{"name":"wp","href":"https:\/\/api.w.org\/{rel}","templated":true}]}}