
  
{"id":48529,"date":"2021-01-05T11:25:27","date_gmt":"2021-01-05T09:25:27","guid":{"rendered":"https:\/\/old.seacretehotels.com\/?page_id=48529\/"},"modified":"2021-01-07T16:47:50","modified_gmt":"2021-01-07T14:47:50","slug":"experiences","status":"publish","type":"page","link":"https:\/\/old.seacretehotels.com\/de\/kianibeachresort\/experiences\/","title":{"rendered":"Kiani Beach Hotel: Animation &#038; Aktivit\u00e4ten"},"content":{"rendered":"<h1>Erlebniswelten<\/h1>\n<p>F\u00fcr einen optimalen Aufenthalt hat Kiani Beach Resort eine erstaunliche Auswahl an Erlebnissen f\u00fcr Kinder und Erwachsene geschaffen. Egal, ob Sie im ruhigen Wasser des Pools tauchen, sich am sonnenverw\u00f6hnten Strand entspannen, Ihr Herz h\u00f6herschlagen lassen mit energiegeladenem Training, aufregenden Sport- und Wassersportaktivit\u00e4ten oder die Nacht durchtanzen &#8211; das Kiani Beach Resort in Chania ist der richtige Ort f\u00fcr Sie. Befreien Sie Ihre Seele, lassen Sie alle Spannungen entweichen, entdecken Sie neue Orte, feiern Sie die ganze Nacht durch und sp\u00fcren Sie die Energie der Insel!<\/p>\n<h2>Strand &amp; Pools<\/h2>\n<p>Genie\u00dfen Sie Ihr Bad im kristallklaren Wasser des Pools oder tauchen Sie in das blaue kretische Meer ein und entspannen Sie sich am Strand mit einem frisch gepressten Saft, w\u00e4hrend Sie den Sonnenuntergang \u00fcber dem endlosen Horizont beobachten.<\/p>\n<h2>Fitness &amp; Sport<\/h2>\n<p>Nehmen Sie an verschiedenen Sport- und Fitnessprogrammen teil, lassen Sie Ihr Herz h\u00f6herschlagen und genie\u00dfen Sie die aufregendsten Momente mit Ihrer Familie und Ihren Freunden in der bezaubernden Umgebung des Kiani Beach Resorts.<\/p>\n<h2>Abendunterhaltung<\/h2>\n<p>Tanzen Sie in die Nacht, singen Sie Karaoke und lernen Sie Bauchtanz oder folgen Sie Schritt f\u00fcr Schritt den folkloristischen griechischen T\u00e4nzen. Lassen Sie sich von den Tricks unseres Zauberk\u00fcnstlers bezaubern oder entspannen Sie sich mit unseren Klavierkl\u00e4ngen. Was auch immer Ihre Wahl sein mag, hier wartet auf Sie eine spannungsreiche Unterhaltung.<\/p>\n","protected":false},"excerpt":{"rendered":"<p>Erlebniswelten F\u00fcr einen optimalen Aufenthalt hat Kiani Beach Resort eine erstaunliche Auswahl an Erlebnissen f\u00fcr Kinder und Erwachsene geschaffen. Egal, <\/p>\n","protected":false},"author":1,"featured_media":48531,"parent":48656,"menu_order":0,"comment_status":"closed","ping_status":"closed","template":"templates\/template--single.php","meta":[],"acf":[],"_links":{"self":[{"href":"https:\/\/old.seacretehotels.com\/de\/wp-json\/wp\/v2\/pages\/48529"}],"collection":[{"href":"https:\/\/old.seacretehotels.com\/de\/wp-json\/wp\/v2\/pages"}],"about":[{"href":"https:\/\/old.seacretehotels.com\/de\/wp-json\/wp\/v2\/types\/page"}],"author":[{"embeddable":true,"href":"https:\/\/old.seacretehotels.com\/de\/wp-json\/wp\/v2\/users\/1"}],"replies":[{"embeddable":true,"href":"https:\/\/old.seacretehotels.com\/de\/wp-json\/wp\/v2\/comments?post=48529"}],"version-history":[{"count":2,"href":"https:\/\/old.seacretehotels.com\/de\/wp-json\/wp\/v2\/pages\/48529\/revisions"}],"predecessor-version":[{"id":48533,"href":"https:\/\/old.seacretehotels.com\/de\/wp-json\/wp\/v2\/pages\/48529\/revisions\/48533"}],"up":[{"embeddable":true,"href":"https:\/\/old.seacretehotels.com\/de\/wp-json\/wp\/v2\/pages\/48656"}],"wp:featuredmedia":[{"embeddable":true,"href":"https:\/\/old.seacretehotels.com\/de\/wp-json\/wp\/v2\/media\/48531"}],"wp:attachment":[{"href":"https:\/\/old.seacretehotels.com\/de\/wp-json\/wp\/v2\/media?parent=48529"}],"curies":[{"name":"wp","href":"https:\/\/api.w.org\/{rel}","templated":true}]}}