
  
{"id":48525,"date":"2021-01-05T11:20:41","date_gmt":"2021-01-05T09:20:41","guid":{"rendered":"https:\/\/old.seacretehotels.com\/?page_id=48525\/"},"modified":"2021-01-07T16:49:17","modified_gmt":"2021-01-07T14:49:17","slug":"romantic-hotel","status":"publish","type":"page","link":"https:\/\/old.seacretehotels.com\/de\/kianibeachresort\/romantic-hotel\/","title":{"rendered":"Kiani Romantik"},"content":{"rendered":"<h1>Romantik<\/h1>\n<p>Seien Sie romantisch inmitten von Meer und Himmel, genie\u00dfen Sie einen Strandspaziergang vor dem Hintergrund des beeindruckenden Sonnenuntergangs, genie\u00dfen Sie k\u00f6stliche Gerichte bei Kerzenlicht und unter Sternenhimmel oder verbringen Sie einfach einen Abend zu zweit in Ihrer Suite, w\u00e4hrend Sie den Blick auf das schimmernde Meer genie\u00dfen. Das Kiani Beach Resort bietet Ihnen den perfekten Ort, um die Romantik wieder aufleben zu lassen oder sich neu zu verlieben. Sind Sie bereit f\u00fcr eine romantische Zeit?<\/p>\n","protected":false},"excerpt":{"rendered":"<p>Romantik Seien Sie romantisch inmitten von Meer und Himmel, genie\u00dfen Sie einen Strandspaziergang vor dem Hintergrund des beeindruckenden Sonnenuntergangs, genie\u00dfen <\/p>\n","protected":false},"author":1,"featured_media":48527,"parent":48656,"menu_order":0,"comment_status":"closed","ping_status":"closed","template":"templates\/template--single.php","meta":[],"acf":[],"_links":{"self":[{"href":"https:\/\/old.seacretehotels.com\/de\/wp-json\/wp\/v2\/pages\/48525"}],"collection":[{"href":"https:\/\/old.seacretehotels.com\/de\/wp-json\/wp\/v2\/pages"}],"about":[{"href":"https:\/\/old.seacretehotels.com\/de\/wp-json\/wp\/v2\/types\/page"}],"author":[{"embeddable":true,"href":"https:\/\/old.seacretehotels.com\/de\/wp-json\/wp\/v2\/users\/1"}],"replies":[{"embeddable":true,"href":"https:\/\/old.seacretehotels.com\/de\/wp-json\/wp\/v2\/comments?post=48525"}],"version-history":[{"count":3,"href":"https:\/\/old.seacretehotels.com\/de\/wp-json\/wp\/v2\/pages\/48525\/revisions"}],"predecessor-version":[{"id":49075,"href":"https:\/\/old.seacretehotels.com\/de\/wp-json\/wp\/v2\/pages\/48525\/revisions\/49075"}],"up":[{"embeddable":true,"href":"https:\/\/old.seacretehotels.com\/de\/wp-json\/wp\/v2\/pages\/48656"}],"wp:featuredmedia":[{"embeddable":true,"href":"https:\/\/old.seacretehotels.com\/de\/wp-json\/wp\/v2\/media\/48527"}],"wp:attachment":[{"href":"https:\/\/old.seacretehotels.com\/de\/wp-json\/wp\/v2\/media?parent=48525"}],"curies":[{"name":"wp","href":"https:\/\/api.w.org\/{rel}","templated":true}]}}