
  
{"id":48521,"date":"2021-01-05T11:19:08","date_gmt":"2021-01-05T09:19:08","guid":{"rendered":"https:\/\/old.seacretehotels.com\/?page_id=48521\/"},"modified":"2022-05-07T19:50:05","modified_gmt":"2022-05-07T16:50:05","slug":"fitness-sports","status":"publish","type":"page","link":"https:\/\/old.seacretehotels.com\/de\/kianibeachresort\/fitness-sports\/","title":{"rendered":"Kiani Fitness &#038; Sport"},"content":{"rendered":"<h1>Fitness &amp; Sports<\/h1>\n<p>Steigen Sie in ein Tretboot oder Kanu und erkunden Sie das Meer und die K\u00fcste, tauchen Sie im Meer und entdecken Sie die Sch\u00e4tze des Meeresbodens der Region. Bleiben Sie \u00fcber die Feiertage fit mit angemessenem Fitnesstraining und spannenden Sitzungen von Yoga, Pilates, Zumba, Wassergymnastik und morgendlichem Stretching. Der Fitnessraum steht Ihnen auch f\u00fcr den t\u00e4glichen Gebrauch zur Verf\u00fcgung. F\u00fcr abenteuerlustige Seelen bietet das Hotel eine Auswahl an Mountainbikes an, mit denen Sie die Sch\u00f6nheiten der Natur St\u00fcck f\u00fcr St\u00fcck erkunden k\u00f6nnen. Wandern und Trekking sind ebenfalls wichtige Aktivit\u00e4ten unserer Region. Die Gegend ist reich an majest\u00e4tischen Landschaften und malerischen D\u00f6rfern, die es wert sind, entdeckt zu werden.<\/p>\n<ul>\n<li>Tennis: 1 Stunde pro Tag (Termin muss reserviert werden)<\/li>\n<li>Turnhalle: Freier Zugang (nach Buchung eines Zeitfensters an der Rezeption)<\/li>\n<li>Tischtennis: 1 Stunde pro Tag (Termin muss reserviert werden)<\/li>\n<li>Beach Volley &#8211; kostenlos<\/li>\n<li>Kostenloser Mini-Fu\u00dfball\/Fu\u00dfball<\/li>\n<li>Schwimmkurse\u00a0 &#8211; jeden Donnerstag und Samstag ( 16.00 &#8211; 17.00 Uhr)<\/li>\n<\/ul>\n<p><strong>Pers\u00f6nliches Training (kostenpflichtiger Service)<\/strong><\/p>\n<p>Im Kiani Beach Resort freuen wir uns, Ihnen unseren Service des pers\u00f6nlichen Trainings durch unseren hochqualifizierten und engagierten Personal Trainer im Haus anbieten zu k\u00f6nnen. Der einzige Zweck unserer Trainer ist sicherzustellen, dass Sie sicher und unabh\u00e4ngig von Ihrer k\u00f6rperlichen Verfassung ein auf Ihre Bed\u00fcrfnisse zugeschnittenes und gr\u00fcndliches Training erhalten.<\/p>\n<p><strong>W\u00e4hlen Sie zwischen 40- oder 60-min\u00fctigen Trainingseinheiten, die eine breite Palette von Techniken abdecken, wie zum Beispiel:<\/strong><\/p>\n<ul>\n<li>Yoga<\/li>\n<li>Pilates-Matte \/ Pilates-Requisiten<\/li>\n<li>Ganzk\u00f6rperkonditionierung<\/li>\n<li>Konditionierung des Oberk\u00f6rpers<\/li>\n<li>Konditionierung der Beine und Bauchmuskeln<\/li>\n<li>HIIT-Zirkel-\/Crosstraining<\/li>\n<li>Fitb\u00e4lle<\/li>\n<li>Dehnung<\/li>\n<\/ul>\n<p><strong>F\u00fcr weitere Informationen und Preise buchen Sie bitte Ihren Platz an der Hauptrezeption.<\/strong><\/p>\n","protected":false},"excerpt":{"rendered":"<p>Fitness &amp; Sports Steigen Sie in ein Tretboot oder Kanu und erkunden Sie das Meer und die K\u00fcste, tauchen Sie <\/p>\n","protected":false},"author":1,"featured_media":48523,"parent":48656,"menu_order":0,"comment_status":"closed","ping_status":"closed","template":"templates\/template--single.php","meta":[],"acf":[],"_links":{"self":[{"href":"https:\/\/old.seacretehotels.com\/de\/wp-json\/wp\/v2\/pages\/48521"}],"collection":[{"href":"https:\/\/old.seacretehotels.com\/de\/wp-json\/wp\/v2\/pages"}],"about":[{"href":"https:\/\/old.seacretehotels.com\/de\/wp-json\/wp\/v2\/types\/page"}],"author":[{"embeddable":true,"href":"https:\/\/old.seacretehotels.com\/de\/wp-json\/wp\/v2\/users\/1"}],"replies":[{"embeddable":true,"href":"https:\/\/old.seacretehotels.com\/de\/wp-json\/wp\/v2\/comments?post=48521"}],"version-history":[{"count":7,"href":"https:\/\/old.seacretehotels.com\/de\/wp-json\/wp\/v2\/pages\/48521\/revisions"}],"predecessor-version":[{"id":68948,"href":"https:\/\/old.seacretehotels.com\/de\/wp-json\/wp\/v2\/pages\/48521\/revisions\/68948"}],"up":[{"embeddable":true,"href":"https:\/\/old.seacretehotels.com\/de\/wp-json\/wp\/v2\/pages\/48656"}],"wp:featuredmedia":[{"embeddable":true,"href":"https:\/\/old.seacretehotels.com\/de\/wp-json\/wp\/v2\/media\/48523"}],"wp:attachment":[{"href":"https:\/\/old.seacretehotels.com\/de\/wp-json\/wp\/v2\/media?parent=48521"}],"curies":[{"name":"wp","href":"https:\/\/api.w.org\/{rel}","templated":true}]}}