
  
{"id":48517,"date":"2021-01-05T11:16:14","date_gmt":"2021-01-05T09:16:14","guid":{"rendered":"https:\/\/old.seacretehotels.com\/?page_id=48517\/"},"modified":"2021-01-07T16:46:41","modified_gmt":"2021-01-07T14:46:41","slug":"animation-entertainment","status":"publish","type":"page","link":"https:\/\/old.seacretehotels.com\/de\/kianibeachresort\/animation-entertainment\/","title":{"rendered":"Animation &#038; Unterhaltung"},"content":{"rendered":"<h1>Animation &amp; Unterhaltung<\/h1>\n<p>Wenn die Sonne untergeht, beginnt die Musik auf dem Gel\u00e4nde des Kiani Beach Resorts. Am\u00fcsieren Sie sich mit der Musik unserer DJs, die live eine abwechslungsreiche Mischung aus Latin, Funk, Soul und Jazz auflegen, lernen Sie, wie man authentische griechische T\u00e4nze tanzt, oder \u00fcben Sie Ihre ersten Bauchtanzbewegungen unter der Betreuung professioneller Tanzlehrer. Finden Sie im Laufe unserer griechischen N\u00e4chte heraus, was \u201eOPA\u201c bedeutet, oder singen Sie Karaoke. Stellen Sie Ihr Wissen unter Beweis und messen Sie sich mit Freunden im Laufe unseres Quizabends und lassen Sie sich von unserem Zauberk\u00fcnstler mit verschiedenen Tricks verlocken.<\/p>\n<h2>Shows &amp; Veranstaltungen<\/h2>\n<ul>\n<li><strong>Orientalische Show<\/strong><\/li>\n<\/ul>\n<p>Bereiten Sie sich auf unsere verf\u00fchrerischen arabischen N\u00e4chte vor, in denen unsere arabischen T\u00e4nzer Sie von den F\u00fc\u00dfen rei\u00dfen werden. Lassen Sie Ihre Augen den orientalischen Bewegungen folgen und widmen Sie Ihre Gedanken den Geheimnissen ferner L\u00e4nder.<\/p>\n<ul>\n<li><strong>Magier Show<\/strong><\/li>\n<\/ul>\n<p>Versuchen Sie, die Geheimnisse der Illusionen unserer Zauberer zu entr\u00e4tseln, nehmen Sie an unseren Tricks teil und bereiten Sie sich darauf vor, ob Kind oder nicht, wieder an den Zauber zu glauben.<\/p>\n<ul>\n<li><strong>Karaoke-Nacht<\/strong><\/li>\n<\/ul>\n<p>W\u00e4hlen Sie Ihren Lieblingssong. Sind Sie bereit, vor Ihren Freunden und Ihrer Familie aufzutreten? Werden auch Sie zu einem Star auf unserer B\u00fchne und lassen Sie sich von uns anfeuern!<\/p>\n<ul>\n<li><strong>Piano-Abend<\/strong><\/li>\n<\/ul>\n<p>Genie\u00dfen Sie die vielseitigen Kl\u00e4nge, w\u00e4hrend Sie den Melodien des Klaviers zuh\u00f6ren. Gibt es eine bessere Art, einen wunderbaren Sommertag in Chania ausklingen zu lassen?<\/p>\n<ul>\n<li><strong>Griechischer Nacht<\/strong><\/li>\n<\/ul>\n<p>Lernen Sie, wie man auf griechische Art und Weise zu den Kl\u00e4ngen griechischer Folkloremusik und traditionellen kretischen T\u00e4nzen tanzt. Machen Sie sich bereit, auf der Tanzfl\u00e4che \u201eOpa\u201c zu schreien und Ihre Stimmung zu heben.<\/p>\n<ul>\n<li><strong>Live Musik<\/strong><\/li>\n<\/ul>\n<p>Folgen Sie der rhythmischen Musik unserer Live-Bands und swingen Sie mit Ihrem Partner oder Ihren geliebten Freunden in die Nacht.<\/p>\n<ul>\n<li><strong>Quiz-Nacht<\/strong><\/li>\n<\/ul>\n<p>Stellen Sie Ihre F\u00e4higkeiten und Ihr Wissen auf die Probe, indem Sie sich bei unserem Quizabend mit den anderen G\u00e4sten messen. Denken Sie schnell, antworten Sie klug und werden Sie der K\u00f6nig des Quizabends!<\/p>\n<ul>\n<li><strong>Saxofon-Nacht<\/strong><\/li>\n<\/ul>\n<p>Entspannen Sie sich mit den Kl\u00e4ngen des Saxofons in der Gl\u00fcckseligkeit Ihrer Umgebung. Lassen Sie Ihre Sinne in Richtung des offenen Himmels schweifen und Ihre Gedanken zum endlosen Blau des kretischen Meeres reisen.<\/p>\n<p>Wenn die strahlende Sonne untergeht, geht der Tag f\u00fcr uns im Kiani Beach Resort noch lange nicht zu Ende! Genie\u00dfen Sie unsere Abende mit DJs, Tanz und Live-Events und Gastk\u00fcnstlern, die Latin, Funk, Soul, Jazz und traditionelle mediterrane und kretische Musik zum Tanzen unter den Sternen auflegen. Begleiten Sie unsere T\u00e4nzerinnen und T\u00e4nzer, die Ihnen im Laufe unseres \u201egriechischen Abends\u201c griechische T\u00e4nze beibringen, oder stellen Sie Ihre Gesangsk\u00fcnste in einer Karaoke-Runde auf die Probe. Unsere orientalischen T\u00e4nzerinnen werden Jung und Alt mit spannenden Tanzstunden und Gruppent\u00e4nzen auf die Tanzfl\u00e4che lotsen.<\/p>\n","protected":false},"excerpt":{"rendered":"<p>Animation &amp; Unterhaltung Wenn die Sonne untergeht, beginnt die Musik auf dem Gel\u00e4nde des Kiani Beach Resorts. Am\u00fcsieren Sie sich <\/p>\n","protected":false},"author":1,"featured_media":48519,"parent":48656,"menu_order":0,"comment_status":"closed","ping_status":"closed","template":"templates\/template--single.php","meta":[],"acf":[],"_links":{"self":[{"href":"https:\/\/old.seacretehotels.com\/de\/wp-json\/wp\/v2\/pages\/48517"}],"collection":[{"href":"https:\/\/old.seacretehotels.com\/de\/wp-json\/wp\/v2\/pages"}],"about":[{"href":"https:\/\/old.seacretehotels.com\/de\/wp-json\/wp\/v2\/types\/page"}],"author":[{"embeddable":true,"href":"https:\/\/old.seacretehotels.com\/de\/wp-json\/wp\/v2\/users\/1"}],"replies":[{"embeddable":true,"href":"https:\/\/old.seacretehotels.com\/de\/wp-json\/wp\/v2\/comments?post=48517"}],"version-history":[{"count":3,"href":"https:\/\/old.seacretehotels.com\/de\/wp-json\/wp\/v2\/pages\/48517\/revisions"}],"predecessor-version":[{"id":49324,"href":"https:\/\/old.seacretehotels.com\/de\/wp-json\/wp\/v2\/pages\/48517\/revisions\/49324"}],"up":[{"embeddable":true,"href":"https:\/\/old.seacretehotels.com\/de\/wp-json\/wp\/v2\/pages\/48656"}],"wp:featuredmedia":[{"embeddable":true,"href":"https:\/\/old.seacretehotels.com\/de\/wp-json\/wp\/v2\/media\/48519"}],"wp:attachment":[{"href":"https:\/\/old.seacretehotels.com\/de\/wp-json\/wp\/v2\/media?parent=48517"}],"curies":[{"name":"wp","href":"https:\/\/api.w.org\/{rel}","templated":true}]}}