
  
{"id":48510,"date":"2021-01-05T10:51:41","date_gmt":"2021-01-05T08:51:41","guid":{"rendered":"https:\/\/old.seacretehotels.com\/?page_id=48510\/"},"modified":"2023-05-19T18:38:03","modified_gmt":"2023-05-19T15:38:03","slug":"allinclusive-plus","status":"publish","type":"page","link":"https:\/\/old.seacretehotels.com\/de\/kianibeachresort\/allinclusive-plus\/","title":{"rendered":"All-Inclusive Plus Paket"},"content":{"rendered":"<h1>All-Inclusive Plus Paket<\/h1>\n<p><a href=\"https:\/\/old.seacretehotels.com\/wp-content\/uploads\/2022\/11\/KBR_AI_PLUS_GERMAN.pdf\" target=\"_blank\" rel=\"noopener\"><strong>Sehen Sie sich alle Gr\u00fcnde an, warum Sie auf unser All-Inclusive-Plus-Paket upgraden sollten<\/strong><\/a><\/p>\n<p><strong>Bitte beachten Sie:<\/strong> F\u00fcr alle erwachsenen G\u00e4ste jeder Zimmerreservierung ist ein Upgrade erforderlich.<\/p>\n<p>Machen Sie Ihren Urlaub mit unserem All-Inclusive Plus Paket zu etwas ganz Besonderem. Machen Sie sich bereit, zus\u00e4tzliche Vorteile zu genie\u00dfen, wenn Sie Ihr Zimmer betreten, mit besonderen Leckereien, die auf Sie und Ihre Kinder warten, einschlie\u00dflich einer kostenlosen Flasche Wein w\u00e4hrend Ihrer Mahlzeit. Hei\u00dfen Sie die Sonne willkommen, w\u00e4hrend Sie Ihren Cocktail am Strand schl\u00fcrfen und die luxuri\u00f6seste Seite des Insellebens erleben.<\/p>\n<p>Nachfolgend finden Sie eine \u00dcbersicht \u00fcber die Zusatzleistungen, die unseren All-Inclusive Plus G\u00e4sten zur Verf\u00fcgung stehen. F\u00fcr 20\u20ac pro Erwachsenem\/pro Tag genie\u00dfen Sie alle Standard All-Inclusive Leistungen, darunter:<\/p>\n<h3>HOTELDIENSTLEISTUNGEN<\/h3>\n<ul>\n<li>WLAN-Internet mit doppelter Geschwindigkeit in allen Bereichen des Resorts<\/li>\n<li>Kostenloser Kuchen f\u00fcr besondere Anl\u00e4sse (z. B. Geburtstage, Jubil\u00e4en usw.)<\/li>\n<li>Minimarket &#8211; 10 % Rabatt<\/li>\n<li>Ausfl\u00fcge und Rent a Car (B\u00fcro vor Ort) &#8211; 10 % Rabatt<\/li>\n<li>Tagesnutzung bis 18.00 Uhr (nach Verf\u00fcgbarkeit) &#8211; 50% Rabatt<\/li>\n<\/ul>\n<h3>ZIMMERSERVICE<\/h3>\n<ul>\n<li>Zimmer-Upgrade (je nach Verf\u00fcgbarkeit)<\/li>\n<li>W\u00e4sche (30% Rabatt)<\/li>\n<li>Geschirrsp\u00fclservice<\/li>\n<li>Nachmittags-Zimmerservice (auf Anfrage)<\/li>\n<li>Willkommenskorb (Hauswein, Obst, Wasser, S\u00e4fte &amp; Softdrinks)<\/li>\n<li>Kindergeschenk<\/li>\n<li>Tagesnutzung bis 18:00 Uhr (je nach Verf\u00fcgbarkeit)<\/li>\n<li>Espressomaschine (2 x Kapseln GRATIS, wird aufgestockt durch das Raumpflegersonal)<\/li>\n<li>1 Flasche Wasser, wird t\u00e4glich aufgestockt<\/li>\n<\/ul>\n<h3>ESSEN &amp; TRINKEN<\/h3>\n<h4>G\u00e4ste k\u00f6nnen alle \u201eFood &amp; Beverage\u201c-Erg\u00e4nzungen des All-Inclusive Pakets sowie die unten aufgef\u00fchrten Extras genie\u00dfen:<\/h4>\n<ul>\n<li>Dachrestaurant (40% Rabatt)<\/li>\n<li>Kostenlose alkoholische Premium-Markengetr\u00e4nke<\/li>\n<li>Sekt<\/li>\n<li>Kostenlose alkoholische und alkoholfreie Premium-Cocktails<\/li>\n<li>Lokale kohlens\u00e4urehaltige Getr\u00e4nke<\/li>\n<li>Abgef\u00fcllter Hauswein 375 ml (2 x Flaschen pro Person und Tag)<\/li>\n<li>Kostenloses Premium-Bier<\/li>\n<li>Frischer Orangensaft zum Fr\u00fchst\u00fcck und den ganzen Tag \u00fcber an unserer Pool- und Strandbar<\/li>\n<li>Markenkaffee\/Tee zur Selbstbedienung (Espresso, Cappuccino, hei\u00dfe Schokolade usw.)<\/li>\n<li>Barrista-Kaffee (Freddo Cappuccino, griechischer Kaffee usw.)<\/li>\n<\/ul>\n<p><strong>Nachfolgend finden Sie eine vollst\u00e4ndige Liste der Premium-Markenspirituosen, die in unserem All-Inclusive Plus Programm angeboten werden:<\/strong><\/p>\n<p><em><strong>Whisky:<\/strong><\/em> Johnnie Walker Red Label, Ballantine\u2019s, Cutty Sark, Dewar\u2019s, Haig, J&amp;B, Label 5, Jameson, Jim Beam<br \/>\n<em><strong>Rum:<\/strong> <\/em>Bacardi, Havana Club, Captain Morgan Black, Bacardi Black<br \/>\n<em><strong>Cognacs:<\/strong> <\/em>Metaxa 3*<br \/>\n<em><strong>Wermut &#8211; Aperitifs &#8211; Bitter:<\/strong> <\/em>Aperol, Campari Bitter, J\u00e4germeister, Martini Blanco, Martini Dry, Martini Rosato, Martini Rosso<br \/>\n<em><strong>Gin:<\/strong> <\/em>Beefeater, Gordons<br \/>\n<em><strong>Vodka:<\/strong><\/em> Finlandia, Serkova, Smirnoff Red, Smirnoff North, Ursus Roter<br \/>\n<em><strong>Lik\u00f6re:<\/strong> <\/em>Amaretto Disaronno, Archer\u2019s Peach, Baileys, Batida De Coco, Tia Maria<br \/>\n<em><strong>Sambuca:<\/strong><\/em> Ramazzotti<br \/>\n<em><strong>Tequila:<\/strong><\/em> Jose Cuervo Especial, Jose Cuervo Silver, Sierra Reposado, Sierra Silver<\/p>\n<h3>SPORT &amp; FITNESS<\/h3>\n<ul>\n<li>Kostenlose Nutzung unseres Tennisplatzes (Reservierung erforderlich)<\/li>\n<li>Scuba Diving &#8211; 10 % Rabatt<\/li>\n<\/ul>\n<h3>KIANI STRAND RESORT SPA<\/h3>\n<ul>\n<li>Massagen, Behandlungen und Wellness-Einrichtungen &#8211; 30 % Rabatt<\/li>\n<\/ul>\n<h3>EINRICHTUNGEN F\u00dcR KINDER<\/h3>\n<ul>\n<li>T-Shirt-Malerei &#8211; 20 % Rabatt<\/li>\n<\/ul>\n","protected":false},"excerpt":{"rendered":"<p>All-Inclusive Plus Paket Sehen Sie sich alle Gr\u00fcnde an, warum Sie auf unser All-Inclusive-Plus-Paket upgraden sollten Bitte beachten Sie: F\u00fcr <\/p>\n","protected":false},"author":1,"featured_media":48512,"parent":48656,"menu_order":0,"comment_status":"closed","ping_status":"closed","template":"templates\/template--single.php","meta":[],"acf":[],"_links":{"self":[{"href":"https:\/\/old.seacretehotels.com\/de\/wp-json\/wp\/v2\/pages\/48510"}],"collection":[{"href":"https:\/\/old.seacretehotels.com\/de\/wp-json\/wp\/v2\/pages"}],"about":[{"href":"https:\/\/old.seacretehotels.com\/de\/wp-json\/wp\/v2\/types\/page"}],"author":[{"embeddable":true,"href":"https:\/\/old.seacretehotels.com\/de\/wp-json\/wp\/v2\/users\/1"}],"replies":[{"embeddable":true,"href":"https:\/\/old.seacretehotels.com\/de\/wp-json\/wp\/v2\/comments?post=48510"}],"version-history":[{"count":20,"href":"https:\/\/old.seacretehotels.com\/de\/wp-json\/wp\/v2\/pages\/48510\/revisions"}],"predecessor-version":[{"id":101371,"href":"https:\/\/old.seacretehotels.com\/de\/wp-json\/wp\/v2\/pages\/48510\/revisions\/101371"}],"up":[{"embeddable":true,"href":"https:\/\/old.seacretehotels.com\/de\/wp-json\/wp\/v2\/pages\/48656"}],"wp:featuredmedia":[{"embeddable":true,"href":"https:\/\/old.seacretehotels.com\/de\/wp-json\/wp\/v2\/media\/48512"}],"wp:attachment":[{"href":"https:\/\/old.seacretehotels.com\/de\/wp-json\/wp\/v2\/media?parent=48510"}],"curies":[{"name":"wp","href":"https:\/\/api.w.org\/{rel}","templated":true}]}}