
  
{"id":48506,"date":"2021-01-05T10:46:28","date_gmt":"2021-01-05T08:46:28","guid":{"rendered":"https:\/\/old.seacretehotels.com\/?page_id=48506\/"},"modified":"2022-11-09T12:26:02","modified_gmt":"2022-11-09T10:26:02","slug":"allinclusive-holidays","status":"publish","type":"page","link":"https:\/\/old.seacretehotels.com\/de\/kianibeachresort\/allinclusive-holidays\/","title":{"rendered":"Kiani All-Inclusive Paket"},"content":{"rendered":"<h1>All-Inclusive Paket<\/h1>\n<p>Das KOSTENLOSE Standard-All-Inclusive Paket, das Ihnen im Kiani Beach Resort angeboten wird, beinhaltet alles, von den Hauptmahlzeiten \u00fcber leichte Snacks und Erfrischungen w\u00e4hrend des Tages bis hin zu Kinderaktivit\u00e4ten, Freizeit- und Erholungsm\u00f6glichkeiten sowie verschiedenen Sportabenteuern. Buchen Sie Ihren Aufenthalt im Kiani Beach Resort und genie\u00dfen Sie einen stressfreien Strandurlaub, ohne sich um zus\u00e4tzlichen Kosten k\u00fcmmern zu m\u00fcssen. Im Folgenden finden Sie eine \u00dcbersicht \u00fcber alles, was das All-Inclusive-Paket des Kiani Beach Resorts beinhaltet:<\/p>\n<h3>Hoteldienstleistungen<\/h3>\n<p>\u2013 Kostenlose Strandt\u00fccher in Ihrem Zimmer (1 Set pro Woche)<br \/>\n\u2013 Kostenlose Sonnenliegen (Kann nicht reserviert werden)<br \/>\n\u2013 Wifi Internet in allen Bereichen des Resorts<br \/>\n\u2013 Safe (kostenlos)<\/p>\n<h3>Zimmerservice:<\/h3>\n<p>\u2013 Zimmerreinigung<\/p>\n<h3>Mahlzeiten und Getr\u00e4nke enthalten vom All-Inclusive-Programm<\/h3>\n<p>\u2013 Alle t\u00e4glichen Mahlzeiten, Snacks &amp; Eiscreme<br \/>\n\u2013 Dachrestaurant (gegen Geb\u00fchr)<br \/>\n\u2013 Lokaler kretischer Wein vom Fass (Rot, Wei\u00df, Rose)<br \/>\n\u2013 Lokales kretisches Fassbier<br \/>\n\u2013 Lokale Nicht-Marken-Spirituosen (Ouzo, Raki)<br \/>\n\u2013 Lokale Non-Marken-Spirituosen (Gin, Tequila, Rum, Wodka, Brandy, Whisky)<br \/>\n\u2013 Frischer Orangensaft zum Fr\u00fchst\u00fcck<br \/>\n\u2013 Lokale kohlens\u00e4urehaltige Getr\u00e4nke aus Sodabrunnen &amp; Wasser vom Fass<br \/>\n\u2013 Markenkaffee\/Tee zur Selbstbedienung (Espresso, Cappuccino, hei\u00dfe Schokolade usw.)<\/p>\n<h3>Unterhaltung f\u00fcr Erwachsene<\/h3>\n<p>\u2013 T\u00e4gliche Abendshows<\/p>\n<h3>Einrichtungen f\u00fcr Kinder<\/h3>\n<ul>\n<li>Kinderspielplatz<\/li>\n<li>Mini-Disco<\/li>\n<li>Hochst\u00fchle im Restaurant<\/li>\n<li>Eselreiten<\/li>\n<li>Animationsprogramm und Kinderklub, 6 Tage in der Woche<\/li>\n<li>Gesichtsbemalung<\/li>\n<li>T-Shirt-Malerei (10 \u20ac)<\/li>\n<\/ul>\n<h3>Freizeit und Entspannung<\/h3>\n<ul>\n<li>Eine ausreichende Anzahl von Sonnenschirmen und Sonnenliegen stehen unseren G\u00e4sten im Pool-Bereich zur Verf\u00fcgung (kostenlos)<\/li>\n<li>Animationsprogramm mit Tagesaktivit\u00e4ten und Nachtshows 6 Tage die Woche<\/li>\n<li>Kostenloses WLAN-Internet in allen Zimmern, am Strand und in den \u00f6ffentlichen Hotelbereichen<\/li>\n<li>Kostenloses Kabel-Internet in den Zimmern<\/li>\n<\/ul>\n<h3>Sport und Fitness<\/h3>\n<ul>\n<li>Fitnessstudio\/organisierte Fitnessprogramme (Yoga, Zumba, Wassergymnastik usw.)<\/li>\n<li>Nutzung des Tennisplatzes (Reservierung erforderlich, 10 \u20ac pro Stunde)<\/li>\n<li>Kostenlose Nutzung des beheizten Innenpools<\/li>\n<\/ul>\n<h3>Dienstleistungen gegen Aufpreis (Buchungen \u00fcber die Rezeption)<\/h3>\n<ul>\n<li>Geschenkeladen<\/li>\n<li>Geschirrsp\u00fclen<\/li>\n<li>Sporttauchen<\/li>\n<li>Baby-Paket (Babybett, Babywagen, Babystuhl)<\/li>\n<li>Spielzimmer mit Billard und elektronischen Spielen<\/li>\n<li>Nutzung im Laufe des Tages<\/li>\n<li>Notarzt<\/li>\n<li>Taxi-Service<\/li>\n<li>Minimarket<\/li>\n<\/ul>\n","protected":false},"excerpt":{"rendered":"<p>All-Inclusive Paket Das KOSTENLOSE Standard-All-Inclusive Paket, das Ihnen im Kiani Beach Resort angeboten wird, beinhaltet alles, von den Hauptmahlzeiten \u00fcber <\/p>\n","protected":false},"author":1,"featured_media":48508,"parent":48656,"menu_order":0,"comment_status":"closed","ping_status":"closed","template":"templates\/template--single.php","meta":[],"acf":[],"_links":{"self":[{"href":"https:\/\/old.seacretehotels.com\/de\/wp-json\/wp\/v2\/pages\/48506"}],"collection":[{"href":"https:\/\/old.seacretehotels.com\/de\/wp-json\/wp\/v2\/pages"}],"about":[{"href":"https:\/\/old.seacretehotels.com\/de\/wp-json\/wp\/v2\/types\/page"}],"author":[{"embeddable":true,"href":"https:\/\/old.seacretehotels.com\/de\/wp-json\/wp\/v2\/users\/1"}],"replies":[{"embeddable":true,"href":"https:\/\/old.seacretehotels.com\/de\/wp-json\/wp\/v2\/comments?post=48506"}],"version-history":[{"count":8,"href":"https:\/\/old.seacretehotels.com\/de\/wp-json\/wp\/v2\/pages\/48506\/revisions"}],"predecessor-version":[{"id":81563,"href":"https:\/\/old.seacretehotels.com\/de\/wp-json\/wp\/v2\/pages\/48506\/revisions\/81563"}],"up":[{"embeddable":true,"href":"https:\/\/old.seacretehotels.com\/de\/wp-json\/wp\/v2\/pages\/48656"}],"wp:featuredmedia":[{"embeddable":true,"href":"https:\/\/old.seacretehotels.com\/de\/wp-json\/wp\/v2\/media\/48508"}],"wp:attachment":[{"href":"https:\/\/old.seacretehotels.com\/de\/wp-json\/wp\/v2\/media?parent=48506"}],"curies":[{"name":"wp","href":"https:\/\/api.w.org\/{rel}","templated":true}]}}