
  
{"id":48502,"date":"2021-01-05T10:42:40","date_gmt":"2021-01-05T08:42:40","guid":{"rendered":"https:\/\/old.seacretehotels.com\/?page_id=48502\/"},"modified":"2022-11-09T12:22:51","modified_gmt":"2022-11-09T10:22:51","slug":"allinclusive-hotel","status":"publish","type":"page","link":"https:\/\/old.seacretehotels.com\/de\/kianibeachresort\/allinclusive-hotel\/","title":{"rendered":"Kiani All-Inclusive-\u00dcbersicht"},"content":{"rendered":"<h1>All-Inclusive-Hotel in Chania, Kreta<\/h1>\n<p>Das 5-Sterne-Hotel Kiani Beach bietet die ultimative Wahl f\u00fcr einen fantastischen All-Inclusive-Urlaub in Chania. Privilegierte G\u00e4ste, die in diesem au\u00dfergew\u00f6hnlichen All-Inclusive-Resort in Chania \u00fcbernachten, k\u00f6nnen ihren Morgen mit einem schmackhaften Fr\u00fchst\u00fccksbuffet und einem Glas frischem Orangensaft aus biologisch angebauten Orangen beginnen, den Tag bei einer gro\u00dfen Auswahl an Freizeit- und aufregenden Sportabenteuern ausklingen lassen, ihre Mahlzeiten oder leichte Snacks und Erfrischungen den ganzen Tag \u00fcber genie\u00dfen und sich am Pool oder am Meer mit Blick auf den endlosen Horizont entspannen, &#8230; und dies alles kostenlos.<\/p>\n<h2>Chania All-Inclusive-Pakete<\/h2>\n<p>Perfekt f\u00fcr G\u00e4ste, die nach speziellen Angeboten f\u00fcr ihren Urlaub auf der Insel Kreta in Griechenland suchen. Dieses All-Inclusive-Hotel in Chania bietet eine gro\u00dfe Auswahl an exklusiven Urlaubspaketen, die den G\u00e4sten erm\u00f6glichen, ihren Urlaub zu genie\u00dfen, ohne sich um zus\u00e4tzliche Kosten sorgen zu m\u00fcssen. Nutzen Sie also unsere saisonalen Pakete, lehnen Sie sich zur\u00fcck und genie\u00dfen Sie einen wirklich erholsamen Urlaub in einem zu Recht als Top-All-Inclusive-Resort in Chania geltenden Resort.<\/p>\n<h3>Hotel in Chania mit Sonderangeboten<\/h3>\n<p>Kiani Beach Resort in Chania gilt zu Recht als eines der besten All-Inclusive-5-Sterne-Resorts auf Kreta und ist ein Familienresort mit Meerblick, das mehr bietet, als Sie sich vorstellen k\u00f6nnen. Dieses sch\u00f6ne Strandhotel in der N\u00e4he von Chania vereint die Essenz Ihres Urlaubs in seinen Standard- und VIP-All-Inclusive-Paketen, damit Sie Ihren <a href=\"https:\/\/old.seacretehotels.com\/de\/kianibeachresort\/family-holidays\/\">Familienurlaub auf Kreta<\/a> optimal nutzen k\u00f6nnen. Lassen Sie sich mit besonderen Leckerbissen in Ihrem Zimmer begr\u00fc\u00dfen, genie\u00dfen Sie die k\u00f6stlichen Aromen der mediterranen K\u00fcche, erleben Sie aufregende Sportabenteuer, nehmen Sie an verschiedenen Freizeit- und Erholungsaktivit\u00e4ten teil, entspannen Sie sich und genie\u00dfen Sie einen erstaunlichen Urlaub in diesem einzigartigen All-Inclusive-Resort in Chania.<br \/>\n<strong>ALL-INCLUSIVE PROGRAMM<\/strong> <strong>Mahlzeiten im Buffet-Restaurant Symposium<\/strong>. Alle Mahlzeiten werden in einem reichhaltigen Buffet serviert, mit einer Vielzahl von Lebensmitteln, die auf griechische Art vorbereitet werden. Unsere G\u00e4ste k\u00f6nnen Tag und Nacht den herrlichen Blick auf das Meer von Kreta genie\u00dfen, kombiniert mit den k\u00f6stlichen Spezialit\u00e4ten, die unser K\u00fcchenchef zubereitet.<\/p>\n<ul>\n<li>Fr\u00fchst\u00fcck: von 08:00 bis 10:30 Uhr &#8211; amerikanisches Buffet<\/li>\n<li>Mittagessen: von 13:00 bis 15:00 Uhr &#8211; vollst\u00e4ndiges Buffet<\/li>\n<li>Abendessen: von 19:00 bis 21:30 Uhr &#8211; vollst\u00e4ndiges Buffet<\/li>\n<\/ul>\n<p>Dress Code: W\u00e4hrend der Essenszeiten sind die G\u00e4ste aufgefordert, sich im Hauptrestaurant respektvoll zu kleiden.\u00a0 <strong>Leichte Mahlzeiten &#8211; Snacks und Kaffeezeit<\/strong> Eine Vielfalt von warmen und kalten Snacks, Sandwiches, Geb\u00e4ck, zusammen mit lokal angebautem Obst und Salat werden w\u00e4hrend den folgenden Zeiten verf\u00fcgbar sein:<\/p>\n<ul>\n<li>Den ganzen Tag (von 11:00 bis 18:00 Uhr)<\/li>\n<\/ul>\n<p>Eis gibt es w\u00e4hrend der Mittags- und Abendessenszeit (am Buffet) und zwischen 11:00 &#8211; 12:00 Uhr und 16:00 -18:00 Uhr (an der Strandbar Dionysos). Sandwiches f\u00fcr Ihre Ausfl\u00fcge sind auf Anfrage an der Rezeption erh\u00e4ltlich. Diese m\u00fcssen einen Tag im Voraus bis 19:00 Uhr bestellt werden.<\/p>\n<h3>Hoteldienstleistungen<\/h3>\n<p>\u2013 Kostenlose Strandt\u00fccher in Ihrem Zimmer (1 Set pro Woche)<br \/>\n\u2013 Kostenlose Sonnenliegen (Kann nicht reserviert werden)<br \/>\n\u2013 Wifi Internet in allen Bereichen des Resorts<br \/>\n\u2013 Safe (kostenlos)<\/p>\n<h3>Zimmerservice:<\/h3>\n<p>&#8211; Zimmerreinigung<\/p>\n<h3>Mahlzeiten und Getr\u00e4nke enthalten vom All-Inclusive-Programm<\/h3>\n<p>\u2013 Alle t\u00e4glichen Mahlzeiten, Snacks &amp; Eiscreme<br \/>\n\u2013 Dachrestaurant (gegen Geb\u00fchr)<br \/>\n\u2013 Lokaler kretischer Wein vom Fass (Rot, Wei\u00df, Rose)<br \/>\n\u2013 Lokales kretisches Fassbier<br \/>\n\u2013 Lokale Nicht-Marken-Spirituosen (Ouzo, Raki)<br \/>\n\u2013 Lokale Non-Marken-Spirituosen (Gin, Tequila, Rum, Wodka, Brandy, Whisky)<br \/>\n\u2013 Frischer Orangensaft zum Fr\u00fchst\u00fcck<br \/>\n\u2013 Lokale kohlens\u00e4urehaltige Getr\u00e4nke aus Sodabrunnen &amp; Wasser vom Fass<br \/>\n\u2013 Markenkaffee\/Tee zur Selbstbedienung (Espresso, Cappuccino, hei\u00dfe Schokolade usw.)<\/p>\n<h3>Unterhaltung f\u00fcr Erwachsene<\/h3>\n<p>&#8211; T\u00e4gliche Abendshows<\/p>\n<h3>Einrichtungen f\u00fcr Kinder<\/h3>\n<ul>\n<li>Kinderspielplatz<\/li>\n<li>Mini-Disco<\/li>\n<li>Hochst\u00fchle im Restaurant<\/li>\n<li>Eselreiten<\/li>\n<li>Animationsprogramm und Kinderklub, 6 Tage in der Woche<\/li>\n<li>Gesichtsbemalung<\/li>\n<li>T-Shirt-Malerei (10 \u20ac)<\/li>\n<\/ul>\n<h3>Freizeit und Entspannung<\/h3>\n<ul>\n<li>Eine ausreichende Anzahl von Sonnenschirmen und Sonnenliegen stehen unseren G\u00e4sten im Pool-Bereich zur Verf\u00fcgung (kostenlos)<\/li>\n<li>Animationsprogramm mit Tagesaktivit\u00e4ten und Nachtshows 6 Tage die Woche<\/li>\n<li>Kostenloses WLAN-Internet in allen Zimmern, am Strand und in den \u00f6ffentlichen Hotelbereichen<\/li>\n<li>Kostenloses Kabel-Internet in den Zimmern<\/li>\n<\/ul>\n<h3>Sport und Fitness<\/h3>\n<ul>\n<li>Fitnessstudio\/organisierte Fitnessprogramme (Yoga, Zumba, Wassergymnastik usw.)<\/li>\n<li>Nutzung des Tennisplatzes (Reservierung erforderlich, 10 \u20ac pro Stunde)<\/li>\n<li>Kostenlose Nutzung des beheizten Innenpools<\/li>\n<\/ul>\n<h3>Dienstleistungen gegen Aufpreis (Buchungen \u00fcber die Rezeption)<\/h3>\n<ul>\n<li>Geschenkeladen<\/li>\n<li>Geschirrsp\u00fclen<\/li>\n<li>Sporttauchen<\/li>\n<li>Baby-Paket (Babybett, Babywagen, Babystuhl)<\/li>\n<li>Spielzimmer mit Billard und elektronischen Spielen<\/li>\n<li>Nutzung im Laufe des Tages<\/li>\n<li>Notarzt<\/li>\n<li>Taxi-Service<\/li>\n<li>Minimarket<\/li>\n<\/ul>\n","protected":false},"excerpt":{"rendered":"<p>All-Inclusive-Hotel in Chania, Kreta Das 5-Sterne-Hotel Kiani Beach bietet die ultimative Wahl f\u00fcr einen fantastischen All-Inclusive-Urlaub in Chania. Privilegierte G\u00e4ste, <\/p>\n","protected":false},"author":1,"featured_media":48504,"parent":48656,"menu_order":0,"comment_status":"closed","ping_status":"closed","template":"templates\/template--single.php","meta":[],"acf":[],"_links":{"self":[{"href":"https:\/\/old.seacretehotels.com\/de\/wp-json\/wp\/v2\/pages\/48502"}],"collection":[{"href":"https:\/\/old.seacretehotels.com\/de\/wp-json\/wp\/v2\/pages"}],"about":[{"href":"https:\/\/old.seacretehotels.com\/de\/wp-json\/wp\/v2\/types\/page"}],"author":[{"embeddable":true,"href":"https:\/\/old.seacretehotels.com\/de\/wp-json\/wp\/v2\/users\/1"}],"replies":[{"embeddable":true,"href":"https:\/\/old.seacretehotels.com\/de\/wp-json\/wp\/v2\/comments?post=48502"}],"version-history":[{"count":12,"href":"https:\/\/old.seacretehotels.com\/de\/wp-json\/wp\/v2\/pages\/48502\/revisions"}],"predecessor-version":[{"id":81559,"href":"https:\/\/old.seacretehotels.com\/de\/wp-json\/wp\/v2\/pages\/48502\/revisions\/81559"}],"up":[{"embeddable":true,"href":"https:\/\/old.seacretehotels.com\/de\/wp-json\/wp\/v2\/pages\/48656"}],"wp:featuredmedia":[{"embeddable":true,"href":"https:\/\/old.seacretehotels.com\/de\/wp-json\/wp\/v2\/media\/48504"}],"wp:attachment":[{"href":"https:\/\/old.seacretehotels.com\/de\/wp-json\/wp\/v2\/media?parent=48502"}],"curies":[{"name":"wp","href":"https:\/\/api.w.org\/{rel}","templated":true}]}}