
  
{"id":48462,"date":"2021-01-05T10:33:47","date_gmt":"2021-01-05T08:33:47","guid":{"rendered":"https:\/\/old.seacretehotels.com\/?page_id=48462\/"},"modified":"2023-10-30T15:48:55","modified_gmt":"2023-10-30T13:48:55","slug":"kalyvesbeachhotel","status":"publish","type":"page","link":"https:\/\/old.seacretehotels.com\/de\/kalyvesbeachhotel\/","title":{"rendered":"Kalyves Startseite"},"content":{"rendered":"<h1>Idyllisches Hotel direkt am Strand in Chania<\/h1>\n<p>Das Kalyves Beach Hotel ist ein idyllisches Hotel mit Meerblick auf Kreta, neben dem Fluss \u201eXydas\u201c im Herzen des traditionellen Dorfes Kalyves in Chania. Inmitten des kristallklaren Wassers unseres mit der Blauen Flagge ausgezeichneten Strandes und der \u00fcppigen gr\u00fcnen Umgebung bietet dieses 4-Sterne-Hotel auf Kreta die perfekte Unterkunft f\u00fcr Paare, Familien und Freunde, die die bezaubernde Region Chania besuchen. Seine privilegierte Lage in Kalyves erm\u00f6glicht den Reisenden, die nahe gelegenen arch\u00e4ologischen St\u00e4tten, malerische traditionelle D\u00f6rfer, schillernde Str\u00e4nde und Einkaufsm\u00f6glichkeiten zu entdecken und die Geheimnisse der authentischen kretischen Lebensweise zu kennenzulernen.<\/p>\n","protected":false},"excerpt":{"rendered":"<p>Idyllisches Hotel direkt am Strand in Chania Das Kalyves Beach Hotel ist ein idyllisches Hotel mit Meerblick auf Kreta, neben <\/p>\n","protected":false},"author":1,"featured_media":100841,"parent":0,"menu_order":0,"comment_status":"closed","ping_status":"closed","template":"templates\/template--hotel.php","meta":[],"acf":[],"_links":{"self":[{"href":"https:\/\/old.seacretehotels.com\/de\/wp-json\/wp\/v2\/pages\/48462"}],"collection":[{"href":"https:\/\/old.seacretehotels.com\/de\/wp-json\/wp\/v2\/pages"}],"about":[{"href":"https:\/\/old.seacretehotels.com\/de\/wp-json\/wp\/v2\/types\/page"}],"author":[{"embeddable":true,"href":"https:\/\/old.seacretehotels.com\/de\/wp-json\/wp\/v2\/users\/1"}],"replies":[{"embeddable":true,"href":"https:\/\/old.seacretehotels.com\/de\/wp-json\/wp\/v2\/comments?post=48462"}],"version-history":[{"count":28,"href":"https:\/\/old.seacretehotels.com\/de\/wp-json\/wp\/v2\/pages\/48462\/revisions"}],"predecessor-version":[{"id":108342,"href":"https:\/\/old.seacretehotels.com\/de\/wp-json\/wp\/v2\/pages\/48462\/revisions\/108342"}],"wp:featuredmedia":[{"embeddable":true,"href":"https:\/\/old.seacretehotels.com\/de\/wp-json\/wp\/v2\/media\/100841"}],"wp:attachment":[{"href":"https:\/\/old.seacretehotels.com\/de\/wp-json\/wp\/v2\/media?parent=48462"}],"curies":[{"name":"wp","href":"https:\/\/api.w.org\/{rel}","templated":true}]}}