
  
{"id":48458,"date":"2021-01-05T10:13:08","date_gmt":"2021-01-05T08:13:08","guid":{"rendered":"https:\/\/old.seacretehotels.com\/?page_id=48458\/"},"modified":"2021-01-07T16:42:23","modified_gmt":"2021-01-07T14:42:23","slug":"traditional-holidays","status":"publish","type":"page","link":"https:\/\/old.seacretehotels.com\/de\/kalyvesbeachhotel\/traditional-holidays\/","title":{"rendered":"Kalyves Dorfleben"},"content":{"rendered":"<h1>Das lokale Leben im Dorf Kalyves in Chania<\/h1>\n<p>Erleben Sie die W\u00e4rme und bekannte authentische kretische Gastfreundschaft im malerischen Dorf Kalyves in Chania. Leben Sie wie ein Einheimischer in diesem traditionellen Dorf auf Kreta und entdecken Sie die Sch\u00f6nheiten, die sich im Vorbeigehen entfalten. Erkunden Sie Kalyves zu Fu\u00df, w\u00e4hrend Sie sich inmitten der Stra\u00dfen und Gassen verlieren, genie\u00dfen Sie Ihren Kaffee auf traditionelle Weise in einem der \u00f6rtlichen Caf\u00e9s \u201eKafeneion\u201c auf dem zentralen Platz des Dorfes und kaufen Sie authentische lokale Produkte und handwerkliche Kunstgegenst\u00e4nde in den Fachgesch\u00e4ften des Dorfes, dem Metzger, der B\u00e4ckerei, dem Markt, dem traditionellen Fasshandel, in dem auch Wein verkauft wird, sowie auch im Keramik- und Juweliergesch\u00e4ft. Mischen Sie sich unter die Einheimischen auf dem zentralen Platz, w\u00e4hrend Sie eine Mahlzeit oder ein Getr\u00e4nk vor der Kirche von Agia Parakevi genie\u00dfen und die authentische Sch\u00f6nheit bewundern.<\/p>\n<h2>Das traditionelle Dorf Kalyves auf der Insel Kreta<\/h2>\n<p>Das Dorf Kalyves behielt seinen urspr\u00fcnglichen Charakter und seinen lokalen Lebensstil und ist die ideale Wahl f\u00fcr einen ruhigen Zufluchtsort auf der Insel Kreta. Machen Sie einen Spaziergang auf dem Hauptplatz des Dorfes und \u00fcberqueren Sie die Br\u00fccke \u00fcber den Fluss Xydas, bestaunen Sie die Flora und Fauna an den Ufern des Flusses und beobachten Sie die Enten, die an Ihnen vorbeiziehen. Kalyves ist der perfekte Ausgangspunkt f\u00fcr Spazierg\u00e4nge zu den zwei faszinierenden Str\u00e4nden der Gegend, f\u00fcr Besuche in den nahe gelegenen D\u00f6rfern Almyrida, Kalami, Armeni, Aptera mit seiner arch\u00e4ologischen St\u00e4tte und Nio Horio sowie f\u00fcr Ausfl\u00fcge in die Gro\u00dfregion Apokoronas. Perfekt im Zentrum von Kalyves gelegen, bietet das Kalyves Beach Hotel in Chania die ultimative Wahl f\u00fcr Ihren Familienurlaub oder romantischen Urlaub auf Kreta sowie die perfekte Basis f\u00fcr Ihre Erkundungen der Region Apokoronas.<\/p>\n<h3>Unvergesslicher Urlaub in Kalyves<\/h3>\n<p>Das malerische Dorf Kalyves in Chania wird von vielen bevorzugt, da es einen ruhigen Zufluchtsort f\u00fcr Familien und Paare darstellt. Das ruhige und malerische Dorf bietet alles, was sich ein Reisender f\u00fcr einen authentischen Kalyves-Urlaub w\u00fcnschen kann, einschlie\u00dflich zweier erstaunlicher Str\u00e4nde ausgezeichnet mit der Blauen Flagge und seichtem Wasser. Es gibt verschiedene Vorschl\u00e4ge f\u00fcr Ausfl\u00fcge sowohl f\u00fcr Tierliebhaber als auch f\u00fcr Vogelbeobachter, da es eine gro\u00dfe Anzahl von Zugv\u00f6geln und endemischer Arten zu sehen gibt. Machen Sie entspannende Spazierg\u00e4nge am Strand und in der \u00fcppigen Umgebung, besuchen Sie die Diktamos-Schlucht und folgen Sie den Pfaden durch duftende Haine, Weideland und winzige Weiler, sitzen Sie am Ufer des Flusses Xidas oder Koiliaris und bewundern Sie die dramatische Kulisse der weltber\u00fchmten Wei\u00dfen Berge Griechenlands. Genie\u00dfen Sie Ihren Urlaub in Kalyves und die <a href=\"\/chania-sightseeing\/\">wichtigsten Sehensw\u00fcrdigkeiten von Chania<\/a>, w\u00e4hrend Sie in einem der bekanntesten Badeorte der Insel Kreta absteigen.<\/p>\n","protected":false},"excerpt":{"rendered":"<p>Das lokale Leben im Dorf Kalyves in Chania Erleben Sie die W\u00e4rme und bekannte authentische kretische Gastfreundschaft im malerischen Dorf <\/p>\n","protected":false},"author":1,"featured_media":100587,"parent":48462,"menu_order":0,"comment_status":"closed","ping_status":"closed","template":"templates\/template--single.php","meta":[],"acf":[],"_links":{"self":[{"href":"https:\/\/old.seacretehotels.com\/de\/wp-json\/wp\/v2\/pages\/48458"}],"collection":[{"href":"https:\/\/old.seacretehotels.com\/de\/wp-json\/wp\/v2\/pages"}],"about":[{"href":"https:\/\/old.seacretehotels.com\/de\/wp-json\/wp\/v2\/types\/page"}],"author":[{"embeddable":true,"href":"https:\/\/old.seacretehotels.com\/de\/wp-json\/wp\/v2\/users\/1"}],"replies":[{"embeddable":true,"href":"https:\/\/old.seacretehotels.com\/de\/wp-json\/wp\/v2\/comments?post=48458"}],"version-history":[{"count":3,"href":"https:\/\/old.seacretehotels.com\/de\/wp-json\/wp\/v2\/pages\/48458\/revisions"}],"predecessor-version":[{"id":48461,"href":"https:\/\/old.seacretehotels.com\/de\/wp-json\/wp\/v2\/pages\/48458\/revisions\/48461"}],"up":[{"embeddable":true,"href":"https:\/\/old.seacretehotels.com\/de\/wp-json\/wp\/v2\/pages\/48462"}],"wp:featuredmedia":[{"embeddable":true,"href":"https:\/\/old.seacretehotels.com\/de\/wp-json\/wp\/v2\/media\/100587"}],"wp:attachment":[{"href":"https:\/\/old.seacretehotels.com\/de\/wp-json\/wp\/v2\/media?parent=48458"}],"curies":[{"name":"wp","href":"https:\/\/api.w.org\/{rel}","templated":true}]}}