
  
{"id":48421,"date":"2021-01-04T17:57:32","date_gmt":"2021-01-04T15:57:32","guid":{"rendered":"https:\/\/old.seacretehotels.com\/?page_id=48421\/"},"modified":"2023-05-12T09:30:28","modified_gmt":"2023-05-12T06:30:28","slug":"location-map","status":"publish","type":"page","link":"https:\/\/old.seacretehotels.com\/de\/kalyvesbeachhotel\/location-map\/","title":{"rendered":"Standort &#038; Karte"},"content":{"rendered":"<h1>Standort &amp; Karte<\/h1>\n<p>Das Kalyves Beach Hotel liegt wundersch\u00f6n eingebettet im malerischen Dorf Kalyves, einem kleinen charmanten Dorf, das seinen authentischen Charakter und seine nat\u00fcrliche Sch\u00f6nheit bewahrt hat. Bereiten Sie sich darauf vor, Ihren Urlaub an einem Ort zu genie\u00dfen, wo Natur und Tradition Hand in Hand gehen, wo Fluss und Meer auf die Berge treffen und das Tempo des Alltags in Pause gelegt wird.<\/p>\n<p>An der Seite der Souda-Bucht in der Region Apokoronas, neben dem Fluss Xidas, liegt das malerische Dorf Kalyves, das als eines der besten Badeorte in Chania auf Kreta gilt. Der vorbeiflie\u00dfende Fluss Xidas sowie der mitrei\u00dfende Strand von Kalyves bilden die perfekte Kulisse f\u00fcr einen erholsamen Urlaub fernab von den Menschenmassen. Erleben Sie die authentische Art des Insellebens, wenn Sie durch die Stra\u00dfen des Dorfes schlendern und an seinem zentralen Platz mit den traditionellen Gesch\u00e4ften, Caf\u00e9s und Restaurants vorbeikommen. Besuchen Sie die nahe gelegenen D\u00f6rfer Almyrida, Plaka, Kokkino Horio, Armeni, Nio Horio, Stylos, Gavalochori und entdecken Sie die arch\u00e4ologische St\u00e4tte von Aptera. Fordern Sie Ihre Grenzen heraus mit einer gro\u00dfen Auswahl an Wassersportarten, die am Strand angeboten werden oder begeben Sie sich auf eine Rafting-Tour von Armeni aus. Erkunden Sie die Gro\u00dfregion von Apokoronas und genie\u00dfen Sie einen Spaziergang in der Natur entlang des Kiliaris-Flusses, besuchen Sie den Heiligen Johannes in Platanakia, Ombrosgialos am Kap Drapano, das traditionelle Dorf Vamos und Vrisses sowie den Kournas-See. Welchen Weg Sie auch immer einschlagen wollen, die malerischen Landschaften und authentischen Siedlungen werden Ihnen den Atem rauben!<\/p>\n<h2>N\u00fctzliche Links<\/h2>\n<ul>\n<li>Unglaubliches Kreta <a href=\"http:\/\/www.incrediblecrete.gr\" target=\"_blank\" rel=\"nofollow noopener noreferrer\">www.incrediblecrete.gr<\/a><\/li>\n<li>Kretische Str\u00e4nde <a href=\"http:\/\/www.cretanbeaches.com\/en\/\" target=\"_blank\" rel=\"nofollow noopener noreferrer\">www.cretanbeaches.com<\/a><\/li>\n<li>Stadtverwaltung von Chania <a href=\"http:\/\/www.chaniacrete.gr\/index.php\/en\/\" target=\"_blank\" rel=\"nofollow noopener noreferrer\">www.chania.gr<\/a>,<a href=\"http:\/\/www.chaniatourism.com\/\" target=\"_blank\" rel=\"nofollow noopener noreferrer\"> www.chaniacrete.gr<\/a><\/li>\n<li>Aegean Airlines <a href=\"http:\/\/www.aegeanair.com\" target=\"_blank\" rel=\"nofollow noopener noreferrer\">www.aegeanair.com<\/a><\/li>\n<li>EasyJet <a href=\"http:\/\/www.easyjet.com\" target=\"_blank\" rel=\"nofollow noopener noreferrer\">www.easyjet.com<\/a><\/li>\n<li>Ryanair <a href=\"http:\/\/www.ryanair.com\" target=\"_blank\" rel=\"nofollow noopener noreferrer\">www.ryanair.com<\/a><\/li>\n<li>British Airways <a href=\"http:\/\/www.britishairways.com\/\" target=\"_blank\" rel=\"nofollow noopener noreferrer\">www.britishairways.com<\/a><\/li>\n<li>Norwegian Air\u00a0<a href=\"https:\/\/www.norwegian.com\" target=\"_blank\" rel=\"noopener noreferrer\">www.norwegian.com<\/a><\/li>\n<\/ul>\n","protected":false},"excerpt":{"rendered":"<p>Standort &amp; Karte Das Kalyves Beach Hotel liegt wundersch\u00f6n eingebettet im malerischen Dorf Kalyves, einem kleinen charmanten Dorf, das seinen <\/p>\n","protected":false},"author":1,"featured_media":0,"parent":48462,"menu_order":0,"comment_status":"closed","ping_status":"closed","template":"templates\/template--location.php","meta":[],"acf":[],"_links":{"self":[{"href":"https:\/\/old.seacretehotels.com\/de\/wp-json\/wp\/v2\/pages\/48421"}],"collection":[{"href":"https:\/\/old.seacretehotels.com\/de\/wp-json\/wp\/v2\/pages"}],"about":[{"href":"https:\/\/old.seacretehotels.com\/de\/wp-json\/wp\/v2\/types\/page"}],"author":[{"embeddable":true,"href":"https:\/\/old.seacretehotels.com\/de\/wp-json\/wp\/v2\/users\/1"}],"replies":[{"embeddable":true,"href":"https:\/\/old.seacretehotels.com\/de\/wp-json\/wp\/v2\/comments?post=48421"}],"version-history":[{"count":4,"href":"https:\/\/old.seacretehotels.com\/de\/wp-json\/wp\/v2\/pages\/48421\/revisions"}],"predecessor-version":[{"id":100273,"href":"https:\/\/old.seacretehotels.com\/de\/wp-json\/wp\/v2\/pages\/48421\/revisions\/100273"}],"up":[{"embeddable":true,"href":"https:\/\/old.seacretehotels.com\/de\/wp-json\/wp\/v2\/pages\/48462"}],"wp:attachment":[{"href":"https:\/\/old.seacretehotels.com\/de\/wp-json\/wp\/v2\/media?parent=48421"}],"curies":[{"name":"wp","href":"https:\/\/api.w.org\/{rel}","templated":true}]}}