
  
{"id":48411,"date":"2021-01-04T17:41:50","date_gmt":"2021-01-04T15:41:50","guid":{"rendered":"https:\/\/old.seacretehotels.com\/?page_id=48411\/"},"modified":"2021-01-27T12:53:08","modified_gmt":"2021-01-27T10:53:08","slug":"room-facilities","status":"publish","type":"page","link":"https:\/\/old.seacretehotels.com\/de\/kalyvesbeachhotel\/room-facilities\/","title":{"rendered":"Kalyves Zimmerausstattung"},"content":{"rendered":"<h1>Kalyves Beach Zimmerausstattung &amp; Annehmlichkeiten<\/h1>\n<p>Mit Blick auf das Meer, die G\u00e4rten oder die Berge strahlen alle Zimmer des Kalyves Beach Hotels eine gl\u00fcckselige Atmosph\u00e4re f\u00fcr Stunden angenehmer Erholung aus. Die Zimmer sind wundersch\u00f6n mit reizvollen M\u00f6beln und modernen Annehmlichkeiten ausgestattet und sorgen f\u00fcr einen unvergleichlich erholsamen Aufenthalt. Die ger\u00e4umigen und sch\u00f6n gestalteten Zimmer sind mit allen modernen Annehmlichkeiten f\u00fcr einen wirklich komfortablen Aufenthalt ausgestattet und verf\u00fcgen \u00fcber ein eigenes Badezimmer, Sat-TV, einen K\u00fchlschrank und einen Wasserkocher, eine Klimaanlage und einen eigenen Balkon.<\/p>\n<h2>Zimmerausstattung<\/h2>\n<ul>\n<li>Satellitenfernsehen<\/li>\n<li>K\u00fchlschrank<\/li>\n<li>Wasserkocher<\/li>\n<li>Schlie\u00dffach<\/li>\n<li>Haartrockner<\/li>\n<li>WLAN-Internetverbindung<\/li>\n<li>Klimaanlage<\/li>\n<li>Balkon<\/li>\n<li>Dusche oder Badewanne<\/li>\n<li>Direkte Telefonleitung<\/li>\n<\/ul>\n","protected":false},"excerpt":{"rendered":"<p>Kalyves Beach Zimmerausstattung &amp; Annehmlichkeiten Mit Blick auf das Meer, die G\u00e4rten oder die Berge strahlen alle Zimmer des Kalyves <\/p>\n","protected":false},"author":1,"featured_media":48413,"parent":48462,"menu_order":0,"comment_status":"closed","ping_status":"closed","template":"templates\/template--single.php","meta":[],"acf":[],"_links":{"self":[{"href":"https:\/\/old.seacretehotels.com\/de\/wp-json\/wp\/v2\/pages\/48411"}],"collection":[{"href":"https:\/\/old.seacretehotels.com\/de\/wp-json\/wp\/v2\/pages"}],"about":[{"href":"https:\/\/old.seacretehotels.com\/de\/wp-json\/wp\/v2\/types\/page"}],"author":[{"embeddable":true,"href":"https:\/\/old.seacretehotels.com\/de\/wp-json\/wp\/v2\/users\/1"}],"replies":[{"embeddable":true,"href":"https:\/\/old.seacretehotels.com\/de\/wp-json\/wp\/v2\/comments?post=48411"}],"version-history":[{"count":7,"href":"https:\/\/old.seacretehotels.com\/de\/wp-json\/wp\/v2\/pages\/48411\/revisions"}],"predecessor-version":[{"id":50674,"href":"https:\/\/old.seacretehotels.com\/de\/wp-json\/wp\/v2\/pages\/48411\/revisions\/50674"}],"up":[{"embeddable":true,"href":"https:\/\/old.seacretehotels.com\/de\/wp-json\/wp\/v2\/pages\/48462"}],"wp:featuredmedia":[{"embeddable":true,"href":"https:\/\/old.seacretehotels.com\/de\/wp-json\/wp\/v2\/media\/48413"}],"wp:attachment":[{"href":"https:\/\/old.seacretehotels.com\/de\/wp-json\/wp\/v2\/media?parent=48411"}],"curies":[{"name":"wp","href":"https:\/\/api.w.org\/{rel}","templated":true}]}}