
  
{"id":48404,"date":"2021-01-04T17:34:24","date_gmt":"2021-01-04T15:34:24","guid":{"rendered":"https:\/\/old.seacretehotels.com\/?page_id=48404\/"},"modified":"2021-01-07T16:43:17","modified_gmt":"2021-01-07T14:43:17","slug":"children-facilities","status":"publish","type":"page","link":"https:\/\/old.seacretehotels.com\/de\/kalyvesbeachhotel\/children-facilities\/","title":{"rendered":"Kalyves Kindereinrichtungen"},"content":{"rendered":"<h1>Kindereinrichtungen<\/h1>\n<p>Das Kalyves Beach Hotel ist ein familienfreundliches Resort, das eine erstaunliche Auswahl an Kindereinrichtungen anbietet, damit sich auch die kleinen G\u00e4ste den ganzen Tag am\u00fcsieren k\u00f6nnen. Der Kids&#8216; Club und die Mini-Disco unserer Schwesteranlage Kiani Beach Resort, die zweimal pro Woche zur Verf\u00fcgung stehen, hei\u00dft alle Kinder willkommen und sorgt daf\u00fcr, dass sie ihren Tag mit einer Reihe von lustigen und unterhaltsamen Aktivit\u00e4ten verbringen, mit anderen Kindern ihres Alters spielen und ihre Kreativit\u00e4t und Fantasie entwickeln. Von Poolspielen \u00fcber Kinderschminken, Schatzsuche, Zaubertricks bis hin zu Kunsthandwerken &#8211; f\u00fcr die Kleinen ist im Kalyves Beach Hotel immer etwas los. Das erfahrene und professionelle Animationsteam des Hotels ist hier, um Ihrem Kind zweimal in der Woche ein L\u00e4cheln ins Gesicht zu zaubern &#8230; und f\u00fcr den Rest der Zeit werden Kinder definitiv etwas finden, das ihnen im Kalyves Beach Hotel Spa\u00df macht!<\/p>\n","protected":false},"excerpt":{"rendered":"<p>Kindereinrichtungen Das Kalyves Beach Hotel ist ein familienfreundliches Resort, das eine erstaunliche Auswahl an Kindereinrichtungen anbietet, damit sich auch die <\/p>\n","protected":false},"author":1,"featured_media":100541,"parent":48462,"menu_order":0,"comment_status":"closed","ping_status":"closed","template":"templates\/template--single.php","meta":[],"acf":[],"_links":{"self":[{"href":"https:\/\/old.seacretehotels.com\/de\/wp-json\/wp\/v2\/pages\/48404"}],"collection":[{"href":"https:\/\/old.seacretehotels.com\/de\/wp-json\/wp\/v2\/pages"}],"about":[{"href":"https:\/\/old.seacretehotels.com\/de\/wp-json\/wp\/v2\/types\/page"}],"author":[{"embeddable":true,"href":"https:\/\/old.seacretehotels.com\/de\/wp-json\/wp\/v2\/users\/1"}],"replies":[{"embeddable":true,"href":"https:\/\/old.seacretehotels.com\/de\/wp-json\/wp\/v2\/comments?post=48404"}],"version-history":[{"count":4,"href":"https:\/\/old.seacretehotels.com\/de\/wp-json\/wp\/v2\/pages\/48404\/revisions"}],"predecessor-version":[{"id":49068,"href":"https:\/\/old.seacretehotels.com\/de\/wp-json\/wp\/v2\/pages\/48404\/revisions\/49068"}],"up":[{"embeddable":true,"href":"https:\/\/old.seacretehotels.com\/de\/wp-json\/wp\/v2\/pages\/48462"}],"wp:featuredmedia":[{"embeddable":true,"href":"https:\/\/old.seacretehotels.com\/de\/wp-json\/wp\/v2\/media\/100541"}],"wp:attachment":[{"href":"https:\/\/old.seacretehotels.com\/de\/wp-json\/wp\/v2\/media?parent=48404"}],"curies":[{"name":"wp","href":"https:\/\/api.w.org\/{rel}","templated":true}]}}