
  
{"id":48400,"date":"2021-01-04T17:33:04","date_gmt":"2021-01-04T15:33:04","guid":{"rendered":"https:\/\/old.seacretehotels.com\/?page_id=48400\/"},"modified":"2021-01-27T18:15:06","modified_gmt":"2021-01-27T16:15:06","slug":"recreation","status":"publish","type":"page","link":"https:\/\/old.seacretehotels.com\/de\/kalyvesbeachhotel\/recreation\/","title":{"rendered":"Kalyves Freizeit"},"content":{"rendered":"<h1>Kalyves Freizeit<\/h1>\n<p>Ein Urlaub im Kalyves Beach Hotel ist viel mehr als eine erholsame Flucht aus dem Alltag und Zeit zum Entspannen in einer gl\u00fcckseligen Umgebung. Ein Urlaub in unserem Hotel ist auch Zeit f\u00fcr Freizeit, Unterhaltung und der Erholung, eine Gelegenheit, sich in jeder Hinsicht zu am\u00fcsieren.<\/p>\n<p>Machen Sie sich bereit, zu den Kl\u00e4ngen unserer Gast-DJs zu tanzen, sich mit der authentischen Art des Insellebens w\u00e4hrend unserer griechischen N\u00e4chte vertraut zu machen und zu lernen, wie man Bauchtanz tanzt oder auf griechische Art tanzt. Lassen Sie sich von der Magie verzaubern, wenn unser Magier eine Reihe von Illusionen vorf\u00fchrt und singen Sie Ihren Lieblingssong im Laufe der Karaoke-Nacht. Entspannen Sie sich zu den Kl\u00e4ngen der Live-Pianomusik und schauen Sie sich einige unserer Shows und Live-Events an.<\/p>\n<p>Die kleinen G\u00e4ste des Kalyves Beach Resorts k\u00f6nnen sich im Kids\u2018 Club des nahe gelegenen Kiani Beach Resorts austoben. Lassen Sie unser Fachpersonal ihre Fantasie und Kreativit\u00e4t mit einer Reihe von Aktivit\u00e4ten, Kunst und Handwerken anregen &#8230; und dann k\u00f6nnen sie auch noch ein wenig auf dem Kinderspielplatz spielen oder in der Mini-Disco tanzen.<\/p>\n<p>Das Kalyves Beach Resort bietet eine gro\u00dfe Auswahl an Unterhaltungsm\u00f6glichkeiten sowohl f\u00fcr Kinder als auch f\u00fcr Erwachsene, denn wir betrachten Spa\u00df als eine wesentliche Zutat f\u00fcr einen magischen Urlaub!<\/p>\n","protected":false},"excerpt":{"rendered":"<p>Kalyves Freizeit Ein Urlaub im Kalyves Beach Hotel ist viel mehr als eine erholsame Flucht aus dem Alltag und Zeit <\/p>\n","protected":false},"author":1,"featured_media":48402,"parent":48462,"menu_order":0,"comment_status":"closed","ping_status":"closed","template":"templates\/template--single.php","meta":[],"acf":[],"_links":{"self":[{"href":"https:\/\/old.seacretehotels.com\/de\/wp-json\/wp\/v2\/pages\/48400"}],"collection":[{"href":"https:\/\/old.seacretehotels.com\/de\/wp-json\/wp\/v2\/pages"}],"about":[{"href":"https:\/\/old.seacretehotels.com\/de\/wp-json\/wp\/v2\/types\/page"}],"author":[{"embeddable":true,"href":"https:\/\/old.seacretehotels.com\/de\/wp-json\/wp\/v2\/users\/1"}],"replies":[{"embeddable":true,"href":"https:\/\/old.seacretehotels.com\/de\/wp-json\/wp\/v2\/comments?post=48400"}],"version-history":[{"count":5,"href":"https:\/\/old.seacretehotels.com\/de\/wp-json\/wp\/v2\/pages\/48400\/revisions"}],"predecessor-version":[{"id":50756,"href":"https:\/\/old.seacretehotels.com\/de\/wp-json\/wp\/v2\/pages\/48400\/revisions\/50756"}],"up":[{"embeddable":true,"href":"https:\/\/old.seacretehotels.com\/de\/wp-json\/wp\/v2\/pages\/48462"}],"wp:featuredmedia":[{"embeddable":true,"href":"https:\/\/old.seacretehotels.com\/de\/wp-json\/wp\/v2\/media\/48402"}],"wp:attachment":[{"href":"https:\/\/old.seacretehotels.com\/de\/wp-json\/wp\/v2\/media?parent=48400"}],"curies":[{"name":"wp","href":"https:\/\/api.w.org\/{rel}","templated":true}]}}