
  
{"id":48397,"date":"2021-01-04T17:31:18","date_gmt":"2021-01-04T15:31:18","guid":{"rendered":"https:\/\/old.seacretehotels.com\/?page_id=48397\/"},"modified":"2021-01-07T16:42:56","modified_gmt":"2021-01-07T14:42:56","slug":"fitness","status":"publish","type":"page","link":"https:\/\/old.seacretehotels.com\/de\/kalyvesbeachhotel\/fitness\/","title":{"rendered":"Kalyves Fitnessraum"},"content":{"rendered":"<h1>Fitnessraum<\/h1>\n<p>Pflegen Sie Ihre Fitness-Routine w\u00e4hrend Ihres Urlaubs in unserem gut ausgestatteten Fitnessstudio. Genie\u00dfen Sie ein entspannendes Bad im ruhigen Wasser des Pools, verw\u00f6hnen Sie sich in unserem Whirlpool, in der sinnesbelebenden Sauna oder entspannen Sie sich in unserem Mini-Wellnesszentrum. Lassen Sie Ihre Sinne von der s\u00fc\u00dfen Meeresbrise liebkosen und genie\u00dfen Sie die belebende Wirkung auf Ihren K\u00f6rper, Geist und Seele.<\/p>\n","protected":false},"excerpt":{"rendered":"<p>Fitnessraum Pflegen Sie Ihre Fitness-Routine w\u00e4hrend Ihres Urlaubs in unserem gut ausgestatteten Fitnessstudio. Genie\u00dfen Sie ein entspannendes Bad im ruhigen <\/p>\n","protected":false},"author":1,"featured_media":100353,"parent":48462,"menu_order":0,"comment_status":"closed","ping_status":"closed","template":"templates\/template--single.php","meta":[],"acf":[],"_links":{"self":[{"href":"https:\/\/old.seacretehotels.com\/de\/wp-json\/wp\/v2\/pages\/48397"}],"collection":[{"href":"https:\/\/old.seacretehotels.com\/de\/wp-json\/wp\/v2\/pages"}],"about":[{"href":"https:\/\/old.seacretehotels.com\/de\/wp-json\/wp\/v2\/types\/page"}],"author":[{"embeddable":true,"href":"https:\/\/old.seacretehotels.com\/de\/wp-json\/wp\/v2\/users\/1"}],"replies":[{"embeddable":true,"href":"https:\/\/old.seacretehotels.com\/de\/wp-json\/wp\/v2\/comments?post=48397"}],"version-history":[{"count":5,"href":"https:\/\/old.seacretehotels.com\/de\/wp-json\/wp\/v2\/pages\/48397\/revisions"}],"predecessor-version":[{"id":49066,"href":"https:\/\/old.seacretehotels.com\/de\/wp-json\/wp\/v2\/pages\/48397\/revisions\/49066"}],"up":[{"embeddable":true,"href":"https:\/\/old.seacretehotels.com\/de\/wp-json\/wp\/v2\/pages\/48462"}],"wp:featuredmedia":[{"embeddable":true,"href":"https:\/\/old.seacretehotels.com\/de\/wp-json\/wp\/v2\/media\/100353"}],"wp:attachment":[{"href":"https:\/\/old.seacretehotels.com\/de\/wp-json\/wp\/v2\/media?parent=48397"}],"curies":[{"name":"wp","href":"https:\/\/api.w.org\/{rel}","templated":true}]}}