
  
{"id":48393,"date":"2021-01-04T17:29:53","date_gmt":"2021-01-04T15:29:53","guid":{"rendered":"https:\/\/old.seacretehotels.com\/?page_id=48393\/"},"modified":"2021-01-27T16:44:49","modified_gmt":"2021-01-27T14:44:49","slug":"business","status":"publish","type":"page","link":"https:\/\/old.seacretehotels.com\/de\/kalyvesbeachhotel\/business\/","title":{"rendered":"Kalyves Tagungen"},"content":{"rendered":"<h1>Kalyves Tagungen<\/h1>\n<p>Im Kalyves Beach Hotel sind wir stolz darauf, alle Ihre Bed\u00fcrfnisse und W\u00fcnsche zu erf\u00fcllen. Deshalb haben wir auch ein Konferenzzentrum, der sicherstellt, dass Sie Ihren gesch\u00e4ftlichen Verpflichtungen erfolgreich nachkommen k\u00f6nnen, w\u00e4hrend Sie Ihren Urlaub genie\u00dfen. Ausgestattet mit modernster Technik sorgt unser Konferenzzentrum f\u00fcr einen reibungslosen Ablauf jeder Veranstaltung.<\/p>\n","protected":false},"excerpt":{"rendered":"<p>Kalyves Tagungen Im Kalyves Beach Hotel sind wir stolz darauf, alle Ihre Bed\u00fcrfnisse und W\u00fcnsche zu erf\u00fcllen. Deshalb haben wir <\/p>\n","protected":false},"author":1,"featured_media":48395,"parent":48462,"menu_order":0,"comment_status":"closed","ping_status":"closed","template":"templates\/template--single.php","meta":[],"acf":[],"_links":{"self":[{"href":"https:\/\/old.seacretehotels.com\/de\/wp-json\/wp\/v2\/pages\/48393"}],"collection":[{"href":"https:\/\/old.seacretehotels.com\/de\/wp-json\/wp\/v2\/pages"}],"about":[{"href":"https:\/\/old.seacretehotels.com\/de\/wp-json\/wp\/v2\/types\/page"}],"author":[{"embeddable":true,"href":"https:\/\/old.seacretehotels.com\/de\/wp-json\/wp\/v2\/users\/1"}],"replies":[{"embeddable":true,"href":"https:\/\/old.seacretehotels.com\/de\/wp-json\/wp\/v2\/comments?post=48393"}],"version-history":[{"count":4,"href":"https:\/\/old.seacretehotels.com\/de\/wp-json\/wp\/v2\/pages\/48393\/revisions"}],"predecessor-version":[{"id":50728,"href":"https:\/\/old.seacretehotels.com\/de\/wp-json\/wp\/v2\/pages\/48393\/revisions\/50728"}],"up":[{"embeddable":true,"href":"https:\/\/old.seacretehotels.com\/de\/wp-json\/wp\/v2\/pages\/48462"}],"wp:featuredmedia":[{"embeddable":true,"href":"https:\/\/old.seacretehotels.com\/de\/wp-json\/wp\/v2\/media\/48395"}],"wp:attachment":[{"href":"https:\/\/old.seacretehotels.com\/de\/wp-json\/wp\/v2\/media?parent=48393"}],"curies":[{"name":"wp","href":"https:\/\/api.w.org\/{rel}","templated":true}]}}