
  
{"id":48386,"date":"2021-01-04T17:24:36","date_gmt":"2021-01-04T15:24:36","guid":{"rendered":"https:\/\/old.seacretehotels.com\/?page_id=48386\/"},"modified":"2023-06-21T11:22:22","modified_gmt":"2023-06-21T08:22:22","slug":"beach-pools","status":"publish","type":"page","link":"https:\/\/old.seacretehotels.com\/de\/kalyvesbeachhotel\/beach-pools\/","title":{"rendered":"Kalyves Strand &#038; Pools"},"content":{"rendered":"<h1>Kalyves Beach Strand &amp; Pools<\/h1>\n<p>Ob Sie es vorziehen, im ruhigen Wasser des Pools zu schwimmen oder in das azurblaue Meer einzutauchen, das Kalyves Beach Hotel bietet Ihnen die M\u00f6glichkeit, beides zu tun, denn es verf\u00fcgt \u00fcber 3 schillernde Pools sowohl im Innen- als auch im Au\u00dfenbereich sowie \u00fcber einen mit der Blauen Flagge ausgezeichneten Strand, an dem Sie die Sonne genie\u00dfen k\u00f6nnen, w\u00e4hrend Sie sich einen erfrischenden Cocktail g\u00f6nnen. \u00dcberqueren Sie einfach die Br\u00fccke zum Strand von Kalyves und schwimmen Sie mit Ihren Kindern im seichten Wasser des Strandes. Das Hotel verf\u00fcgt auch \u00fcber einen speziell entworfenen Pool f\u00fcr unsere kleinen G\u00e4ste, wo sie sicher schwimmen und planschen k\u00f6nnen.<\/p>\n<p><strong>\u00a0 \u00a0 Pool-Typ\u00a0 \u00a0 \u00a0 \u00a0 \u00a0 Gr\u00f6\u00dfe\u00a0 \u00a0 \u00a0 Wasser\u00a0 \u00a0 \u00a0 \u00a0 \u00a0 \u00a0Form\u00a0 \u00a0 \u00a0 \u00a0 \u00a0 \u00a0 \u00a0 \u00a0 \u00a0Tiefe<\/strong><br \/>\n1. Innenpool\u00a0 \u00a0 \u00a0 \u00a0 \u00a0 \u00a043m2\u00a0 \u00a0 \u00a0 \u00a0S\u00fc\u00dfwasser\u00a0 \u00a0 \u00a0 \u00a0Normal\u00a0 \u00a0 \u00a0 \u00a0 \u00a0 \u00a0 \u00a0 \u00a0 \u00a01.10m<br \/>\n2. Au\u00dfenpool \u00a0 \u00a0 \u00a0 \u00a0 \u00a0116m2\u00a0 \u00a0 \u00a0 S\u00fc\u00dfwasser\u00a0 \u00a0 \u00a0 Unregelm\u00e4\u00dfig\u00a0 \u00a0 \u00a01.60m<br \/>\n3. Au\u00dfenpool\u00a0 \u00a0 \u00a0 \u00a0 \u00a0 52m2\u00a0 \u00a0 \u00a0 \u00a0S\u00fc\u00dfwasser\u00a0 \u00a0 \u00a0 \u00a0Normal\u00a0 \u00a0 \u00a0 \u00a0 \u00a0 \u00a0 \u00a0 \u00a0 \u00a01.60m<br \/>\n4. Kinder-Pool\u00a0 \u00a0 \u00a0 \u00a0 18m2\u00a0 \u00a0 \u00a0 \u00a0S\u00fc\u00dfwasser\u00a0 \u00a0 \u00a0 \u00a0Rund\u00a0 \u00a0 \u00a0 \u00a0 \u00a0 \u00a0 \u00a0 \u00a0 \u00a0 \u00a0 \u00a00.60m<\/p>\n<p><strong>Besonderer Hinweis:<\/strong> Wir m\u00f6chten Sie dar\u00fcber informieren, dass unser Innenpool aus Nachhaltigkeitsgr\u00fcnden in den Monaten <strong>Juni, Juli und August nicht beheizt wird, um unn\u00f6tigen Stromverbrauch zu vermeiden.<\/strong><\/p>\n","protected":false},"excerpt":{"rendered":"<p>Kalyves Beach Strand &amp; Pools Ob Sie es vorziehen, im ruhigen Wasser des Pools zu schwimmen oder in das azurblaue <\/p>\n","protected":false},"author":1,"featured_media":100484,"parent":48462,"menu_order":0,"comment_status":"closed","ping_status":"closed","template":"templates\/template--single.php","meta":[],"acf":[],"_links":{"self":[{"href":"https:\/\/old.seacretehotels.com\/de\/wp-json\/wp\/v2\/pages\/48386"}],"collection":[{"href":"https:\/\/old.seacretehotels.com\/de\/wp-json\/wp\/v2\/pages"}],"about":[{"href":"https:\/\/old.seacretehotels.com\/de\/wp-json\/wp\/v2\/types\/page"}],"author":[{"embeddable":true,"href":"https:\/\/old.seacretehotels.com\/de\/wp-json\/wp\/v2\/users\/1"}],"replies":[{"embeddable":true,"href":"https:\/\/old.seacretehotels.com\/de\/wp-json\/wp\/v2\/comments?post=48386"}],"version-history":[{"count":9,"href":"https:\/\/old.seacretehotels.com\/de\/wp-json\/wp\/v2\/pages\/48386\/revisions"}],"predecessor-version":[{"id":103169,"href":"https:\/\/old.seacretehotels.com\/de\/wp-json\/wp\/v2\/pages\/48386\/revisions\/103169"}],"up":[{"embeddable":true,"href":"https:\/\/old.seacretehotels.com\/de\/wp-json\/wp\/v2\/pages\/48462"}],"wp:featuredmedia":[{"embeddable":true,"href":"https:\/\/old.seacretehotels.com\/de\/wp-json\/wp\/v2\/media\/100484"}],"wp:attachment":[{"href":"https:\/\/old.seacretehotels.com\/de\/wp-json\/wp\/v2\/media?parent=48386"}],"curies":[{"name":"wp","href":"https:\/\/api.w.org\/{rel}","templated":true}]}}