
  
{"id":48383,"date":"2021-01-04T17:17:39","date_gmt":"2021-01-04T15:17:39","guid":{"rendered":"https:\/\/old.seacretehotels.com\/?page_id=48383\/"},"modified":"2021-01-07T16:42:13","modified_gmt":"2021-01-07T14:42:13","slug":"facilities","status":"publish","type":"page","link":"https:\/\/old.seacretehotels.com\/de\/kalyvesbeachhotel\/facilities\/","title":{"rendered":"Kalyves Anlagen"},"content":{"rendered":"<h1>Anlagen des Kalyves Beach Hotels<\/h1>\n<p>Das Kalyves Beach Hotel bietet ein entspannendes, aber auch belebendes Angebot f\u00fcr Kinder und Erwachsene an. Unsere G\u00e4ste k\u00f6nnen ein Bad in einem der beiden Au\u00dfenpools, dem Innenpool sowie dem mit der Blauen Flagge ausgezeichneten Strand genie\u00dfen, w\u00e4hrend die Kinder in vollkommener Sicherheit im speziell angelegten Kinderbecken planschen.<\/p>\n<p>Da Fitness der Schl\u00fcssel zu einem gesunden Leben ist, bietet das Kalyves Beach Hotel eine gro\u00dfe Auswahl an Sport- und Fitnessaktivit\u00e4ten an, die die Ausdauer der G\u00e4ste optimieren und ihre Energie steigern. Vom Tauchen \u00fcber K\u00f6rpertraining, Zumba, Pilates, Wassergymnastik bis hin zu Stretching-Sitzungen haben Sie die Qual der Wahl.<\/p>\n<p>Nehmen Sie an verschiedenen Unterhaltungs- und Fitnessprogrammen teil und testen Sie Ihre F\u00e4higkeiten beim Billard und Tischtennis oder halten Sie Ihr Fitness-Regime in unserem Mini-Wellnesszentrum mit Innenpool, Whirlpool, Sauna und Fitnessger\u00e4ten aufrecht.<\/p>\n<p>Die Unterhaltung h\u00f6rt im Kalyves Beach Hotel nie auf, denn es bietet den G\u00e4sten eine breite Palette von Live-Veranstaltungen, Shows und Abendprogrammen an, die ihr Herz mit Freude erf\u00fcllen werden. Tanzen Sie zu den Kl\u00e4ngen unserer Gast-DJs, lassen Sie sich von unseren Zauberern in ihren Illusionen locken, lernen Sie den griechischen Tanz oder Bauchtanz und singen Sie Karaoke mit Ihrer Familie und Ihren Freunden.<\/p>\n<p>Wenn Sie mit Kindern reisen, versichern wir Ihnen, dass Ihre Kinder sich mehr am\u00fcsieren werden, als Sie es sich vorstellen k\u00f6nnen. Unser Kinderklub und unsere Mini-Disco bieten eine gro\u00dfe Auswahl an Aktivit\u00e4ten wie Gesichtsbemalung, Schatzsuche, Poolspiele und eine Vielzahl anderer Unterhaltungsm\u00f6glichkeiten, die Ihre Kinder den ganzen Tag zum L\u00e4cheln bringen werden, w\u00e4hrend Sie selber gen\u00fcgend Zeit zum Entspannen haben werden. Zweimal in der Woche wird Kinderanimation angeboten, aber es gibt auch viele andere Aktivit\u00e4ten f\u00fcr die kleinen G\u00e4ste des Hotels.<\/p>\n<p>W\u00e4hrend Ihre Kinder unter Aufsicht unseres Fachpersonals sicher im Miniklub spielen, haben Sie die M\u00f6glichkeit, eine Pause einzulegen, im Pool zu schwimmen, sich im Whirlpool oder im Mini-Wellnesszentrum verw\u00f6hnen zu lassen oder im Fitnessstudio zu trainieren. Machen Sie einen Spaziergang am Strand oder genie\u00dfen Sie ein romantisches Abendessen unter dem Sternenhimmel.<\/p>\n<p>Das Kalyves Beach Hotel bietet auch eine gro\u00dfe Auswahl an Ausfl\u00fcgen f\u00fcr jedermann sowie Wander- und Trekking-Abenteuer, die Ihnen die M\u00f6glichkeit geben, die malerischen D\u00f6rfer Kretas, die gesegnete Natur und Fl\u00fcsse zu erkunden.<\/p>\n<p>F\u00fcr diejenigen, die das Gesch\u00e4ftliche mit dem Privaten verbinden, gibt es keinen besseren Ort als das Kalyves Beach Hotel, da es f\u00fcr Sie jede Art von Tagungen, Konferenzen oder Veranstaltungen in daf\u00fcr vorgesehenen Bereichen organisieren kann, die mit Hightech-Ausr\u00fcstung ausgestattet sind und den reibungslosen Ablauf eines jeden Gesch\u00e4fts gew\u00e4hrleisten.<\/p>\n<p>Was auch immer der Grund f\u00fcr Ihren Besuch ist, eines ist sicher, wir werden daf\u00fcr sorgen, dass Sie sich immer an Ihren Urlaub im Kalyves Beach Hotel erinnern werden!<\/p>\n<h2>Hotelanlagen und T\u00e4tigkeiten<\/h2>\n<ul>\n<li>Schwimmbad<\/li>\n<li>Beheiztes Hallenschwimmbad<\/li>\n<li>Kostenlose Sonnenliegen &amp; Sonnenschirme am Pool und am Strand<\/li>\n<li>Buffet-Restaurant<\/li>\n<li>Strandbar<\/li>\n<li>Fitnessraum, Sauna, Whirlpool, Massage-Therapien<\/li>\n<li>T\u00e4gliches Animationsprogramm (Aqua-Aerobic, Mini-Disco, Kinderspiele, Abendveranstaltungen)<\/li>\n<li>Kindereinrichtungen &#8211; Spielplatz<\/li>\n<li>Notarzt<\/li>\n<li>Fernsehraum<\/li>\n<li>Kinderausstattung wie Kinderwagen, Hochst\u00fchle im Restaurant, Babyphones, Babywannen, Babybetten im Zimmer, Sterilisatoren<\/li>\n<li>Garten<\/li>\n<li>Kostenloses WLAN<\/li>\n<li>N\u00e4he zum Busbahnhof<\/li>\n<li>Express Check-out-Service<\/li>\n<li>Das Fr\u00fchst\u00fcck wird zwischen 07:15 und 10:30 Uhr serviert<\/li>\n<li>Fr\u00fches Fr\u00fchst\u00fcck auf Anfrage<\/li>\n<li>Laptop- und Tablet-Verleih zur Nutzung der G\u00e4ste<\/li>\n<li>Internet-Ecke<\/li>\n<li>Fr\u00fchst\u00fccksservice im Zimmer mit Aufpreis<\/li>\n<li>Bibliothek mit einer gro\u00dfen Auswahl an B\u00fcchern und Lesematerial<\/li>\n<li>Privater Transfer zu und von den Flugh\u00e4fen und H\u00e4fen von Kreta<\/li>\n<li>24-Stunden-Zimmerservice mit Aufpreis<\/li>\n<li>Nachmittags-Zimmerreinigung<\/li>\n<li>Handtuchwechsel-Dienstleistung auf Anfrage<\/li>\n<li>Business Center mit Sekretariatsunterst\u00fctzung auf Anfrage<\/li>\n<li>Babybettchen auf Anfrage<\/li>\n<li>Weckdienst auf Anfrage<\/li>\n<li>Spielzimmer mit Billard und verschiedenen Spielen mit Aufpreis<\/li>\n<li>Zentraler Safe an der Rezeption gegen Aufpreis<\/li>\n<li>24-Stunden-Rezeption<\/li>\n<li>Gep\u00e4ckraum<\/li>\n<li>Gep\u00e4cktransfer-Service<\/li>\n<li>Vorbereitung von Lunch- oder Fr\u00fchst\u00fcckspaketen auf Anfrage<\/li>\n<li>W\u00e4scherei-Service gegen Aufpreis<\/li>\n<\/ul>\n","protected":false},"excerpt":{"rendered":"<p>Anlagen des Kalyves Beach Hotels Das Kalyves Beach Hotel bietet ein entspannendes, aber auch belebendes Angebot f\u00fcr Kinder und Erwachsene <\/p>\n","protected":false},"author":1,"featured_media":0,"parent":48462,"menu_order":0,"comment_status":"closed","ping_status":"closed","template":"templates\/template--single.php","meta":[],"acf":[],"_links":{"self":[{"href":"https:\/\/old.seacretehotels.com\/de\/wp-json\/wp\/v2\/pages\/48383"}],"collection":[{"href":"https:\/\/old.seacretehotels.com\/de\/wp-json\/wp\/v2\/pages"}],"about":[{"href":"https:\/\/old.seacretehotels.com\/de\/wp-json\/wp\/v2\/types\/page"}],"author":[{"embeddable":true,"href":"https:\/\/old.seacretehotels.com\/de\/wp-json\/wp\/v2\/users\/1"}],"replies":[{"embeddable":true,"href":"https:\/\/old.seacretehotels.com\/de\/wp-json\/wp\/v2\/comments?post=48383"}],"version-history":[{"count":4,"href":"https:\/\/old.seacretehotels.com\/de\/wp-json\/wp\/v2\/pages\/48383\/revisions"}],"predecessor-version":[{"id":49063,"href":"https:\/\/old.seacretehotels.com\/de\/wp-json\/wp\/v2\/pages\/48383\/revisions\/49063"}],"up":[{"embeddable":true,"href":"https:\/\/old.seacretehotels.com\/de\/wp-json\/wp\/v2\/pages\/48462"}],"wp:attachment":[{"href":"https:\/\/old.seacretehotels.com\/de\/wp-json\/wp\/v2\/media?parent=48383"}],"curies":[{"name":"wp","href":"https:\/\/api.w.org\/{rel}","templated":true}]}}