
  
{"id":48378,"date":"2021-01-04T17:11:29","date_gmt":"2021-01-04T15:11:29","guid":{"rendered":"https:\/\/old.seacretehotels.com\/?page_id=48378\/"},"modified":"2021-01-26T15:27:35","modified_gmt":"2021-01-26T13:27:35","slug":"entertainment","status":"publish","type":"page","link":"https:\/\/old.seacretehotels.com\/de\/kalyvesbeachhotel\/entertainment\/","title":{"rendered":"Kalyves Unterhaltung"},"content":{"rendered":"<h1><strong>Kalyves Beach Unterhaltung<\/strong><\/h1>\n<p>Im Kalyves Beach Hotel bieten wir ein aktionsreiches Unterhaltungsprogramm f\u00fcr Kinder und Erwachsene an, da auch hochwertige Unterhaltung einen wesentlichen Teil Ihres Urlaubs darstellen sollte. Staunen Sie \u00fcber die Zaubertricks unseres Magiers, machen Sie sich bereit zum Tanzen und Swingen, singen Sie Karaoke, lernen Sie Bauchtanz, nehmen Sie an Gruppent\u00e4nzen auf der Tanzfl\u00e4che zu den Kl\u00e4ngen der Gast-DJs teil und lassen Sie Ihre Kinder in unserer Kinder-Disco zu ihren eigenen Kl\u00e4ngen tanzen.<\/p>\n<p>Genie\u00dfen Sie eine Partie Billard oder Tischtennis, w\u00e4hrend Ihre Kinder vollkommen sicher auf dem Spielplatz des Hotels am Strand spielen. Lassen Sie Ihre Kleinen beim Basteln und Gestalten von lustigen Kunstobjekten ihre F\u00e4higkeiten unter Beweis stellen und beobachten Sie, wie Ihre kleinen Piraten auf Schatzsuche gehen oder an verschiedenen anderen Spielen und Zaubershows teilnehmen, die ihre Fantasie anregen.<\/p>\n<p><strong>Shows &amp; Veranstaltungen<\/strong><\/p>\n<ul>\n<li><strong>Magier Show<\/strong><br \/>\nVersuchen Sie, die Geheimnisse der Illusionen unserer Zauberer zu entr\u00e4tseln, nehmen Sie an unseren Tricks teil und bereiten Sie sich darauf vor, ob Kind oder nicht, wieder an den Zauber zu glauben.<\/li>\n<li><strong>Piano-Abend<\/strong><br \/>\nGenie\u00dfen Sie die vielseitigen Kl\u00e4nge, w\u00e4hrend Sie den Melodien des Klaviers zuh\u00f6ren. Gibt es eine bessere Art, einen wunderbaren Sommertag in Chania ausklingen zu lassen?<\/li>\n<li><strong>Griechischer Nacht<\/strong><br \/>\nLernen Sie, wie man auf griechische Art und Weise zu den Kl\u00e4ngen griechischer Folkloremusik und traditionellen kretischen T\u00e4nzen tanzt. Machen Sie sich bereit, auf der Tanzfl\u00e4che \u201eOpa\u201c zu schreien und Ihre Stimmung zu heben.<\/li>\n<\/ul>\n","protected":false},"excerpt":{"rendered":"<p>Kalyves Beach Unterhaltung Im Kalyves Beach Hotel bieten wir ein aktionsreiches Unterhaltungsprogramm f\u00fcr Kinder und Erwachsene an, da auch hochwertige <\/p>\n","protected":false},"author":1,"featured_media":47969,"parent":48462,"menu_order":0,"comment_status":"closed","ping_status":"closed","template":"templates\/template--single.php","meta":[],"acf":[],"_links":{"self":[{"href":"https:\/\/old.seacretehotels.com\/de\/wp-json\/wp\/v2\/pages\/48378"}],"collection":[{"href":"https:\/\/old.seacretehotels.com\/de\/wp-json\/wp\/v2\/pages"}],"about":[{"href":"https:\/\/old.seacretehotels.com\/de\/wp-json\/wp\/v2\/types\/page"}],"author":[{"embeddable":true,"href":"https:\/\/old.seacretehotels.com\/de\/wp-json\/wp\/v2\/users\/1"}],"replies":[{"embeddable":true,"href":"https:\/\/old.seacretehotels.com\/de\/wp-json\/wp\/v2\/comments?post=48378"}],"version-history":[{"count":5,"href":"https:\/\/old.seacretehotels.com\/de\/wp-json\/wp\/v2\/pages\/48378\/revisions"}],"predecessor-version":[{"id":50634,"href":"https:\/\/old.seacretehotels.com\/de\/wp-json\/wp\/v2\/pages\/48378\/revisions\/50634"}],"up":[{"embeddable":true,"href":"https:\/\/old.seacretehotels.com\/de\/wp-json\/wp\/v2\/pages\/48462"}],"wp:featuredmedia":[{"embeddable":true,"href":"https:\/\/old.seacretehotels.com\/de\/wp-json\/wp\/v2\/media\/47969"}],"wp:attachment":[{"href":"https:\/\/old.seacretehotels.com\/de\/wp-json\/wp\/v2\/media?parent=48378"}],"curies":[{"name":"wp","href":"https:\/\/api.w.org\/{rel}","templated":true}]}}