
  
{"id":48374,"date":"2021-01-04T17:08:22","date_gmt":"2021-01-04T15:08:22","guid":{"rendered":"https:\/\/old.seacretehotels.com\/?page_id=48374\/"},"modified":"2021-01-07T16:44:10","modified_gmt":"2021-01-07T14:44:10","slug":"romantic-getaway","status":"publish","type":"page","link":"https:\/\/old.seacretehotels.com\/de\/kalyvesbeachhotel\/romantic-getaway\/","title":{"rendered":"Kalyves Romantik"},"content":{"rendered":"<h1>Romantisches Hotel in Chania<\/h1>\n<p>Ewige Romantiker sind eingeladen, die Liebe f\u00fcreinander in der bezauberndsten aller Kulissen umgeben vom Strand und dem Fluss zu feiern. Das romantische Hotel Kalyves Beach in Chania ist der perfekte Zufluchtsort f\u00fcr Paare, die sich entspannen und eine sch\u00f6ne Zeit miteinander verbringen m\u00f6chten, weit weg vom Alltagsstress. Machen Sie einen Spaziergang am Strand oder im malerischen Hafen des Dorfes Kalyves und bestaunen Sie die Fischerboote und die funkelnden Lichter der nahe gelegenen Tavernen und Caf\u00e9s, w\u00e4hrend die Sonne \u00fcber dem funkelnden Meer der Insel Kreta untergeht.<\/p>\n<h2>Honeymoon Resort in Crete for Couples<\/h2>\n<p>The authentic Cretan warmth is brilliantly combined with an exceptional setting by the beach and all the pleasures of luxury making Kalyves Beach Hotel the ultimate romantic hotel in Crete for a memorable honeymoon. Newlywed couples are welcome to relax in their spacious rooms, unwind in the Jacuzzi and relish scrumptious candle light dinners under the open sky at this romantic hotel in Crete. So if you need\u00a0to experience the most romantic holidays with your other half, Kalyves Beach Hotel is the choice for you.<\/p>\n<h3>Flitterwochen-Resort f\u00fcr Paare auf Kreta<\/h3>\n<p>Die authentische kretische W\u00e4rme wird hervorragend mit einer au\u00dfergew\u00f6hnlichen Lage am Strand und allen Freuden des Luxus kombiniert, was das Kalyves Beach Hotel zum ultimativen romantischen Hotel unvergessliche Flitterwochen auf Kreta macht. Frisch verheiratete Paare k\u00f6nnen sich in diesem romantischen Hotel in ihren ger\u00e4umigen Zimmern entspannen, im Whirlpool relaxen und schmackhafte Kerzenlicht-Dinner unter freiem Himmel genie\u00dfen. F\u00fcr einen romantischsten Urlaub zu zweit ist das Kalyves Beach Hotel genau die richtige Wahl f\u00fcr Sie.<\/p>\n<h3>Bester romantischer Kurzurlaub in Chania<\/h3>\n<p>Das Kalyves Beach Hotel gilt als der beste romantische Kurzurlaub in Chania, da es alles anbieten kann, was ein Paar im Urlaub brauchen k\u00f6nnte. Die bezaubernde Umgebung, die gehobene Einrichtung, die Dienstleistungen, die Auswahl an Speisen und das gro\u00dfe Angebot an Unterhaltungs- und Freizeitm\u00f6glichkeiten machen dieses luxuri\u00f6se Strandhotel in Chania zu einem wahren Paradies f\u00fcr verliebte Paare.<\/p>\n","protected":false},"excerpt":{"rendered":"<p>Romantisches Hotel in Chania Ewige Romantiker sind eingeladen, die Liebe f\u00fcreinander in der bezauberndsten aller Kulissen umgeben vom Strand und <\/p>\n","protected":false},"author":1,"featured_media":100209,"parent":48462,"menu_order":0,"comment_status":"closed","ping_status":"closed","template":"templates\/template--single.php","meta":[],"acf":[],"_links":{"self":[{"href":"https:\/\/old.seacretehotels.com\/de\/wp-json\/wp\/v2\/pages\/48374"}],"collection":[{"href":"https:\/\/old.seacretehotels.com\/de\/wp-json\/wp\/v2\/pages"}],"about":[{"href":"https:\/\/old.seacretehotels.com\/de\/wp-json\/wp\/v2\/types\/page"}],"author":[{"embeddable":true,"href":"https:\/\/old.seacretehotels.com\/de\/wp-json\/wp\/v2\/users\/1"}],"replies":[{"embeddable":true,"href":"https:\/\/old.seacretehotels.com\/de\/wp-json\/wp\/v2\/comments?post=48374"}],"version-history":[{"count":2,"href":"https:\/\/old.seacretehotels.com\/de\/wp-json\/wp\/v2\/pages\/48374\/revisions"}],"predecessor-version":[{"id":48377,"href":"https:\/\/old.seacretehotels.com\/de\/wp-json\/wp\/v2\/pages\/48374\/revisions\/48377"}],"up":[{"embeddable":true,"href":"https:\/\/old.seacretehotels.com\/de\/wp-json\/wp\/v2\/pages\/48462"}],"wp:featuredmedia":[{"embeddable":true,"href":"https:\/\/old.seacretehotels.com\/de\/wp-json\/wp\/v2\/media\/100209"}],"wp:attachment":[{"href":"https:\/\/old.seacretehotels.com\/de\/wp-json\/wp\/v2\/media?parent=48374"}],"curies":[{"name":"wp","href":"https:\/\/api.w.org\/{rel}","templated":true}]}}