
  
{"id":48370,"date":"2021-01-04T17:02:24","date_gmt":"2021-01-04T15:02:24","guid":{"rendered":"https:\/\/old.seacretehotels.com\/?page_id=48370\/"},"modified":"2021-01-07T16:45:01","modified_gmt":"2021-01-07T14:45:01","slug":"wine-dine","status":"publish","type":"page","link":"https:\/\/old.seacretehotels.com\/de\/kalyvesbeachhotel\/wine-dine\/","title":{"rendered":"Kalyves Wein &#038; Essen"},"content":{"rendered":"<h1>Wein &amp; Essen<\/h1>\n<p>Genie\u00dfen Sie den Duft des Morgens direkt am Wasser, w\u00e4hrend Sie den Enten beim Schwimmen zuschauen, und bereiten Sie Ihre Geschmacksknospen im Laufe des Tages auf aufregende Offenbarungen vor, die von unseren talentierten K\u00f6chen zubereitet werden. Verkosten Sie die Essenz des Mittelmeers mit Wendungen aus der internationalen Gastronomie und begeben Sie sich auf eine kulinarische Reise in die ber\u00fchmte kretische K\u00fcche mit Gerichten und Spezialit\u00e4ten, die mit den besten regionalen Zutaten zubereitet werden.<\/p>\n<p>Genie\u00dfen Sie ein k\u00f6stliches Essen auf der Veranda unseres Buffet-Restaurants, begleitet von einem Glas Wein aus unserer vielseitigen Weinkarte, und lassen Sie die Romantik bei einem Candle-Light-Dinner unter dem Sternenhimmel wieder aufleben.<\/p>\n<p>L\u00f6schen Sie Ihren Durst nach einem entspannenden Bad im Pool oder im azurblauen Meer mit einem erfrischenden Cocktail aus unserer Strandbar und entspannen Sie sich in unserer herrlichen Umgebung. Speisen Sie in einer Oase der Entspannung und Ruhe, w\u00e4hrend Sie die scharlachroten Farbt\u00f6ne des Sonnenuntergangs betrachten.<\/p>\n<p><strong>Im Kalyves Beach Hotel k\u00f6nnen Sie Folgendes genie\u00dfen:<\/strong><\/p>\n<ul>\n<li>Men\u00fc \u00e0 la carte (inklusive Kindermen\u00fc)<\/li>\n<li>Flasche Wein<\/li>\n<li>Verschiedene S\u00e4fte aus frischem Obst<\/li>\n<li>Softdrinks und Speiseeis<\/li>\n<li>Cocktails und Champagner<\/li>\n<\/ul>\n","protected":false},"excerpt":{"rendered":"<p>Wein &amp; Essen Genie\u00dfen Sie den Duft des Morgens direkt am Wasser, w\u00e4hrend Sie den Enten beim Schwimmen zuschauen, und <\/p>\n","protected":false},"author":1,"featured_media":100218,"parent":48462,"menu_order":0,"comment_status":"closed","ping_status":"closed","template":"templates\/template--single.php","meta":[],"acf":[],"_links":{"self":[{"href":"https:\/\/old.seacretehotels.com\/de\/wp-json\/wp\/v2\/pages\/48370"}],"collection":[{"href":"https:\/\/old.seacretehotels.com\/de\/wp-json\/wp\/v2\/pages"}],"about":[{"href":"https:\/\/old.seacretehotels.com\/de\/wp-json\/wp\/v2\/types\/page"}],"author":[{"embeddable":true,"href":"https:\/\/old.seacretehotels.com\/de\/wp-json\/wp\/v2\/users\/1"}],"replies":[{"embeddable":true,"href":"https:\/\/old.seacretehotels.com\/de\/wp-json\/wp\/v2\/comments?post=48370"}],"version-history":[{"count":4,"href":"https:\/\/old.seacretehotels.com\/de\/wp-json\/wp\/v2\/pages\/48370\/revisions"}],"predecessor-version":[{"id":49074,"href":"https:\/\/old.seacretehotels.com\/de\/wp-json\/wp\/v2\/pages\/48370\/revisions\/49074"}],"up":[{"embeddable":true,"href":"https:\/\/old.seacretehotels.com\/de\/wp-json\/wp\/v2\/pages\/48462"}],"wp:featuredmedia":[{"embeddable":true,"href":"https:\/\/old.seacretehotels.com\/de\/wp-json\/wp\/v2\/media\/100218"}],"wp:attachment":[{"href":"https:\/\/old.seacretehotels.com\/de\/wp-json\/wp\/v2\/media?parent=48370"}],"curies":[{"name":"wp","href":"https:\/\/api.w.org\/{rel}","templated":true}]}}