
  
{"id":48365,"date":"2021-01-04T16:59:49","date_gmt":"2021-01-04T14:59:49","guid":{"rendered":"https:\/\/old.seacretehotels.com\/?page_id=48365\/"},"modified":"2021-01-07T16:42:29","modified_gmt":"2021-01-07T14:42:29","slug":"experiences","status":"publish","type":"page","link":"https:\/\/old.seacretehotels.com\/de\/kalyvesbeachhotel\/experiences\/","title":{"rendered":"Kalyves Erlebniswelten"},"content":{"rendered":"<h1>Kalyves Beach Hotel Erlebnisse<\/h1>\n<p>Das Kalyves Beach Hotel in Chania hei\u00dft in einer Welt voller aufregender Erlebnisse willkommen. Schwimmen Sie im kristallklaren Wasser unserer Pools oder tauchen Sie im smaragdgr\u00fcnen kretischen Meer, speisen Sie mit Blick auf den endlosen Horizont und verw\u00f6hnen Sie sich mit einem romantischen Abendessen oder langen Spazierg\u00e4ngen am Strand. Begeben Sie sich auf eine Reihe von aufregenden Ausfl\u00fcgen zu den interessantesten Sehensw\u00fcrdigkeiten Kretas, genie\u00dfen Sie das Leben als Einheimischer im charmanten Dorf Kalyves, tanzen und singen Sie die ganze Nacht zu den Kl\u00e4ngen internationaler Musik und genie\u00dfen Sie den griechischen Geist w\u00e4hrend unserer thematischen griechischen Abende! W\u00e4hlen Sie das Erlebnis, das Sie im Urlaub genie\u00dfen m\u00f6chten, und wir machen es m\u00f6glich!<\/p>\n","protected":false},"excerpt":{"rendered":"<p>Kalyves Beach Hotel Erlebnisse Das Kalyves Beach Hotel in Chania hei\u00dft in einer Welt voller aufregender Erlebnisse willkommen. Schwimmen Sie <\/p>\n","protected":false},"author":1,"featured_media":48367,"parent":48462,"menu_order":0,"comment_status":"closed","ping_status":"closed","template":"templates\/template--single.php","meta":[],"acf":[],"_links":{"self":[{"href":"https:\/\/old.seacretehotels.com\/de\/wp-json\/wp\/v2\/pages\/48365"}],"collection":[{"href":"https:\/\/old.seacretehotels.com\/de\/wp-json\/wp\/v2\/pages"}],"about":[{"href":"https:\/\/old.seacretehotels.com\/de\/wp-json\/wp\/v2\/types\/page"}],"author":[{"embeddable":true,"href":"https:\/\/old.seacretehotels.com\/de\/wp-json\/wp\/v2\/users\/1"}],"replies":[{"embeddable":true,"href":"https:\/\/old.seacretehotels.com\/de\/wp-json\/wp\/v2\/comments?post=48365"}],"version-history":[{"count":3,"href":"https:\/\/old.seacretehotels.com\/de\/wp-json\/wp\/v2\/pages\/48365\/revisions"}],"predecessor-version":[{"id":49072,"href":"https:\/\/old.seacretehotels.com\/de\/wp-json\/wp\/v2\/pages\/48365\/revisions\/49072"}],"up":[{"embeddable":true,"href":"https:\/\/old.seacretehotels.com\/de\/wp-json\/wp\/v2\/pages\/48462"}],"wp:featuredmedia":[{"embeddable":true,"href":"https:\/\/old.seacretehotels.com\/de\/wp-json\/wp\/v2\/media\/48367"}],"wp:attachment":[{"href":"https:\/\/old.seacretehotels.com\/de\/wp-json\/wp\/v2\/media?parent=48365"}],"curies":[{"name":"wp","href":"https:\/\/api.w.org\/{rel}","templated":true}]}}