
  
{"id":48358,"date":"2021-01-04T16:52:58","date_gmt":"2021-01-04T14:52:58","guid":{"rendered":"https:\/\/old.seacretehotels.com\/?page_id=48358\/"},"modified":"2023-01-24T13:43:04","modified_gmt":"2023-01-24T11:43:04","slug":"beach-bar","status":"publish","type":"page","link":"https:\/\/old.seacretehotels.com\/de\/kalyvesbeachhotel\/beach-bar\/","title":{"rendered":"Kalyves Strandbar"},"content":{"rendered":"<h1>Strandbar<\/h1>\n<p>Genie\u00dfen Sie die k\u00f6stlichen Gerichte aus unserem \u00c0-la-carte-Men\u00fc direkt am schimmernden Meer und am Pool, entspannen Sie sich zu den Kl\u00e4ngen sanfter Musik und bewundern Sie den majest\u00e4tischen Meerblick. Feiern Sie mit einem herrlichen mediterranen Gericht und einem Glas Champagner oder verw\u00f6hnen Sie Ihre Kinder mit einem speziell zubereiteten Kindergericht und einem leckeren Eis.<\/p>\n","protected":false},"excerpt":{"rendered":"<p>Strandbar Genie\u00dfen Sie die k\u00f6stlichen Gerichte aus unserem \u00c0-la-carte-Men\u00fc direkt am schimmernden Meer und am Pool, entspannen Sie sich zu <\/p>\n","protected":false},"author":1,"featured_media":100730,"parent":48462,"menu_order":0,"comment_status":"closed","ping_status":"closed","template":"templates\/template--single.php","meta":[],"acf":[],"_links":{"self":[{"href":"https:\/\/old.seacretehotels.com\/de\/wp-json\/wp\/v2\/pages\/48358"}],"collection":[{"href":"https:\/\/old.seacretehotels.com\/de\/wp-json\/wp\/v2\/pages"}],"about":[{"href":"https:\/\/old.seacretehotels.com\/de\/wp-json\/wp\/v2\/types\/page"}],"author":[{"embeddable":true,"href":"https:\/\/old.seacretehotels.com\/de\/wp-json\/wp\/v2\/users\/1"}],"replies":[{"embeddable":true,"href":"https:\/\/old.seacretehotels.com\/de\/wp-json\/wp\/v2\/comments?post=48358"}],"version-history":[{"count":4,"href":"https:\/\/old.seacretehotels.com\/de\/wp-json\/wp\/v2\/pages\/48358\/revisions"}],"predecessor-version":[{"id":93872,"href":"https:\/\/old.seacretehotels.com\/de\/wp-json\/wp\/v2\/pages\/48358\/revisions\/93872"}],"up":[{"embeddable":true,"href":"https:\/\/old.seacretehotels.com\/de\/wp-json\/wp\/v2\/pages\/48462"}],"wp:featuredmedia":[{"embeddable":true,"href":"https:\/\/old.seacretehotels.com\/de\/wp-json\/wp\/v2\/media\/100730"}],"wp:attachment":[{"href":"https:\/\/old.seacretehotels.com\/de\/wp-json\/wp\/v2\/media?parent=48358"}],"curies":[{"name":"wp","href":"https:\/\/api.w.org\/{rel}","templated":true}]}}