
  
{"id":48354,"date":"2021-01-04T16:49:44","date_gmt":"2021-01-04T14:49:44","guid":{"rendered":"https:\/\/old.seacretehotels.com\/?page_id=48354\/"},"modified":"2023-01-24T12:08:12","modified_gmt":"2023-01-24T10:08:12","slug":"kalyves-beach-restaurant","status":"publish","type":"page","link":"https:\/\/old.seacretehotels.com\/de\/kalyvesbeachhotel\/kalyves-beach-restaurant\/","title":{"rendered":"Kalyves Buffet Restaurant"},"content":{"rendered":"<h1>Buffet-Restaurant am Strand<\/h1>\n<p>Das gem\u00fctliche Buffet-Restaurant des Kalyves Beach Hotels bietet eine Mischung aus authentischer griechischer und internationaler Gastronomie und l\u00e4dt die G\u00e4ste ein, ihren Gaumen mit k\u00f6stlichen Gerichten zu verw\u00f6hnen, die mit den frischesten Zutaten der Region zubereitet werden. Begr\u00fc\u00dfen Sie den Morgen mit einem reichhaltigen amerikanischen Fr\u00fchst\u00fccksbuffet auf der Veranda am Fluss, w\u00e4hrend Sie den atemberaubenden Blick auf das Meer genie\u00dfen. Genie\u00dfen Sie Ihr Mittagessen, indem Sie den im Fluss schwimmenden Enten zuschauen und die Romantik bei einem Abendessen bei Kerzenlicht und einem Schaumwein aus unserer umfangreichen Weinkarte wieder aufleben lassen.<\/p>\n","protected":false},"excerpt":{"rendered":"<p>Buffet-Restaurant am Strand Das gem\u00fctliche Buffet-Restaurant des Kalyves Beach Hotels bietet eine Mischung aus authentischer griechischer und internationaler Gastronomie und <\/p>\n","protected":false},"author":1,"featured_media":100248,"parent":48462,"menu_order":0,"comment_status":"closed","ping_status":"closed","template":"templates\/template--single.php","meta":[],"acf":[],"_links":{"self":[{"href":"https:\/\/old.seacretehotels.com\/de\/wp-json\/wp\/v2\/pages\/48354"}],"collection":[{"href":"https:\/\/old.seacretehotels.com\/de\/wp-json\/wp\/v2\/pages"}],"about":[{"href":"https:\/\/old.seacretehotels.com\/de\/wp-json\/wp\/v2\/types\/page"}],"author":[{"embeddable":true,"href":"https:\/\/old.seacretehotels.com\/de\/wp-json\/wp\/v2\/users\/1"}],"replies":[{"embeddable":true,"href":"https:\/\/old.seacretehotels.com\/de\/wp-json\/wp\/v2\/comments?post=48354"}],"version-history":[{"count":3,"href":"https:\/\/old.seacretehotels.com\/de\/wp-json\/wp\/v2\/pages\/48354\/revisions"}],"predecessor-version":[{"id":93878,"href":"https:\/\/old.seacretehotels.com\/de\/wp-json\/wp\/v2\/pages\/48354\/revisions\/93878"}],"up":[{"embeddable":true,"href":"https:\/\/old.seacretehotels.com\/de\/wp-json\/wp\/v2\/pages\/48462"}],"wp:featuredmedia":[{"embeddable":true,"href":"https:\/\/old.seacretehotels.com\/de\/wp-json\/wp\/v2\/media\/100248"}],"wp:attachment":[{"href":"https:\/\/old.seacretehotels.com\/de\/wp-json\/wp\/v2\/media?parent=48354"}],"curies":[{"name":"wp","href":"https:\/\/api.w.org\/{rel}","templated":true}]}}