
  
{"id":48349,"date":"2021-01-04T16:44:47","date_gmt":"2021-01-04T14:44:47","guid":{"rendered":"https:\/\/old.seacretehotels.com\/?page_id=48349\/"},"modified":"2023-01-26T15:10:10","modified_gmt":"2023-01-26T13:10:10","slug":"dining-bars","status":"publish","type":"page","link":"https:\/\/old.seacretehotels.com\/de\/kalyvesbeachhotel\/dining-bars\/","title":{"rendered":"Kalyves Essen &#038; Bars"},"content":{"rendered":"<h1>Essen &amp; Bars<\/h1>\n<h2><strong>K\u00f6stliche kretische &amp; internationale Gastronomie<\/strong><\/h2>\n<p>Genie\u00dfen Sie die K\u00f6stlichkeiten der kretischen und internationalen Gastronomie auf der Veranda unseres Restaurants im Freien, w\u00e4hrend Sie die wunderbare Aussicht auf den Fluss und das Meer bewundern. Lassen Sie sich von unseren K\u00f6chen k\u00f6stlich aromatische Gerichte mit regional angebauten und hergestellten Zutaten und Inspirationen aus der internationalen K\u00fcche zubereiten. Ob Sie ein reichhaltiges Fr\u00fchst\u00fcck mit kostenlosem frischem Orangensaft aus Bio-Orangen, ein schmackhaftes Mittagessen oder ein Abendessen bei Kerzenlicht unter Sternenhimmel genie\u00dfen m\u00f6chten, das Buffet-Restaurant des Kalyves Beach Hotels ist die richtige Wahl f\u00fcr Sie. Wenn Sie Lust auf einen leichten Snack haben oder Ihre Mahlzeit am Strand genie\u00dfen m\u00f6chten, w\u00e4hlen Sie Ihre Lieblingsoption aus unserem \u00e0 la carte Men\u00fc zusammen mit einem erfrischenden Getr\u00e4nk von der Bar und lassen Sie den Tag mit dem Rauschen der Wellen ausklingen!<\/p>\n<p>&nbsp;<\/p>\n<h3><strong>All-Inclusive<\/strong><\/h3>\n<p><strong>Das Kalyves Beach Restaurant<\/strong><\/p>\n<p>W\u00e4hrend der Mahlzeiten unbegrenzte Mengen an lokalen Getr\u00e4nken wie: Frisches Wasser (wird mittels Spender in allen wichtigsten Punkten<\/p>\n<p>des Restaurants und der Strandbar zur Verf\u00fcgung gestellt), Softdrinks (aus dem Sodagetr\u00e4nke-Spender), Bier, Hauswein (Rot &amp; Wei\u00df), Ouzo, Raki, Saft-Konzentrate oder frischer Orangensaft aus Bio-Orangen.<\/p>\n<h2><strong>Die Kalyves Beach Poolbar<\/strong><\/h2>\n<p>Eine unbegrenzte Menge an lokalen alkoholischen und nicht-alkoholischen Getr\u00e4nken sowie Filterkaffee, Kr\u00e4utertees und Wasser aus dem Wasserspender wird Ihnen angeboten.<\/p>\n<p>\u00d6FFNUNGSZEITEN F\u00dcR DIE ALL-INCLUSIVE-BAR:<\/p>\n<p>Strandbar: von 11:00 bis 23:00 Uhr. Nach 23:00 Uhr zahlen alle unsere G\u00e4ste die Getr\u00e4nke zu Sonderpreisen.<\/p>\n","protected":false},"excerpt":{"rendered":"<p>Essen &amp; Bars K\u00f6stliche kretische &amp; internationale Gastronomie Genie\u00dfen Sie die K\u00f6stlichkeiten der kretischen und internationalen Gastronomie auf der Veranda <\/p>\n","protected":false},"author":1,"featured_media":100236,"parent":48462,"menu_order":0,"comment_status":"closed","ping_status":"closed","template":"templates\/template--single.php","meta":[],"acf":[],"_links":{"self":[{"href":"https:\/\/old.seacretehotels.com\/de\/wp-json\/wp\/v2\/pages\/48349"}],"collection":[{"href":"https:\/\/old.seacretehotels.com\/de\/wp-json\/wp\/v2\/pages"}],"about":[{"href":"https:\/\/old.seacretehotels.com\/de\/wp-json\/wp\/v2\/types\/page"}],"author":[{"embeddable":true,"href":"https:\/\/old.seacretehotels.com\/de\/wp-json\/wp\/v2\/users\/1"}],"replies":[{"embeddable":true,"href":"https:\/\/old.seacretehotels.com\/de\/wp-json\/wp\/v2\/comments?post=48349"}],"version-history":[{"count":5,"href":"https:\/\/old.seacretehotels.com\/de\/wp-json\/wp\/v2\/pages\/48349\/revisions"}],"predecessor-version":[{"id":93957,"href":"https:\/\/old.seacretehotels.com\/de\/wp-json\/wp\/v2\/pages\/48349\/revisions\/93957"}],"up":[{"embeddable":true,"href":"https:\/\/old.seacretehotels.com\/de\/wp-json\/wp\/v2\/pages\/48462"}],"wp:featuredmedia":[{"embeddable":true,"href":"https:\/\/old.seacretehotels.com\/de\/wp-json\/wp\/v2\/media\/100236"}],"wp:attachment":[{"href":"https:\/\/old.seacretehotels.com\/de\/wp-json\/wp\/v2\/media?parent=48349"}],"curies":[{"name":"wp","href":"https:\/\/api.w.org\/{rel}","templated":true}]}}