
  
{"id":48341,"date":"2021-01-04T16:23:29","date_gmt":"2021-01-04T14:23:29","guid":{"rendered":"https:\/\/old.seacretehotels.com\/?page_id=48341\/"},"modified":"2023-05-19T18:42:10","modified_gmt":"2023-05-19T15:42:10","slug":"allinclusive-vip","status":"publish","type":"page","link":"https:\/\/old.seacretehotels.com\/de\/kalyvesbeachhotel\/allinclusive-vip\/","title":{"rendered":"Kalyves All-Inclusive Plus"},"content":{"rendered":"<h1>Kalyves All-Inclusive Plus<\/h1>\n<p><strong>BB Rate + \u20ac20 per adult \/ per day<\/strong><\/p>\n<p><a href=\"https:\/\/old.seacretehotels.com\/wp-content\/uploads\/2022\/11\/KBH_AI_PLUS_GERMAN.pdf\" target=\"_blank\" rel=\"noopener\">Sehen Sie sich alle Gr\u00fcnde an, warum Sie auf unser All-Inclusive-Plus-Paket upgraden sollten<\/a><\/p>\n<p><strong>Bitte beachten Sie:<\/strong> F\u00fcr alle erwachsenen G\u00e4ste jeder Zimmerreservierung ist ein Upgrade erforderlich.<\/p>\n<p>Wenn Ihnen das Standard-All-Inclusive-Angebot nicht ausreicht, nutzen Sie unser All-Inclusive-Plus-Paket und verbessern Sie Ihren Urlaub im Kalyves Beach Hotel. Genie\u00dfen Sie alle Vorteile unseres Standard-All-Inclusive-Pakets mit besonderen Willkommensleckereien auf Ihrem Zimmer, k\u00f6stlichen Speisen und Getr\u00e4nken, freiem Zugang zum Fitnessstudio und exklusiven Erm\u00e4\u00dfigungen.<\/p>\n<p>Nachfolgend finden Sie eine \u00dcbersicht \u00fcber die zus\u00e4tzlichen Dienstleistungen, die unseren G\u00e4sten zur Verf\u00fcgung stehen. F\u00fcr 20\u20ac pro Erwachsenem\/pro Tag genie\u00dfen Sie alle Standard-All-Inclusive-Leistungen, darunter:<\/p>\n<p><strong>Essen &amp; Getr\u00e4nke:\u00a0<\/strong><\/p>\n<ul>\n<li>Alle t\u00e4glichen Mahlzeiten und Snacks<\/li>\n<li>Lokaler kretischer Wein aus dem Spender (Rot, Wei\u00df, Ros\u00e9)<\/li>\n<li>Lokales kretisches Fassbier<\/li>\n<li>Lokale Spirituosen (Ouzo, Raki usw.)<\/li>\n<li>Nicht-Marken-Spirituosen (Gin, Tequila, Rum, Wodka, Brandy, Whiskey)<\/li>\n<li>Alkoholische Markengetr\u00e4nke<\/li>\n<li>Alkoholische und nicht-alkoholische Cocktails<\/li>\n<li>Abgef\u00fcllter Hauswein 375 ml (2 x Flaschen pro Person und Tag)<\/li>\n<li>Premium Bier<\/li>\n<li>Frischer Orangensaft<\/li>\n<li>Sprudelgetr\u00e4nke aus dem Soda- &amp; Wasserspender<\/li>\n<li>Filterkaffee \/ Tee<\/li>\n<li>Barrista Kaffee (Espresso, Cappuccino, Latte, hei\u00dfe Schokolade usw.)<\/li>\n<\/ul>\n<p><strong>ZIMMERSERVICE<\/strong><\/p>\n<ul>\n<li>Zimmer-Upgrade (je nach Verf\u00fcgbarkeit)<\/li>\n<li>T\u00e4gliche Zimmerreinigung<\/li>\n<li>Nachmittags-Zimmerservice (auf Anfrage)<\/li>\n<li>Willkommenskorb (Hauswein, Obst und Wasser)<\/li>\n<li>Kindergeschenk<\/li>\n<li>Kostenloser Late Check-out bis 14.00 Uhr (je nach Verf\u00fcgbarkeit)<\/li>\n<li>Tagesnutzung bis 18.00 Uhr (je nach Verf\u00fcgbarkeit) &#8211; 50 % Rabatt<\/li>\n<li>Espressomaschine vorhanden (2 x Kapseln GRATIS bei der Ankunft)<\/li>\n<li>1 Flasche Wasser, wird t\u00e4glich aufgestockt<\/li>\n<\/ul>\n<p><strong>FREIZEIT UND ENTSPANNUNG<\/strong><\/p>\n<ul>\n<li>Im Pool-Bereich stehen unseren G\u00e4sten ein Sonnenschirm und Sonnenliegen zur Verf\u00fcgung (kostenlos)<\/li>\n<li>Strandhandt\u00fccher werden an der Strandbar bereitgestellt<\/li>\n<li>WLAN-Internet mit doppelter Geschwindigkeit in allen Zimmern, am Strand und in \u00f6ffentlichen Hotelbereichen<\/li>\n<li>Kostenloser Kuchen f\u00fcr besondere Anl\u00e4sse (z. B. Geburtstage, Jubil\u00e4en usw.) &#8211; (auf Anfrage)<\/li>\n<li>Sicherheitsschlie\u00dffach<\/li>\n<li>T\u00e4gliche Abendshows<\/li>\n<\/ul>\n<p><strong>SPORT UND FITNESS<\/strong><\/p>\n<ul>\n<li>Kostenlose Sportaktivit\u00e4ten: Fitnessraum und Tischtennis<\/li>\n<li>Kostenlose Nutzung des beheizten Innenpools<\/li>\n<\/ul>\n<p><strong>KALYVES BEACH HOTEL SPA &amp; WELLNESSCENTER<\/strong><\/p>\n<ul>\n<li>Massagen, Behandlungen und Wellnessbereiche: 30 % Rabatt<\/li>\n<\/ul>\n","protected":false},"excerpt":{"rendered":"<p>Kalyves All-Inclusive Plus BB Rate + \u20ac20 per adult \/ per day Sehen Sie sich alle Gr\u00fcnde an, warum Sie <\/p>\n","protected":false},"author":1,"featured_media":48343,"parent":48462,"menu_order":0,"comment_status":"closed","ping_status":"closed","template":"templates\/template--single.php","meta":[],"acf":[],"_links":{"self":[{"href":"https:\/\/old.seacretehotels.com\/de\/wp-json\/wp\/v2\/pages\/48341"}],"collection":[{"href":"https:\/\/old.seacretehotels.com\/de\/wp-json\/wp\/v2\/pages"}],"about":[{"href":"https:\/\/old.seacretehotels.com\/de\/wp-json\/wp\/v2\/types\/page"}],"author":[{"embeddable":true,"href":"https:\/\/old.seacretehotels.com\/de\/wp-json\/wp\/v2\/users\/1"}],"replies":[{"embeddable":true,"href":"https:\/\/old.seacretehotels.com\/de\/wp-json\/wp\/v2\/comments?post=48341"}],"version-history":[{"count":10,"href":"https:\/\/old.seacretehotels.com\/de\/wp-json\/wp\/v2\/pages\/48341\/revisions"}],"predecessor-version":[{"id":101377,"href":"https:\/\/old.seacretehotels.com\/de\/wp-json\/wp\/v2\/pages\/48341\/revisions\/101377"}],"up":[{"embeddable":true,"href":"https:\/\/old.seacretehotels.com\/de\/wp-json\/wp\/v2\/pages\/48462"}],"wp:featuredmedia":[{"embeddable":true,"href":"https:\/\/old.seacretehotels.com\/de\/wp-json\/wp\/v2\/media\/48343"}],"wp:attachment":[{"href":"https:\/\/old.seacretehotels.com\/de\/wp-json\/wp\/v2\/media?parent=48341"}],"curies":[{"name":"wp","href":"https:\/\/api.w.org\/{rel}","templated":true}]}}