
  
{"id":48329,"date":"2021-01-04T16:12:10","date_gmt":"2021-01-04T14:12:10","guid":{"rendered":"https:\/\/old.seacretehotels.com\/?page_id=48329\/"},"modified":"2022-11-09T12:04:12","modified_gmt":"2022-11-09T10:04:12","slug":"allinclusive-hotel","status":"publish","type":"page","link":"https:\/\/old.seacretehotels.com\/de\/kalyvesbeachhotel\/allinclusive-hotel\/","title":{"rendered":"Kalyves All-Inclusive-\u00dcbersicht"},"content":{"rendered":"<h1>Kalyves All-Inclusive Chania<\/h1>\n<p><strong>BB Rate + \u20ac10 per adult \/ per day<\/strong><\/p>\n<p>Das Kalyves Beach Hotel bietet f\u00fcr ein optimales Urlaubserlebnis einen All-Inclusive-Urlaubsplan an. G\u00e4ste, die im Hotel \u00fcbernachten, sind herzlich eingeladen, schmackhafte Mahlzeiten im Buffet-Restaurant des Hotels zu genie\u00dfen, begleitet von frischem Orangensaft aus biologisch angebauten Orangen, leichten Snacks und Erfrischungen w\u00e4hrend des Tages sowie unbegrenzten Getr\u00e4nken, die vom Hotel zur Verf\u00fcgung gestellt werden. Der Kinderspielplatz, die Sonnenliegen und Sonnenschirme sowie thematische Abende, die den ganzen Sommer \u00fcber organisiert werden, sind ebenfalls in diesem Plan enthalten. Privilegierte G\u00e4ste haben auch die M\u00f6glichkeit, den All-Inclusive-VIP-Plan zu erwerben und einige zus\u00e4tzliche Dienstleistungen, \u201eFood &amp; Beverage\u201c-Erg\u00e4nzungen und Sportaktivit\u00e4ten kostenlos zu genie\u00dfen.<\/p>\n<p><strong><em>Mahlzeiten im Buffet-Restaurant<\/em><br \/>\n<\/strong><\/p>\n<p>Alle Mahlzeiten werden in einem reichhaltigen Buffet serviert, mit einer Vielzahl von frischen Speisen, die t\u00e4glich von unseren talentierten K\u00f6chen aus regional hergestellt und angebauten Zutaten zubereitet werden. Unsere G\u00e4ste k\u00f6nnen Tag und Nacht den herrlichen Blick auf das Meer von Kreta genie\u00dfen, kombiniert mit den k\u00f6stlichen Spezialit\u00e4ten, die unser K\u00fcchenchef zubereitet.<\/p>\n<ul>\n<li>Fr\u00fchst\u00fcck: von 08:00 bis 10:30 Uhr &#8211; amerikanisches Buffet<\/li>\n<li>Mittagessen: von 13:00 bis 15:00 Uhr &#8211; vollst\u00e4ndiges Buffet<\/li>\n<li>Abendessen: von 18:30 bis 21:30 Uhr &#8211; vollst\u00e4ndiges Buffet<\/li>\n<\/ul>\n<p>Dress Code: W\u00e4hrend der Essenszeiten sind die G\u00e4ste aufgefordert, sich im Hauptrestaurant respektvoll zu kleiden.<\/p>\n<p><em><strong>Leichte Mahlzeiten, Snacks &amp; Kaffee<\/strong><\/em><\/p>\n<p>Eine Vielfalt von warmen und kalten Snacks, Sandwiches, Geb\u00e4ck, zusammen mit lokal angebautem Obst und Salat werden w\u00e4hrend den folgenden Zeiten verf\u00fcgbar sein: Vormittags (von 11:00 bis 12:00 Uhr), nachmittags (von 16:00 bis 17:00 Uhr), Eis gibt es w\u00e4hrend der Mittags- und Abendessenszeit (am Buffet) und zwischen 11:00 &#8211; 12:00 und 16:00 -17:00 Uhr (an der Strandbar). Sandwiches f\u00fcr Ihre Ausfl\u00fcge sind auf Anfrage an der Rezeption erh\u00e4ltlich. Diese m\u00fcssen einen Tag im Voraus bis 19:00 Uhr bestellt werden.<\/p>\n<p><em><strong>Getr\u00e4nke im Restaurant des Kalyves Beach Hotels<\/strong><\/em><\/p>\n<p>W\u00e4hrend der Mahlzeiten gibt es unbegrenzte Mengen an lokalen Getr\u00e4nken, wie regionalen kretischen Wein aus dem Spender (Rot, Wei\u00df, Ros\u00e9). Lokales kretisches Bier, sprudelnde Getr\u00e4nke, Soda und Wasser, alles aus dem Spender, Filterkaffee \/ Tee.<\/p>\n<h2><strong>An der Kalyves Beach Hotel Pool Bar<\/strong><\/h2>\n<p>Es wird eine unbegrenzte Menge an lokalen alkoholischen und Soft-Drinks sowie Filterkaffee, Kr\u00e4utertees und Wasser angeboten. Lokale Spirituosen (Ouzo, Raki usw.), Spirituosen ohne Markenzeichen (Gin, Tequila, Rum, Wodka, Brandy, Whiskey), sprudelnde Getr\u00e4nke aus dem Wasser- &amp; Sodaspender, Filterkaffee \/ Tee<\/p>\n<p>\u00d6FFNUNGSZEITEN F\u00dcR DIE ALL-INCLUSIVE-BAR: Strandbar: von 11:00 bis 23:00 Uhr.<\/p>\n<p><em><strong>Zimmerservice:<\/strong><\/em><\/p>\n<ul>\n<li>T\u00e4gliche Zimmerreinigung<\/li>\n<li>Espressomaschine vorhanden (2 x Kapseln GRATIS bei der Ankunft)<\/li>\n<\/ul>\n<p><em><strong>F\u00fcr unsere kleinen G\u00e4ste<\/strong><\/em><\/p>\n<ul>\n<li>Kinderspielplatz<\/li>\n<li>Hochst\u00fchle im Restaurant<\/li>\n<\/ul>\n<p><em><strong>Freizeit und Entspannung<\/strong><\/em><\/p>\n<ul>\n<li>Unseren G\u00e4sten stehen Sonnenschirme und Sonnenliegen im Pool-Bereich und am Strand zur Verf\u00fcgung (kostenlos)<\/li>\n<li>Kostenloses WLAN-Internet in allen Zimmern, am Strand und in den \u00f6ffentlichen Hotelbereichen<\/li>\n<li>T\u00e4gliche Abendshows<\/li>\n<\/ul>\n<p><em><strong>Sport und Fitness<\/strong><\/em><\/p>\n<ul>\n<li>Kostenlose Sportaktivit\u00e4ten: Fitnessraum und Tischtennis<\/li>\n<li>Kostenlose Nutzung des beheizten Innenpools<\/li>\n<\/ul>\n<h3><strong>Dienstleistungen gegen Aufpreis (an der Rezeption zu buchen)<br \/>\n<\/strong><\/h3>\n<ul>\n<li>Massage<\/li>\n<li>Nutzung im Laufe des Tages<\/li>\n<li>Sauna<\/li>\n<li>Notarzt<\/li>\n<li>Whirlpool<\/li>\n<li>Taxi-Service<\/li>\n<li>\u0392illard und elektronische Spiele<\/li>\n<li>Baby-Paket (Babybett, Babywagen, Babystuhl)<\/li>\n<li>Strandt\u00fccher<\/li>\n<li>Laptop-Vermietung<\/li>\n<li>Schlie\u00dffach im Zimmer<\/li>\n<\/ul>\n","protected":false},"excerpt":{"rendered":"<p>Kalyves All-Inclusive Chania BB Rate + \u20ac10 per adult \/ per day Das Kalyves Beach Hotel bietet f\u00fcr ein optimales <\/p>\n","protected":false},"author":1,"featured_media":100248,"parent":48462,"menu_order":0,"comment_status":"closed","ping_status":"closed","template":"templates\/template--single.php","meta":[],"acf":[],"_links":{"self":[{"href":"https:\/\/old.seacretehotels.com\/de\/wp-json\/wp\/v2\/pages\/48329"}],"collection":[{"href":"https:\/\/old.seacretehotels.com\/de\/wp-json\/wp\/v2\/pages"}],"about":[{"href":"https:\/\/old.seacretehotels.com\/de\/wp-json\/wp\/v2\/types\/page"}],"author":[{"embeddable":true,"href":"https:\/\/old.seacretehotels.com\/de\/wp-json\/wp\/v2\/users\/1"}],"replies":[{"embeddable":true,"href":"https:\/\/old.seacretehotels.com\/de\/wp-json\/wp\/v2\/comments?post=48329"}],"version-history":[{"count":8,"href":"https:\/\/old.seacretehotels.com\/de\/wp-json\/wp\/v2\/pages\/48329\/revisions"}],"predecessor-version":[{"id":81545,"href":"https:\/\/old.seacretehotels.com\/de\/wp-json\/wp\/v2\/pages\/48329\/revisions\/81545"}],"up":[{"embeddable":true,"href":"https:\/\/old.seacretehotels.com\/de\/wp-json\/wp\/v2\/pages\/48462"}],"wp:featuredmedia":[{"embeddable":true,"href":"https:\/\/old.seacretehotels.com\/de\/wp-json\/wp\/v2\/media\/100248"}],"wp:attachment":[{"href":"https:\/\/old.seacretehotels.com\/de\/wp-json\/wp\/v2\/media?parent=48329"}],"curies":[{"name":"wp","href":"https:\/\/api.w.org\/{rel}","templated":true}]}}