
  
{"id":48325,"date":"2021-01-04T15:53:25","date_gmt":"2021-01-04T13:53:25","guid":{"rendered":"https:\/\/old.seacretehotels.com\/?page_id=48325\/"},"modified":"2022-07-21T15:38:24","modified_gmt":"2022-07-21T12:38:24","slug":"accommodation","status":"publish","type":"page","link":"https:\/\/old.seacretehotels.com\/de\/kalyvesbeachhotel\/accommodation\/","title":{"rendered":"Kalyves Unterkunfts\u00fcbersicht"},"content":{"rendered":"<h5>Unterkunftsm\u00f6glichkeiten f\u00fcr Ihren Strandurlaub in Chania<\/p>\n<p>Check-in-Zeit: 15:00 | Check-out-Zeit: 11:00 Uhr<\/h5>\n<p>Das Kalyves Strandhotel in Chania garantiert einen Urlaub jenseits aller Erwartungen in seinen charmanten Doppel- und Superior-Zimmern. Alle Zimmer wurden mit Akzent auf dem Komfort eingerichtet und bieten eine gro\u00dfe Auswahl an modernen Annehmlichkeiten f\u00fcr die Gew\u00e4hrleistung der Qualit\u00e4t Ihres Aufenthalts. Die charmant eingerichteten Zimmer hei\u00dfen die G\u00e4ste willkommen, laden dazu ein, sich in einer Oase der zeitgen\u00f6ssischen Raffinesse zu verw\u00f6hnen und in einer Welt der ruhigen Gl\u00fcckseligkeit zu entspannen. Sch\u00f6n und modern eingerichtet, verf\u00fcgen alle Zimmer \u00fcber die unverzichtbaren Annehmlichkeiten f\u00fcr einen wirklich erholsamen Urlaub. Sowohl die Doppel- als auch die Superior-Zimmer verf\u00fcgen \u00fcber einen m\u00f6blierten Balkon mit herrlichem Blick auf die Wei\u00dfen Berge, die duftenden G\u00e4rten, das kretische Meer, den Fluss oder die Pools.<\/p>\n<h2>Zimmerausstattung<\/h2>\n<ul>\n<li>Satellitenfernsehen<\/li>\n<li>K\u00fchlschrank<\/li>\n<li>Wasserkocher<\/li>\n<li>Schlie\u00dffach<\/li>\n<li>Haartrockner<\/li>\n<li>Kostenlose WLAN-Internetverbindung<\/li>\n<li>Klimaanlage<\/li>\n<li>Balkon<\/li>\n<li>Dusche oder Badewanne<\/li>\n<li>Direkte Telefonleitung<\/li>\n<\/ul>\n","protected":false},"excerpt":{"rendered":"<p>Unterkunftsm\u00f6glichkeiten f\u00fcr Ihren Strandurlaub in Chania Check-in-Zeit: 15:00 | Check-out-Zeit: 11:00 Uhr Das Kalyves Strandhotel in Chania garantiert einen Urlaub <\/p>\n","protected":false},"author":1,"featured_media":0,"parent":48462,"menu_order":0,"comment_status":"closed","ping_status":"closed","template":"templates\/template--rooms.php","meta":[],"acf":[],"_links":{"self":[{"href":"https:\/\/old.seacretehotels.com\/de\/wp-json\/wp\/v2\/pages\/48325"}],"collection":[{"href":"https:\/\/old.seacretehotels.com\/de\/wp-json\/wp\/v2\/pages"}],"about":[{"href":"https:\/\/old.seacretehotels.com\/de\/wp-json\/wp\/v2\/types\/page"}],"author":[{"embeddable":true,"href":"https:\/\/old.seacretehotels.com\/de\/wp-json\/wp\/v2\/users\/1"}],"replies":[{"embeddable":true,"href":"https:\/\/old.seacretehotels.com\/de\/wp-json\/wp\/v2\/comments?post=48325"}],"version-history":[{"count":3,"href":"https:\/\/old.seacretehotels.com\/de\/wp-json\/wp\/v2\/pages\/48325\/revisions"}],"predecessor-version":[{"id":75422,"href":"https:\/\/old.seacretehotels.com\/de\/wp-json\/wp\/v2\/pages\/48325\/revisions\/75422"}],"up":[{"embeddable":true,"href":"https:\/\/old.seacretehotels.com\/de\/wp-json\/wp\/v2\/pages\/48462"}],"wp:attachment":[{"href":"https:\/\/old.seacretehotels.com\/de\/wp-json\/wp\/v2\/media?parent=48325"}],"curies":[{"name":"wp","href":"https:\/\/api.w.org\/{rel}","templated":true}]}}