
  
{"id":48150,"date":"2021-01-04T15:09:44","date_gmt":"2021-01-04T13:09:44","guid":{"rendered":"https:\/\/old.seacretehotels.com\/?page_id=48150\/"},"modified":"2023-04-10T11:00:06","modified_gmt":"2023-04-10T08:00:06","slug":"spa-center","status":"publish","type":"page","link":"https:\/\/old.seacretehotels.com\/de\/kianibeachresort\/spa-center\/","title":{"rendered":"Wellnesszentrum &#038; SPA"},"content":{"rendered":"<h1>Wellnesszentrum &amp; SPA<\/h1>\n<p><strong><a href=\"https:\/\/hotels.aegeospas.gr\/wp-content\/uploads\/PDFs\/Menu-Wet-ENG-DE-Desktop.pdf\" target=\"_blank\" rel=\"noopener\">Klicken Sie hier f\u00fcr eine vollst\u00e4ndige Beschreibung unseres SPA-Men\u00fcs und unserer Behandlungen<\/a><\/strong><\/p>\n<p><strong><a href=\"https:\/\/old.seacretehotels.com\/wp-content\/uploads\/2023\/04\/Aegeo-Spas-Menu-Pricelist-kiani-2023.pdf\" target=\"_blank\" rel=\"noopener\">Klicken Sie hier f\u00fcr unsere SPA-Preise<\/a><\/strong><\/p>\n<p>Das echte kretische Abenteuer w\u00e4re nicht komplett ohne ein Wellnesserlebnis, da die Behandlungen im Kiani Beach Wellnesszentrum vor allem rein nat\u00fcrliche regionale Zutaten wie Oliven\u00f6l, Honig und Traubenextrakte verwenden.<\/p>\n<p>Frische aromatische Pflanzen und Kr\u00e4uter wie Rosmarin, Pfefferminze, Zitronengras und Kamille spielen eine wichtige Rolle in einer Reihe von speziell formulierten Behandlungen, die in unserem Kiani Beach Wellnesszentrum angeboten werden. Unsere erfahrenen Therapeuten nutzen die wahren Heilkr\u00e4fte der kretischen Sch\u00e4tze und garantieren Ihnen eine unvergesslich entspannende Behandlung, je nach Ihren Bed\u00fcrfnissen. Genie\u00dfen Sie ein breites Angebot an ganzheitlichen Behandlungen f\u00fcr K\u00f6rper und Seele, wie z. B. K\u00f6rpermassagen, Gesichts- und K\u00f6rperbehandlungen in unseren speziell eingerichteten Behandlungsr\u00e4umen. Besuchen Sie nach einer Behandlung auch unsere Sauna und den Whirlpool f\u00fcr ein noch wirksameres Erlebnis.<\/p>\n<p><strong>F\u00fcr Buchungen oder weitere Informationen kontaktieren Sie bitte<\/strong> <a href=\"mailto:reservations@kianibeach.com\">reservations@kianibeach.com<\/a> oder Tel.: +30 28250 32300 (Spa-Durchwahl 8933).<\/p>\n","protected":false},"excerpt":{"rendered":"<p>Wellnesszentrum &amp; SPA Klicken Sie hier f\u00fcr eine vollst\u00e4ndige Beschreibung unseres SPA-Men\u00fcs und unserer Behandlungen Klicken Sie hier f\u00fcr unsere <\/p>\n","protected":false},"author":1,"featured_media":47448,"parent":48656,"menu_order":0,"comment_status":"closed","ping_status":"closed","template":"templates\/template--single.php","meta":[],"acf":[],"_links":{"self":[{"href":"https:\/\/old.seacretehotels.com\/de\/wp-json\/wp\/v2\/pages\/48150"}],"collection":[{"href":"https:\/\/old.seacretehotels.com\/de\/wp-json\/wp\/v2\/pages"}],"about":[{"href":"https:\/\/old.seacretehotels.com\/de\/wp-json\/wp\/v2\/types\/page"}],"author":[{"embeddable":true,"href":"https:\/\/old.seacretehotels.com\/de\/wp-json\/wp\/v2\/users\/1"}],"replies":[{"embeddable":true,"href":"https:\/\/old.seacretehotels.com\/de\/wp-json\/wp\/v2\/comments?post=48150"}],"version-history":[{"count":20,"href":"https:\/\/old.seacretehotels.com\/de\/wp-json\/wp\/v2\/pages\/48150\/revisions"}],"predecessor-version":[{"id":97733,"href":"https:\/\/old.seacretehotels.com\/de\/wp-json\/wp\/v2\/pages\/48150\/revisions\/97733"}],"up":[{"embeddable":true,"href":"https:\/\/old.seacretehotels.com\/de\/wp-json\/wp\/v2\/pages\/48656"}],"wp:featuredmedia":[{"embeddable":true,"href":"https:\/\/old.seacretehotels.com\/de\/wp-json\/wp\/v2\/media\/47448"}],"wp:attachment":[{"href":"https:\/\/old.seacretehotels.com\/de\/wp-json\/wp\/v2\/media?parent=48150"}],"curies":[{"name":"wp","href":"https:\/\/api.w.org\/{rel}","templated":true}]}}