
  
{"id":48145,"date":"2021-01-04T15:04:35","date_gmt":"2021-01-04T13:04:35","guid":{"rendered":"https:\/\/old.seacretehotels.com\/?page_id=48145\/"},"modified":"2023-07-26T14:03:27","modified_gmt":"2023-07-26T11:03:27","slug":"wellness-center-spa","status":"publish","type":"page","link":"https:\/\/old.seacretehotels.com\/de\/kalyvesbeachhotel\/wellness-center-spa\/","title":{"rendered":"Wellnesszentrum &#038; SPA"},"content":{"rendered":"<h1>Wellnesscenter und Spa<\/h1>\n<p><strong><a href=\"https:\/\/hotels.aegeospas.gr\/wp-content\/uploads\/PDFs\/Menu-Wet-ENG-DE-Desktop.pdf\" target=\"_blank\" rel=\"noopener\">Klicken Sie hier f\u00fcr eine vollst\u00e4ndige Beschreibung unseres SPA-Men\u00fcs und unserer Behandlungen<\/a><\/strong><\/p>\n<p><strong><a href=\"https:\/\/old.seacretehotels.com\/wp-content\/uploads\/2023\/07\/pricelist-wet-medium.pdf\" target=\"_blank\" rel=\"noopener\">Klicken Sie hier f\u00fcr unsere SPA-Preise<\/a><\/strong><\/p>\n<p>Ein echtes kretisches Abenteuer w\u00e4re ohne ein Spa-Erlebnis nicht vollst\u00e4ndig, insbesondere da bei den Kalyves Beach Spa-Behandlungen reine nat\u00fcrliche Zutaten aus der Region wie Oliven\u00f6l, Honig und Traubenextrakte verwendet werden.<\/p>\n<p>Frische aromatische Pflanzen und Kr\u00e4uter wie Rosmarin, Pfefferminze, Zitronengras und Kamille spielen eine wichtige Rolle in einer Reihe speziell zusammengestellter Behandlungen in unserem Kalyves Beach SPA. Unsere erfahrenen Therapeuten nutzen die wahren Heilkr\u00e4fte der kretischen Sch\u00e4tze und bieten eine unvergessliche und entspannende Behandlung, die Ihren Ma\u00dfen entspricht. Genie\u00dfen Sie in unseren speziell gestalteten Behandlungsr\u00e4umen eine breite Palette ganzheitlicher Behandlungen f\u00fcr K\u00f6rper und Seele, darunter K\u00f6rpermassagen, Gesichtsbehandlungen und K\u00f6rperbehandlungen. Probieren Sie doch nach einer Behandlung unsere Sauna und unseren Whirlpool aus, um ein noch erholsameres Erlebnis zu erleben.<\/p>\n<p><strong>F\u00fcr Buchungen oder weitere Informationen wenden Sie sich bitte an<\/strong> Tel.: +30 28250 31285 oder erkundigen Sie sich an unserer Rezeption.<\/p>\n<p>&nbsp;<\/p>\n","protected":false},"excerpt":{"rendered":"<p>Wellnesscenter und Spa Klicken Sie hier f\u00fcr eine vollst\u00e4ndige Beschreibung unseres SPA-Men\u00fcs und unserer Behandlungen Klicken Sie hier f\u00fcr unsere <\/p>\n","protected":false},"author":1,"featured_media":100323,"parent":48462,"menu_order":0,"comment_status":"closed","ping_status":"closed","template":"templates\/template--single.php","meta":[],"acf":[],"_links":{"self":[{"href":"https:\/\/old.seacretehotels.com\/de\/wp-json\/wp\/v2\/pages\/48145"}],"collection":[{"href":"https:\/\/old.seacretehotels.com\/de\/wp-json\/wp\/v2\/pages"}],"about":[{"href":"https:\/\/old.seacretehotels.com\/de\/wp-json\/wp\/v2\/types\/page"}],"author":[{"embeddable":true,"href":"https:\/\/old.seacretehotels.com\/de\/wp-json\/wp\/v2\/users\/1"}],"replies":[{"embeddable":true,"href":"https:\/\/old.seacretehotels.com\/de\/wp-json\/wp\/v2\/comments?post=48145"}],"version-history":[{"count":9,"href":"https:\/\/old.seacretehotels.com\/de\/wp-json\/wp\/v2\/pages\/48145\/revisions"}],"predecessor-version":[{"id":105046,"href":"https:\/\/old.seacretehotels.com\/de\/wp-json\/wp\/v2\/pages\/48145\/revisions\/105046"}],"up":[{"embeddable":true,"href":"https:\/\/old.seacretehotels.com\/de\/wp-json\/wp\/v2\/pages\/48462"}],"wp:featuredmedia":[{"embeddable":true,"href":"https:\/\/old.seacretehotels.com\/de\/wp-json\/wp\/v2\/media\/100323"}],"wp:attachment":[{"href":"https:\/\/old.seacretehotels.com\/de\/wp-json\/wp\/v2\/media?parent=48145"}],"curies":[{"name":"wp","href":"https:\/\/api.w.org\/{rel}","templated":true}]}}