
  
{"id":48039,"date":"2021-01-04T14:25:46","date_gmt":"2021-01-04T12:25:46","guid":{"rendered":"https:\/\/old.seacretehotels.com\/?page_id=48039\/"},"modified":"2021-01-07T16:53:19","modified_gmt":"2021-01-07T14:53:19","slug":"about","status":"publish","type":"page","link":"https:\/\/old.seacretehotels.com\/de\/about\/","title":{"rendered":"\u00dcber uns"},"content":{"rendered":"<h1>\u00dcber SeaCrete Hotels<\/h1>\n<p>Die Zeit ist in der Regel knapp, sodass jeder Urlaub eine entspannende und stressfreie Erfahrung f\u00fcr Erwachsene und j\u00fcngere G\u00e4ste sein sollte. In diesem Sinne haben die SeaCrete Hotels zwischen 1992 und 2007 zwei gro\u00dfartige Familienresorts am Strand f\u00fcr Urlauber geschaffen, die mehr als das Gew\u00f6hnliche verdienen. Direkt an der K\u00fcste von Kalyves gelegen, bringen das Kiani Beach Resort und das Kalyves Beach Hotel den Urlaub in Chania auf eine vollkommen neue Ebene des Vergn\u00fcgens.<\/p>\n<p>Beide Strandresorts haben es erfolgreich geschafft, die hohe Qualit\u00e4t der Dienstleistungen mit der unvergleichlichen Herzlichkeit der ber\u00fchmten kretischen Gastfreundschaft zu verbinden und somit einen Urlaub jenseits aller Erwartungen inmitten des Meeres und der \u00fcppigen Landschaft zu garantieren. Die SeaCrete-Hotels bieten den G\u00e4sten eine gro\u00dfe Auswahl an ger\u00e4umigen Unterk\u00fcnften mit Blick auf das azurblaue kretische Meer und die Berge, zusammen mit einer erstaunlichen Vielfalt an luxuri\u00f6sen Einrichtungen und Dienstleistungen, die alle Ihre W\u00fcnsche erf\u00fcllen werden.<\/p>\n<p style=\"text-align: center;\">Das aufmerksame Personal ist bereit, sich um alle Ihre Bed\u00fcrfnisse zu k\u00fcmmern und Ihre Tr\u00e4ume in eine Realit\u00e4t zu verwandeln, an die Sie sich noch viele Jahre lang erinnern werden.<br \/>\nMachen Sie sich bereit, einen wirklich angenehmen Urlaub in Chania zu erleben, w\u00e4hrend Sie die zahlreichen hochwertigen Einrichtungen und Unterhaltungsm\u00f6glichkeiten unserer Hotels nutzen.<\/p>\n<p style=\"text-align: center;\"><em><strong>Erforschen, entdecken und erleben Sie das Beste von Kreta in den SeaCrete Hotels!<\/strong><\/em><\/p>\n","protected":false},"excerpt":{"rendered":"<p>\u00dcber SeaCrete Hotels Die Zeit ist in der Regel knapp, sodass jeder Urlaub eine entspannende und stressfreie Erfahrung f\u00fcr Erwachsene <\/p>\n","protected":false},"author":1,"featured_media":0,"parent":0,"menu_order":0,"comment_status":"closed","ping_status":"closed","template":"templates\/template--experience.php","meta":[],"acf":[],"_links":{"self":[{"href":"https:\/\/old.seacretehotels.com\/de\/wp-json\/wp\/v2\/pages\/48039"}],"collection":[{"href":"https:\/\/old.seacretehotels.com\/de\/wp-json\/wp\/v2\/pages"}],"about":[{"href":"https:\/\/old.seacretehotels.com\/de\/wp-json\/wp\/v2\/types\/page"}],"author":[{"embeddable":true,"href":"https:\/\/old.seacretehotels.com\/de\/wp-json\/wp\/v2\/users\/1"}],"replies":[{"embeddable":true,"href":"https:\/\/old.seacretehotels.com\/de\/wp-json\/wp\/v2\/comments?post=48039"}],"version-history":[{"count":2,"href":"https:\/\/old.seacretehotels.com\/de\/wp-json\/wp\/v2\/pages\/48039\/revisions"}],"predecessor-version":[{"id":48041,"href":"https:\/\/old.seacretehotels.com\/de\/wp-json\/wp\/v2\/pages\/48039\/revisions\/48041"}],"wp:attachment":[{"href":"https:\/\/old.seacretehotels.com\/de\/wp-json\/wp\/v2\/media?parent=48039"}],"curies":[{"name":"wp","href":"https:\/\/api.w.org\/{rel}","templated":true}]}}