
  
{"id":47562,"date":"2021-01-04T13:36:26","date_gmt":"2021-01-04T11:36:26","guid":{"rendered":"https:\/\/old.seacretehotels.com\/?page_id=47562\/"},"modified":"2021-01-17T18:58:37","modified_gmt":"2021-01-17T16:58:37","slug":"discover-kalyves","status":"publish","type":"page","link":"https:\/\/old.seacretehotels.com\/de\/discover-kalyves\/","title":{"rendered":"Kalyves entdecken"},"content":{"rendered":"<h1 style=\"text-align: center;\">Kalyves entdecken<\/h1>\n<p style=\"text-align: center;\">Es ist nahezu unmoglich, Chania zu besuchen und dabei nicht die wahre kretische Gastfreundschaft sowie den Charme seiner vielen Dorfer naher kennenzulernen\u00a0 .<br \/>\nDas <a href=\"https:\/\/old.seacretehotels.com\/de\/kianibeachresort\/\">Kiani Beach Resort<\/a> liegt direkt angrenzend an das Dorf Kalyves, w\u00e4hrend das <a href=\"https:\/\/old.seacretehotels.com\/kalyvesbeachhotel\/\">Kalyves Beach Hotel<\/a> direkt am Strand des <a href=\"https:\/\/old.seacretehotels.com\/de\/kalyvesbeachhotel\/traditional-holidays\/\">Dorfes Kalyves<\/a> liegt und eine 4 km lange K\u00fcste von unber\u00fchrter Sch\u00f6nheit und ein spektakul\u00e4res Meer anbietet. Das Dorf Kalyves hat die traditionelle kretische und qualitativ hochwertige Lebensweise bewahrt und Sie k\u00f6nnen diese authentische Lebensweise gerne erleben.<br \/>\nGenie\u00dfen Sie das Leben unter den Kretern, verkosten Sie das lokale Essen, schwimmen Sie im kristallklaren blauen Wasser und nehmen Sie an den verschiedenen Festen teil, die das Dorf zu bieten hat.<\/p>\n<h2>Erstaunliche Tagesausfl\u00fcge auf Kreta<\/h2>\n<p>Das Dorf Kalyves ist der ideale Ausgangspunkt f\u00fcr Ausfl\u00fcge in das umliegende Gebiet der Pr\u00e4fektur Chania sowie in die westlichen Teile der Pr\u00e4fektur Rethymno. Wenn Sie die Region weiter erkunden m\u00f6chten, brechen Sie zu einem abenteuerlichen Tagesausflug in den Gro\u00dfraum Apkoronas auf, besuchen Sie die Stadt Chania, den exotischen Strand von Balos mit seinem schillernden t\u00fcrkisfarbenen Wasser, den m\u00e4rchenhaften Strand von Elafonisi und die weltbekannte Schlucht von Samaria. Nur 20 Minuten vom Zentrum von Chania entfernt k\u00f6nnen Reisende die mittelalterliche Pracht erleben, die alte venezianische Stadt besuchen und entlang des alten Hafens spazieren.<\/p>\n<p style=\"text-align: center;\">Unter den vielen Sehensw\u00fcrdigkeiten in der Umgebung von Kalyves, einschlie\u00dflich byzantinischer Kirchen und Burgen, befinden sich die charmanten D\u00f6rfer Almyrida, Armeni, Nio Chorio, Stylos, Machairoi, Ramni, Cares, Tsivaras, Provarma, Samona, Farragi, Chiliomoudou und Kyriakoselia. alle mit ihrem einzigartigen Charakter.<\/p>\n<p style=\"text-align: center;\">In und um Kalyves k\u00f6nnen Sie einen Spaziergang in der Natur entlang der Fl\u00fcsse und Quellen machen oder eine kurze Fahrt zu anderen benachbarten D\u00f6rfern mit einer Vielzahl von kulturellen und historischen Exponaten aus der Zeit von 1.500 v. Chr. bis 1.900 n. Chr. machen.<\/p>\n<p style=\"text-align: center;\"><em>Einige davon sind:<\/em><\/p>\n<p>\u2022 Stylos, wo Besucher Kuppelgr\u00e4ber aus der Zeit nach Mino sehen k\u00f6nnen (1.000 v. Chr.)<br \/>\n\u2022 Sternaki mit mehreren byzantinischen Kirchen wie Panagia Monastira oder Zerviotissa aus dem 11. oder 12. Jahrhundert n. Chr. Sowie der kleinen Kirche St. John Theologos in der N\u00e4he des im 12. Jahrhundert n. Chr. Erbauten Platzes in Stylos<br \/>\n\u2022 Samona bei Kylintra, wo eine mykenische Akropolis existierte und Arch\u00e4ologen die Existenz einer minoischen Siedlung entdeckten, die in der nachminoischen Zeit zwischen 1.100 und 1.000 v. Chr. aufgegeben wurde<br \/>\n\u2022 Das antike Aptera, eine versteckte Perle voller Geschichte und Mythen, war einst einer der wichtigsten Stadtstaaten auf ganz Kreta und war vom 6. bis zum 4. Jahrhundert v. Chr. sogar v\u00f6llig autonom und pr\u00e4gte seine eigenen M\u00fcnzen.<\/p>\n","protected":false},"excerpt":{"rendered":"<p>Kalyves entdecken Es ist nahezu unmoglich, Chania zu besuchen und dabei nicht die wahre kretische Gastfreundschaft sowie den Charme seiner <\/p>\n","protected":false},"author":1,"featured_media":0,"parent":0,"menu_order":0,"comment_status":"closed","ping_status":"closed","template":"templates\/template--experience.php","meta":[],"acf":[],"_links":{"self":[{"href":"https:\/\/old.seacretehotels.com\/de\/wp-json\/wp\/v2\/pages\/47562"}],"collection":[{"href":"https:\/\/old.seacretehotels.com\/de\/wp-json\/wp\/v2\/pages"}],"about":[{"href":"https:\/\/old.seacretehotels.com\/de\/wp-json\/wp\/v2\/types\/page"}],"author":[{"embeddable":true,"href":"https:\/\/old.seacretehotels.com\/de\/wp-json\/wp\/v2\/users\/1"}],"replies":[{"embeddable":true,"href":"https:\/\/old.seacretehotels.com\/de\/wp-json\/wp\/v2\/comments?post=47562"}],"version-history":[{"count":6,"href":"https:\/\/old.seacretehotels.com\/de\/wp-json\/wp\/v2\/pages\/47562\/revisions"}],"predecessor-version":[{"id":50173,"href":"https:\/\/old.seacretehotels.com\/de\/wp-json\/wp\/v2\/pages\/47562\/revisions\/50173"}],"wp:attachment":[{"href":"https:\/\/old.seacretehotels.com\/de\/wp-json\/wp\/v2\/media?parent=47562"}],"curies":[{"name":"wp","href":"https:\/\/api.w.org\/{rel}","templated":true}]}}