
  
{"id":47554,"date":"2021-01-04T13:27:23","date_gmt":"2021-01-04T11:27:23","guid":{"rendered":"https:\/\/old.seacretehotels.com\/?page_id=47554\/"},"modified":"2021-01-17T16:45:05","modified_gmt":"2021-01-17T14:45:05","slug":"chania-sightseeing","status":"publish","type":"page","link":"https:\/\/old.seacretehotels.com\/de\/chania-sightseeing\/","title":{"rendered":"Chania entdecken"},"content":{"rendered":"<h1 style=\"text-align: center;\">Besichtigungen von Chania<\/h1>\n<p style=\"text-align: center;\">SeaCrete Hotels bieten die ideale Basis, um Kreta und insbesondere die besten Sehensw\u00fcrdigkeiten in <a href=\"https:\/\/www.youtube.com\/watch?v=sKumaIgs8fs\" target=\"_blank\" rel=\"noopener noreferrer\">Chania<\/a> zu erkunden.<br \/>\nDie charmante Stadt Chania, die \u00fcber den Ruinen der antiken Stadt Kydonia erbaut wurde, hat 60.000 Einwohner und gilt als eine der sch\u00f6nsten St\u00e4dte Griechenlands &#8211; und als eine der malerischsten St\u00e4dte auf der Insel Kreta f\u00fcr einen unvergesslichen Familienurlaub und herrliche Ferien.<br \/>\nSeit der Antike war die Stadt im Laufe der Zeit Eroberern und den Einfl\u00fcssen vieler Zivilisationen ausgesetzt, die sich alle in ihrer reichen Kultur und Architektur sowie an den verschiedenen Orten der Besichtigung von Chania bemerkbar machen. Heute hat es Chania erfolgreich geschafft, seine urspr\u00fcngliche Farbe und den historischen Charakter zu bewahren, trotz der im Laufe der Jahre schnell wachsenden Tourismusindustrie. Mit den SeaCrete Hotels k\u00f6nnen Sie einen erholsamen <a href=\"https:\/\/old.seacretehotels.com\/de\/kianibeachresort\/allinclusive-hotel\/\" target=\"_blank\" rel=\"noopener noreferrer\">All-Inclusive-Urlaub in Chania<\/a> genie\u00dfen und den bezauberndsten Teil Kretas erkunden.<\/p>\n<h2 style=\"text-align: center;\">Urlaub in Chania &#8211; sehen &amp; tun<\/h2>\n<p style=\"text-align: center;\">Chania hat einen Flughafen und den Hafen von Souda, den gr\u00f6\u00dften nat\u00fcrlichen Hafen des Mittelmeeres. Der Stadtmarkt ist einer der zentralsten Punkte der Stadt, ebenso wie auch der Stadtgarten. Hier werden jedes Jahr zahlreiche kulturelle Veranstaltungen wie Ausstellungen, Festivals, Theaterauff\u00fchrungen, Musikdarbietungen und vieles mehr organisiert.<\/p>\n<p style=\"text-align: center;\">Der edle altvenezianische Hafen bietet einen angenehmen Spaziergang durch malerische Stra\u00dfen und Gassen mit St\u00e4nden, Caf\u00e9s und Restaurants. Enge Passagen, die von eleganten neoklassischen Geb\u00e4uden aus verschiedenen historischen Epochen umgeben sind, bieten den Besuchern angenehme Spazierg\u00e4nge, denen Sie sich w\u00e4hrend ihres Urlaubs in Chania widmen k\u00f6nnen.<br \/>\nMit seinen endlosen Sandstr\u00e4nden, wilden Schluchten, H\u00f6hlen, endemischen Pflanzen und Tieren, ausgedehnten Oliven- und Orangenhainen und der Kombination aus Wildnis und Meer begeistert Chania selbst anspruchsvollste G\u00e4ste.<\/p>\n<p style=\"text-align: center;\">Die bergige innere Region beherbergt D\u00f6rfer, verstreute Kirchen und Kl\u00f6ster, Turme und Schl\u00f6sser, welche die Zeit vergessen hat. Das ganze Gebiet ist eine arch\u00e4ologische St\u00e4tte und ein Paradies f\u00fcr Wanderungen, Klettern und Sport. Ausgrabungen, sowohl in der Stadt Chania als auch auf dem Land, haben die Existenz von Siedlungen von der pr\u00e4historischen Zeit bis zur Gegenwart ans Tageslicht gebracht. SeaCrete Hotels bieten den perfekten Ausgangspunkt f\u00fcr All-Inclusive-Ferien auf Kreta, da ihre privilegierte Lage aufregende Inselausfl\u00fcge und spannende Abenteuer in der gesamten Region erm\u00f6glicht. Planen Sie die au\u00dfergew\u00f6hnlichsten <a href=\"https:\/\/old.seacretehotels.com\/de\/kalyvesbeachhotel\/traditional-holidays\/\" target=\"_blank\" rel=\"noopener noreferrer\">All-Inclusive-Ferien im Dorf Kalyves<\/a> und entdecken Sie die Sch\u00f6nheiten von Chania.<\/p>\n","protected":false},"excerpt":{"rendered":"<p>Besichtigungen von Chania SeaCrete Hotels bieten die ideale Basis, um Kreta und insbesondere die besten Sehensw\u00fcrdigkeiten in Chania zu erkunden. <\/p>\n","protected":false},"author":1,"featured_media":47560,"parent":0,"menu_order":0,"comment_status":"closed","ping_status":"closed","template":"templates\/template--experience.php","meta":[],"acf":[],"_links":{"self":[{"href":"https:\/\/old.seacretehotels.com\/de\/wp-json\/wp\/v2\/pages\/47554"}],"collection":[{"href":"https:\/\/old.seacretehotels.com\/de\/wp-json\/wp\/v2\/pages"}],"about":[{"href":"https:\/\/old.seacretehotels.com\/de\/wp-json\/wp\/v2\/types\/page"}],"author":[{"embeddable":true,"href":"https:\/\/old.seacretehotels.com\/de\/wp-json\/wp\/v2\/users\/1"}],"replies":[{"embeddable":true,"href":"https:\/\/old.seacretehotels.com\/de\/wp-json\/wp\/v2\/comments?post=47554"}],"version-history":[{"count":5,"href":"https:\/\/old.seacretehotels.com\/de\/wp-json\/wp\/v2\/pages\/47554\/revisions"}],"predecessor-version":[{"id":50162,"href":"https:\/\/old.seacretehotels.com\/de\/wp-json\/wp\/v2\/pages\/47554\/revisions\/50162"}],"wp:featuredmedia":[{"embeddable":true,"href":"https:\/\/old.seacretehotels.com\/de\/wp-json\/wp\/v2\/media\/47560"}],"wp:attachment":[{"href":"https:\/\/old.seacretehotels.com\/de\/wp-json\/wp\/v2\/media?parent=47554"}],"curies":[{"name":"wp","href":"https:\/\/api.w.org\/{rel}","templated":true}]}}