
  
{"id":47547,"date":"2021-01-04T13:22:34","date_gmt":"2021-01-04T11:22:34","guid":{"rendered":"https:\/\/old.seacretehotels.com\/?page_id=47547\/"},"modified":"2021-01-07T16:52:14","modified_gmt":"2021-01-07T14:52:14","slug":"cretan-nature","status":"publish","type":"page","link":"https:\/\/old.seacretehotels.com\/de\/cretan-nature\/","title":{"rendered":"Kretische Natur"},"content":{"rendered":"<h1 style=\"text-align: center;\">Kretische Natur<\/h1>\n<h2>Wilde Flora &amp; Fauna<\/h2>\n<p>Um eine Vorstellung davon zu bekommen, wie reich die Artenvielfalt Kretas ist, muss man betonen, dass Kreta fast so viele Arten und Unterarten von Pflanzen (um 1750) hat wie ganz Gro\u00dfbritannien (1450), selbst wenn es sich um eine 35-mal kleinere Insel handelt . Diese Vielfalt spiegelt sich nicht nur in der Gesamtzahl der Arten wider, sondern auch in der Anzahl der endemischen Arten, die nur auf Kreta und nirgendwo sonst auf der Welt wachsen.<br \/>\nAuf Kreta gibt es etwa 160 endemische Arten und Unterarten, was bedeutet, dass 9 % der Pflanzenarten auf Kreta nirgendwo sonst auf der Welt existiert. Erstaunlicherweise hat sich die kretische Flora so angepasst, dass sie menschlichen Eingriffen und insbesondere der freien Beweidung durch Tiere, die auf Kreta seit Jahrtausenden traditionell praktiziert wird, widersteht. Die Pflanzen haben zu ihrem Schutz Dornen oder einen bitteren und schlechten Geschmack entwickelt. Die charakteristischsten Pflanzen der Insel sind die aromatischen Kr\u00e4uter, die hier gedeihen. Aufgrund der enthaltenen \u00e4therischen \u00d6le werden sie als Zutaten in der K\u00fcche, bei der Zubereitung von Tees und als Arzneimittel verwendet. Einige davon sind wilder Thymian, Salbei, Oregano, Bergtee und wilder Majoran.<\/p>\n<h3>Naturlandschaften<\/h3>\n<p>Chania wird durch das Lefka Ori Gebirge in zwei v\u00f6llig unterschiedliche Naturlandschaften aufgeteilt. Die K\u00fcstenzone, mit 415 km langen Str\u00e4nden, ist reicher und dichter besiedelt. Der andere Teil ist ein d\u00fcnn besiedeltes inneres Gebiet und gilt als einer der authentischsten Teile Kretas.<\/p>\n<p style=\"text-align: center;\"><strong>Die Natur erforschen<\/strong><\/p>\n<p>Tag f\u00fcr Tag erkunden immer mehr Wanderer das Innere zu Fu\u00df, per Jeep, Pferd oder Fahrrad. In Orten wie Vamos, Milia, Keramia, Kasteli, Askifou und Spilia kann man das kretische \u201eeinfache und nat\u00fcrliche Leben\u201c genie\u00dfen, mit einem Glas Wein oder Tsikoudia und einer schmackhaften Auswahl an biologischen Naturprodukten. In Chania gibt es fast 60 Schluchten. Eine der bekanntesten ist die Samaria-Schlucht, die im Jahr 1962 zu einem Naturschutzgebiet erkl\u00e4rt wurde. Mit einer L\u00e4nge von 16 km ist sie die gr\u00f6\u00dfte Schlucht in Europa. Die Schlucht beherbergt seltene Arten von Flora und Fauna, wie die kretische Wildziege (Kri-kri, wie die Einheimischen sie nennen) sowie seltene Arten von Adlern und Wildv\u00f6geln, die alle durch internationale Abkommen gesch\u00fctzt sind.<\/p>\n","protected":false},"excerpt":{"rendered":"<p>Kretische Natur Wilde Flora &amp; Fauna Um eine Vorstellung davon zu bekommen, wie reich die Artenvielfalt Kretas ist, muss man <\/p>\n","protected":false},"author":1,"featured_media":0,"parent":0,"menu_order":0,"comment_status":"closed","ping_status":"closed","template":"templates\/template--experience.php","meta":[],"acf":[],"_links":{"self":[{"href":"https:\/\/old.seacretehotels.com\/de\/wp-json\/wp\/v2\/pages\/47547"}],"collection":[{"href":"https:\/\/old.seacretehotels.com\/de\/wp-json\/wp\/v2\/pages"}],"about":[{"href":"https:\/\/old.seacretehotels.com\/de\/wp-json\/wp\/v2\/types\/page"}],"author":[{"embeddable":true,"href":"https:\/\/old.seacretehotels.com\/de\/wp-json\/wp\/v2\/users\/1"}],"replies":[{"embeddable":true,"href":"https:\/\/old.seacretehotels.com\/de\/wp-json\/wp\/v2\/comments?post=47547"}],"version-history":[{"count":2,"href":"https:\/\/old.seacretehotels.com\/de\/wp-json\/wp\/v2\/pages\/47547\/revisions"}],"predecessor-version":[{"id":47553,"href":"https:\/\/old.seacretehotels.com\/de\/wp-json\/wp\/v2\/pages\/47547\/revisions\/47553"}],"wp:attachment":[{"href":"https:\/\/old.seacretehotels.com\/de\/wp-json\/wp\/v2\/media?parent=47547"}],"curies":[{"name":"wp","href":"https:\/\/api.w.org\/{rel}","templated":true}]}}