
  
{"id":47543,"date":"2021-01-04T13:16:47","date_gmt":"2021-01-04T11:16:47","guid":{"rendered":"https:\/\/old.seacretehotels.com\/?page_id=47543\/"},"modified":"2021-01-19T09:38:40","modified_gmt":"2021-01-19T07:38:40","slug":"cretan-cuisine","status":"publish","type":"page","link":"https:\/\/old.seacretehotels.com\/de\/cretan-cuisine\/","title":{"rendered":"Kretische K\u00fcche"},"content":{"rendered":"<h1 style=\"text-align: center;\">Die legend\u00e4re kretische Gastronomie<\/h1>\n<h2>Erleben Sie die ultimative kretische K\u00fcche in den SeaCrete Hotels!<\/h2>\n<p>Die traditionelle kretische K\u00fcche gilt als eine der ges\u00fcndesten der Welt. Der Reichtum und die Qualit\u00e4t des kretischen Landes bietet eine breite Auswahl an lokalen Produkten und Zutaten. Diese werden kunstvoll verwendet, um die k\u00f6stlichsten Rezepte herzustellen, die f\u00fcr ihren einzigartigen Geschmack, Aroma, Frische und vor allem Qualit\u00e4t bekannt sind. Die Gerichte werden mit vielen Zutaten, reichlich Oliven\u00f6l und ohne \u00fcberm\u00e4\u00dfige Gew\u00fcrze zubereitet. Die Hauptzutaten der kretischen Ern\u00e4hrung sind natives Oliven\u00f6l, Wildgem\u00fcse, Gem\u00fcse, Bohnen, Linsen, Fisch, Fleisch, Meeresfr\u00fcchte, Kr\u00e4uter, Wein und Tsikoudia. Eine gro\u00dfe Auswahl an K\u00e4sesorten, insbesondere kretische Graviera, Athotiro und Mizithra sind ebenfalls grundlegend f\u00fcr die kretische Ern\u00e4hrung. Diese wertvolle K\u00fcche wird erg\u00e4nzt und vervollst\u00e4ndigt mit lokalen Produkten, wie Joghurt, Honig und verschiedenen Obstsorten. Die kretische Di\u00e4t wird heute von der internationalen wissenschaftlichen Gemeinschaft als das entsprechende und qualitative Beispiel der mediterranen Di\u00e4t anerkannt. In einer Zeit, in der die Debatte \u00fcber die angemessene und ausgewogene Ern\u00e4hrung tobt, die zu einem l\u00e4ngeren und ges\u00fcnderen Leben f\u00fchrt, lehnen sich die Kreter zur\u00fcck und l\u00e4cheln zufrieden \u00fcber ihre Ern\u00e4hrungstradition und ihre Erfolge. Die Ern\u00e4hrungsgewohnheiten der Insel haben dazu gef\u00fchrt, dass sie eine der h\u00f6chsten Lebenserwartungen weltweit haben (mit etwa 90 Jahren) und eine der niedrigsten Inzidenzen f\u00fcr Herz- und andere chronische Krankheiten weltweit. Wissenschaftliche Forschung und statistische Analysen seit den 60er-Jahren haben gezeigt, dass die kretische Ern\u00e4hrung Gesundheit und Langlebigkeit f\u00f6rdert. Genie\u00dfen Sie den Segen Kretas in den SeaCrete Hotels und lernen Sie die K\u00fcche Nummer des Mittelmeers kennen.<\/p>\n","protected":false},"excerpt":{"rendered":"<p>Die legend\u00e4re kretische Gastronomie Erleben Sie die ultimative kretische K\u00fcche in den SeaCrete Hotels! Die traditionelle kretische K\u00fcche gilt als <\/p>\n","protected":false},"author":1,"featured_media":47447,"parent":0,"menu_order":0,"comment_status":"closed","ping_status":"closed","template":"templates\/template--experience.php","meta":[],"acf":[],"_links":{"self":[{"href":"https:\/\/old.seacretehotels.com\/de\/wp-json\/wp\/v2\/pages\/47543"}],"collection":[{"href":"https:\/\/old.seacretehotels.com\/de\/wp-json\/wp\/v2\/pages"}],"about":[{"href":"https:\/\/old.seacretehotels.com\/de\/wp-json\/wp\/v2\/types\/page"}],"author":[{"embeddable":true,"href":"https:\/\/old.seacretehotels.com\/de\/wp-json\/wp\/v2\/users\/1"}],"replies":[{"embeddable":true,"href":"https:\/\/old.seacretehotels.com\/de\/wp-json\/wp\/v2\/comments?post=47543"}],"version-history":[{"count":7,"href":"https:\/\/old.seacretehotels.com\/de\/wp-json\/wp\/v2\/pages\/47543\/revisions"}],"predecessor-version":[{"id":50212,"href":"https:\/\/old.seacretehotels.com\/de\/wp-json\/wp\/v2\/pages\/47543\/revisions\/50212"}],"wp:featuredmedia":[{"embeddable":true,"href":"https:\/\/old.seacretehotels.com\/de\/wp-json\/wp\/v2\/media\/47447"}],"wp:attachment":[{"href":"https:\/\/old.seacretehotels.com\/de\/wp-json\/wp\/v2\/media?parent=47543"}],"curies":[{"name":"wp","href":"https:\/\/api.w.org\/{rel}","templated":true}]}}