
  
{"id":47529,"date":"2021-01-04T13:05:29","date_gmt":"2021-01-04T11:05:29","guid":{"rendered":"https:\/\/old.seacretehotels.com\/?page_id=47529\/"},"modified":"2021-01-19T09:32:10","modified_gmt":"2021-01-19T07:32:10","slug":"cretan-experience","status":"publish","type":"page","link":"https:\/\/old.seacretehotels.com\/de\/cretan-experience\/","title":{"rendered":"Die kretische Erlebniswelt"},"content":{"rendered":"<h1 style=\"text-align: center;\">Die authentische kretische Lebensweise<\/h1>\n<p style=\"text-align: center;\">Wenn es ein Wort g\u00e4be, um Kreta zu beschreiben, dann w\u00e4re es das Wort \u201ePhiloxenia\u201c, denn hier ist man nie ein Fremder. Kreta ist die gr\u00f6\u00dfte Insel Griechenlands und die f\u00fcnftgr\u00f6\u00dfte im gesamten Mittelmeerraum. Sie bietet ein Paradies auf Erden, das Sie atemlos lassen wird.<\/p>\n<p style=\"text-align: center;\">Lernen Sie Kreta besser kennen, genie\u00dfen Sie die weltber\u00fchmte kretische K\u00fcche und lernen Sie die au\u00dfergew\u00f6hnlichen regionalen Br\u00e4uche kennen, die bis heute noch aktuell sind. Mischen Sie sich unter die Einheimischen, tauchen Sie in die Tiefen der Tradition ein und entdecken Sie die Wiege der westlichen Zivilisation durch SeaCrete Hotels. Sehen, f\u00fchlen, schmecken, h\u00f6ren und riechen &#8230; Kreta!<\/p>\n<p style=\"text-align: center;\"><strong>Ger\u00e4usche und Kl\u00e4nge<\/strong><br \/>\nSeaCrete bieten Ihnen einen Ausflug in die authentischste kretische Lebensweise mit der Organisation von griechischen Abenden, traditionellen Tanzshows und vielem mehr. Unsere Hotelgruppe stellt sicher, dass jeder Gast, egal welchen Alters, w\u00e4hrend seines Aufenthaltes das Echo des kretischen Erbes zu h\u00f6ren bekommt.<\/p>\n<p style=\"text-align: center;\"><strong>Geschm\u00e4cke und D\u00fcfte<\/strong><br \/>\nGenie\u00dfen Sie die Essenz von Kreta und verkosten Sie die k\u00f6stlichsten Aromen der legend\u00e4ren kretischen K\u00fcche. K\u00f6stliche Mahlzeiten in unserem Hotelrestaurant, zubereitet mit den feinsten lokalen Zutaten und hochwertigem Oliven\u00f6l.<\/p>\n<h2>Sehensw\u00fcrdigkeiten<\/h2>\n<p>Lassen Sie uns f\u00fcr Sie die aufregendsten Tourentagesausfl\u00fcge rund um die Region von Chania und dar\u00fcber hinaus organisieren. Besuchen Sie die arch\u00e4ologischen St\u00e4tten und Attraktionen, die historischen Denkm\u00e4ler und die weltweit bekannten kretischen Museen.<\/p>\n<h3>Top-Museen<\/h3>\n<p>\u2022 Arch\u00e4ologisches Museum von Chania<br \/>\n\u2022 Nautisches Museum von Kreta<br \/>\n\u2022 Kriegsmuseum von Chania<br \/>\n\u2022 Das Haus von Eleftherios Venizelos<br \/>\n\u2022 Museum f\u00fcr Typografie<\/p>\n<p><strong>D\u00fcfte<\/strong><\/p>\n<p>Machen Sie sich bereit, in exotischen Gew\u00e4ssern zu schwimmen, durch Schluchten und H\u00f6hlen zu wandern, die Berge zu erklimmen, den D\u00fcften der Oliven- und Orangenhaine an den W\u00e4ldern und Fl\u00fcssen zu folgen und die verborgenen Pfade der Geschichte auf den Spuren der minoischen Zivilisation zu entdecken.<\/p>\n<p style=\"text-align: center;\"><strong>Gef\u00fchl<\/strong><br \/>\nBesuchen Sie einige der traditionellsten D\u00f6rfer Kretas und sp\u00fcren Sie die Herzlichkeit der Menschen. Beobachten Sie, wie die alten M\u00e4nner immer noch ihren Kaffee in der authentischen \u201eKafeneia&#8220; genie\u00dfen und wie sich die Frauen vor ihren H\u00e4usern versammeln, um zu h\u00e4keln. Erleben Sie das echte kretische Alltagsleben und mischen Sie sich unter die Einheimischen.<\/p>\n<p style=\"text-align: center;\">Schauen Sie sich unsere <a href=\"https:\/\/old.seacretehotels.com\/de\/chania-excursions\/\">Rubrik Ausfl\u00fcge<\/a> an, um einen Vorgeschmack auf all das zu bekommen, was Chania zu bieten hat!<\/p>\n","protected":false},"excerpt":{"rendered":"<p>Die authentische kretische Lebensweise Wenn es ein Wort g\u00e4be, um Kreta zu beschreiben, dann w\u00e4re es das Wort \u201ePhiloxenia\u201c, denn <\/p>\n","protected":false},"author":1,"featured_media":0,"parent":0,"menu_order":0,"comment_status":"closed","ping_status":"closed","template":"templates\/template--experience.php","meta":[],"acf":[],"_links":{"self":[{"href":"https:\/\/old.seacretehotels.com\/de\/wp-json\/wp\/v2\/pages\/47529"}],"collection":[{"href":"https:\/\/old.seacretehotels.com\/de\/wp-json\/wp\/v2\/pages"}],"about":[{"href":"https:\/\/old.seacretehotels.com\/de\/wp-json\/wp\/v2\/types\/page"}],"author":[{"embeddable":true,"href":"https:\/\/old.seacretehotels.com\/de\/wp-json\/wp\/v2\/users\/1"}],"replies":[{"embeddable":true,"href":"https:\/\/old.seacretehotels.com\/de\/wp-json\/wp\/v2\/comments?post=47529"}],"version-history":[{"count":8,"href":"https:\/\/old.seacretehotels.com\/de\/wp-json\/wp\/v2\/pages\/47529\/revisions"}],"predecessor-version":[{"id":50211,"href":"https:\/\/old.seacretehotels.com\/de\/wp-json\/wp\/v2\/pages\/47529\/revisions\/50211"}],"wp:attachment":[{"href":"https:\/\/old.seacretehotels.com\/de\/wp-json\/wp\/v2\/media?parent=47529"}],"curies":[{"name":"wp","href":"https:\/\/api.w.org\/{rel}","templated":true}]}}