
  
{"id":47506,"date":"2021-01-04T11:42:01","date_gmt":"2021-01-04T09:42:01","guid":{"rendered":"https:\/\/old.seacretehotels.com\/?page_id=47506\/"},"modified":"2022-08-08T11:53:26","modified_gmt":"2022-08-08T08:53:26","slug":"chania-excursions","status":"publish","type":"page","link":"https:\/\/old.seacretehotels.com\/de\/chania-excursions\/","title":{"rendered":"Ausfl\u00fcge"},"content":{"rendered":"<h1 style=\"text-align: center;\">Erstaunliche Chania-Ausfl\u00fcge<\/h1>\n<p>Wir von SeaCrete Hotels m\u00f6chten, dass Sie mehr als nur einen Urlaub in der bezaubernden Region Chania erleben. Deshalb haben wir f\u00fcr Sie eine gro\u00dfe Auswahl an spannenden und aufregenden Aktivit\u00e4ten und Besichtigungstouren zusammengestellt, um Ihnen das Beste von Kreta anzubieten. Machen Sie sich bereit f\u00fcr erstaunliche Ausfl\u00fcge in Chania und erkunden Sie Kreta im Laufe Ihres Urlaubs. Wir haben die besten Ausfl\u00fcge von Kreta gesammelt und laden Sie ein, das Weingut Dourakis, den bezaubernden Strand von Elafonisi, die Pirateninsel Gramvousa und die sch\u00f6ne Lagune von Balos, die ber\u00fchmte Samaria-Schlucht, den Palast von Knossos und die Vulkaninsel Santorin zu entdecken. Die SeaCrete-Hotels bieten den perfekten Ausgangspunkt f\u00fcr <a href=\"https:\/\/old.seacretehotels.com\/de\/chania-sightseeing\/\" target=\"_blank\" rel=\"noopener\">Besichtigungen in Chania<\/a> und die nahegelegenen Sehensw\u00fcrdigkeiten und Attraktionen sowie f\u00fcr einige der bemerkenswertesten <a href=\"https:\/\/www.youtube.com\/watch?v=sKumaIgs8fs\" target=\"_blank\" rel=\"noopener noreferrer\">Inselausfl\u00fcge<\/a> in Griechenland. Im Folgenden finden Sie eine kleine Auswahl unserer Ausfl\u00fcge.<\/p>\n<h2>Ausfl\u00fcge:<\/h2>\n<p>\u2022 Weinverkostung \u2022 Elafonisi \u2022 Gramvous-Balos \u2022 Samaria-Schlucht \u2022 Knossos \u2022 Santorin. F\u00fcr G\u00e4ste, die ihren Aufenthalt direkt auf der Website www.seacretehotels.com gebucht haben, gibt es spezielle Angebote f\u00fcr unsere Ausfl\u00fcge. F\u00fcr weitere Informationen wenden Sie sich bitte an: <a href=\"mailto:reservations@kianibeach.com\">reservations@kianibeach.com<\/a><\/p>\n","protected":false},"excerpt":{"rendered":"<p>Erstaunliche Chania-Ausfl\u00fcge Wir von SeaCrete Hotels m\u00f6chten, dass Sie mehr als nur einen Urlaub in der bezaubernden Region Chania erleben. <\/p>\n","protected":false},"author":1,"featured_media":47446,"parent":0,"menu_order":0,"comment_status":"closed","ping_status":"closed","template":"templates\/template--experience.php","meta":[],"acf":[],"_links":{"self":[{"href":"https:\/\/old.seacretehotels.com\/de\/wp-json\/wp\/v2\/pages\/47506"}],"collection":[{"href":"https:\/\/old.seacretehotels.com\/de\/wp-json\/wp\/v2\/pages"}],"about":[{"href":"https:\/\/old.seacretehotels.com\/de\/wp-json\/wp\/v2\/types\/page"}],"author":[{"embeddable":true,"href":"https:\/\/old.seacretehotels.com\/de\/wp-json\/wp\/v2\/users\/1"}],"replies":[{"embeddable":true,"href":"https:\/\/old.seacretehotels.com\/de\/wp-json\/wp\/v2\/comments?post=47506"}],"version-history":[{"count":6,"href":"https:\/\/old.seacretehotels.com\/de\/wp-json\/wp\/v2\/pages\/47506\/revisions"}],"predecessor-version":[{"id":76708,"href":"https:\/\/old.seacretehotels.com\/de\/wp-json\/wp\/v2\/pages\/47506\/revisions\/76708"}],"wp:featuredmedia":[{"embeddable":true,"href":"https:\/\/old.seacretehotels.com\/de\/wp-json\/wp\/v2\/media\/47446"}],"wp:attachment":[{"href":"https:\/\/old.seacretehotels.com\/de\/wp-json\/wp\/v2\/media?parent=47506"}],"curies":[{"name":"wp","href":"https:\/\/api.w.org\/{rel}","templated":true}]}}