
  
{"id":47489,"date":"2021-01-04T11:34:09","date_gmt":"2021-01-04T09:34:09","guid":{"rendered":"https:\/\/old.seacretehotels.com\/?page_id=47489\/"},"modified":"2021-02-09T11:24:07","modified_gmt":"2021-02-09T09:24:07","slug":"chania-activities","status":"publish","type":"page","link":"https:\/\/old.seacretehotels.com\/de\/chania-activities\/","title":{"rendered":"Aktivit\u00e4ten"},"content":{"rendered":"<h1 style=\"text-align: center;\">Spa\u00df &amp; unterhaltsame Aktivit\u00e4ten in Chania<\/h1>\n<p style=\"text-align: center;\">Die SeaCrete Hotels garantieren verschiedene Unterhaltungsm\u00f6glichkeiten sowie eine Vielzahl von unterhaltsamen und angenehmen Aktivit\u00e4ten f\u00fcr alle unsere G\u00e4ste. Um die Qualit\u00e4t des Aufenthalts f\u00fcr unsere G\u00e4ste weiter zu optimieren, haben wir auch eine tolle Auswahl an Aktivit\u00e4ten in Chania und andere Aktivit\u00e4ten auf Kreta f\u00fcr Kinder vorbereitet, die Ihren Urlaub auf dieser wundersch\u00f6nen Insel in einen Traum verwandeln werden. Egal, ob Sie einen Familienurlaub oder einen romantischen Urlaub in Chania verbringen, lassen Sie Adrenalin durch Ihre Adern flie\u00dfen, w\u00e4hrend Sie einige der beliebtesten Top-Aktivit\u00e4ten in Chania und auf der Insel Kreta ausprobieren.<\/p>\n<h2 style=\"text-align: center;\">Was Sie alles in Chania, Kreta unternehmen k\u00f6nnen<\/h2>\n<p style=\"text-align: center;\">Ob Sie nun ein Liebhaber des Wassersports, ein Naturliebhaber, ein Abenteurer, ein ewiger Romantiker oder ein Elternteil sind, welches ein paar aufregende Momente mit seinen Kindern verbringen m\u00f6chte. unser Angebot an Aktivit\u00e4ten in Chania wird sicherlich jeden Ihrer W\u00fcnsche erf\u00fcllen k\u00f6nnen. Bereiten Sie sich auf das Tauchen und Schnorcheln im Meer von Kreta vor, gehen Sie auf einen Bootsausflug und tauchen Sie vom Boot aus oder erleben Sie einfach ein Segelabenteuer auf einer Yacht. Beginnen Sie den Tag mit einem Besuch der Limnoupoli-Wasserrutschen und begeben Sie sich im weiteren Verlauf des Tages auf eine Jeep-Safari. Nehmen Sie Ihre Lieblingsmenschen mit auf eine Kutschenfahrt oder reiten Sie auf einem Pferd den Strand entlang, w\u00e4hrend Sie die idyllische Umgebung genie\u00dfen.<\/p>\n<h3 style=\"text-align: center;\">Outdoor-Aktivit\u00e4ten in Chania<\/h3>\n<p>\u2022 Tauchen &amp; Schnorcheln<br \/>\n\u2022 Bootsausfl\u00fcge &amp; Schnorcheln<br \/>\n\u2022 Reiten<br \/>\n\u2022 Jeep Safari<br \/>\n\u2022 Jachtsegeln<br \/>\n\u2022 Pferdekutschenfahrten<br \/>\n\u2022 Limnoupoli Wasserrutschen<\/p>\n<h3>Tauchen &amp; Schnorcheln<\/h3>\n<p>Entdecken Sie unsere beliebteste Aktivit\u00e4t, das Scuba Diving. Diese ist f\u00fcr Menschen gedacht, die neugierig auf das Tauchen sind und diesen Sport in einer sicheren und freundlichen Umgebung ausprobieren m\u00f6chten. Der Kurs dauert ca. drei Stunden, in denen der Anf\u00e4nger grundlegende Tauchf\u00e4higkeiten und -theorie erlernt, bevor er unter der direkten Aufsicht unserer PADI Instruktoren einen Tauchgang von ca. 45 Minuten unternimmt. Obwohl Scuba Diving als Fun-Sportart gilt, ist die Sicherheit von entscheidender Bedeutung und so sorgen unsere kompetenten Tauchlehrer jederzeit f\u00fcr Sicherheit, auch beim Tauchen in einer Tiefe von sechs Metern, wobei zwei Schulem je ein Tauchlehrer.<\/p>\n<h3>Bootsausfl\u00fcge &amp; Schnorcheln<\/h3>\n<p>Dies ist ein Programm f\u00fcr diejenigen, die es vorziehen, an der Wasseroberfl\u00e4che zu bleiben.<br \/>\nWir bieten eine Schnorcheltour mit professioneller Ausr\u00fcstung, Masken, Flossen und einem Neoprenanzug an, wenn Sie dies bevorzugen. Die Betreuung durch zertifizierte Instruktoren, die Sie w\u00e4hrend der gesamten Zeit im Wasser begleiten, ist ebenfalls m\u00f6glich. Wir werden interessante und sch\u00f6ne Orte besuchen, die ideal zum Schwimmen und Schnorcheln sind und nur per Boot erreichbar sind. 3 Stunden Fahrt in angenehmer Gesellschaft zu unbekannten Orten lenken Sie vom banalen Alltag ab. Erkunden Sie die Unterwasserwelt von oben aus!<\/p>\n<h3>Tauchen im Kiani Beach Resort mit Omega Divers<\/h3>\n<p>Vom Anf\u00e4nger, der zum ersten Mal unter Wasser geht, bis hin zum erfahrenen Taucher k\u00f6nnen wir Ihnen eine lebensver\u00e4ndernde Erfahrung auf Kreta anbieten. Wenn Sie Schnorcheln oder Tauchen ausprobieren m\u00f6chten, schlie\u00dfen Sie sich uns an. Wenn Sie ein qualifizierter Taucher sind, k\u00f6nnen wir Ihnen die besten Tauchg\u00e4nge in Chania anbieten, einschlie\u00dflich der erstaunlichen H\u00f6hle der Elefanten!<\/p>\n<h3>Reiten<\/h3>\n<p>Erleben Sie Kreta auf dem Pferder\u00fccken!<br \/>\nMachen Sie f\u00fcr die besten Urlaubserinnerungen einen aufregenden Strandausflug, eine wundersch\u00f6ne Minisafari und einen entspannten Tagesausflug zu Pferd! Leichte Anf\u00e4ngerwanderungen f\u00fcr unge\u00fcbte Reiter sind ebenfalls m\u00f6glich.<br \/>\nGr\u00fcne H\u00fcgel, Ziegenpfade, Olivenhaine, Kr\u00e4uter und Wildblumen, der einzigartige See von Kournas, die Wasserf\u00e4lle von Argiroupoli, viele kleine freundliche D\u00f6rfer und ein herrlicher Strand machen einen solchen Ausritt zu einem unvergesslichen Erlebnis!<br \/>\nKreta bietet wunderbare M\u00f6glichkeiten zum Reiten und zum aufregenden Galoppieren entlang der Str\u00e4nde. Es gibt morgendliche und abendliche Ausritte auf 3 verschiedenen Niveaus: Anf\u00e4nger, Fortgeschrittene und Profis. Es gibt auch ein spezielles Programm f\u00fcr Kinder, darunter auch gef\u00fchrte Naturwanderungen.<\/p>\n<h3>Jeep Safari<\/h3>\n<p>Machen Sie eine gef\u00fchrte Tour oder einen Tagesausflug durch die kretische Landschaft mit einer Jeep-Safari!<br \/>\nWagen Sie sich mit Ihrem eigenen Jeep in die unber\u00fchrten Gebiete und einzigartigen Landschaften Kretas und erleben Sie zusammen mit Ihrer Familie einen unvergesslichen Tag!<\/p>\n<h3>Jachtsegeln<\/h3>\n<p>Erkunden Sie die wundersch\u00f6ne Insel Kreta, die erstaunlichen Teile der Insel, die mit dem Auto nicht erreichbar sind, und die Str\u00e4nde von Chania mit dem Segelboot. Unser professioneller Skipper wird f\u00fcr ein einzigartiges Erlebnis in den blauen Gew\u00e4ssern des Mittelmeers sorgen. Alles, was Sie tun m\u00fcssen, ist, die Landschaft zu genie\u00dfen! Die Bootsfahrten beginnen in der Regel am alten Hafen. Unsere Ziele sind abgelegene Str\u00e4nde und kleine Inseln rund um die Bucht von Chania. Das Wetter wird die Richtung bestimmen, der wir folgen werden.<\/p>\n<p>W\u00e4hrend dem Ausflug machen wir mehrere Zwischenstopps zum Schwimmen und bieten leichte Snacks, Wein, Bier und alkoholfreie Getr\u00e4nke an.<\/p>\n<h3>Pferdekutschenfahrten<\/h3>\n<p>Machen Sie eine romantische Kutschenfahrt durch das Dorf und genie\u00dfen Sie das Gef\u00fchl<br \/>\nw\u00e4hrend diesem Ausflug.<\/p>\n<h3>Ausflug zu den Wasserrutschen von Limnoupoli<\/h3>\n<p>Nehmen Sie die Kinder mit und erleben Sie einen Tag voller Spa\u00df mit den Wasserabenteuern der Wasserrutschen von Limnoupoli! Bereiten Sie sich auf viel Aufregung, Wirbel, Spritzer und Lachen vor. Nur 8 km au\u00dferhalb von Chania befindet sich in einer \u00fcppigen Landschaft ein vollst\u00e4ndiges \u201eSpa\u00dfland\u201c voller faszinierender Wasserspiele. In Limnoupoli wird jeder wieder zum Kind!<\/p>\n","protected":false},"excerpt":{"rendered":"<p>Spa\u00df &amp; unterhaltsame Aktivit\u00e4ten in Chania Die SeaCrete Hotels garantieren verschiedene Unterhaltungsm\u00f6glichkeiten sowie eine Vielzahl von unterhaltsamen und angenehmen Aktivit\u00e4ten <\/p>\n","protected":false},"author":1,"featured_media":0,"parent":0,"menu_order":0,"comment_status":"closed","ping_status":"closed","template":"templates\/template--experience.php","meta":[],"acf":[],"_links":{"self":[{"href":"https:\/\/old.seacretehotels.com\/de\/wp-json\/wp\/v2\/pages\/47489"}],"collection":[{"href":"https:\/\/old.seacretehotels.com\/de\/wp-json\/wp\/v2\/pages"}],"about":[{"href":"https:\/\/old.seacretehotels.com\/de\/wp-json\/wp\/v2\/types\/page"}],"author":[{"embeddable":true,"href":"https:\/\/old.seacretehotels.com\/de\/wp-json\/wp\/v2\/users\/1"}],"replies":[{"embeddable":true,"href":"https:\/\/old.seacretehotels.com\/de\/wp-json\/wp\/v2\/comments?post=47489"}],"version-history":[{"count":6,"href":"https:\/\/old.seacretehotels.com\/de\/wp-json\/wp\/v2\/pages\/47489\/revisions"}],"predecessor-version":[{"id":51058,"href":"https:\/\/old.seacretehotels.com\/de\/wp-json\/wp\/v2\/pages\/47489\/revisions\/51058"}],"wp:attachment":[{"href":"https:\/\/old.seacretehotels.com\/de\/wp-json\/wp\/v2\/media?parent=47489"}],"curies":[{"name":"wp","href":"https:\/\/api.w.org\/{rel}","templated":true}]}}